{"id":14841,"date":"2024-12-13T14:46:46","date_gmt":"2024-12-13T19:46:46","guid":{"rendered":"https:\/\/choicewp.joeyai.app\/?page_id=14841"},"modified":"2024-12-13T15:40:47","modified_gmt":"2024-12-13T20:40:47","slug":"dominoes","status":"publish","type":"page","link":"https:\/\/choicewp.joeyai.app\/fr\/dominoes\/","title":{"rendered":"Dominoes"},"content":{"rendered":"\n        \t\t<div class=\"component-container block--light\">\n\t\t\t<div  class=\"container\">\n\t\t\t\t<div  class=\"page-strip page-strip--background animated-element\" data-animate=\"opacity-in\">\n\t\t\t\t\t<div class=\"page-strip__background-image parallax\" style=\"background-image: url(https:\/\/choicewp.joeyai.app\/wp-content\/uploads\/2024\/12\/500-Lakeshore-Blvd-W-ON-Toronto-Dominoes-32120-32121-32122-38-scaled.jpg)\"><\/div>\n\t\t\t\t\t<div class=\"page-strip__overlay\" style=\"background-image: linear-gradient(rgba(0, 0, 0, 0.6), rgba(0, 0, 0, 0.6));\"><\/div>\n\t\t\t\t\t<div class=\"row centered\">\n\t\t\t\t\t\t\t<div class=\"col-sm-12 col-md-10 col-lg-8 col-xl-7\">\n\t\t\t\t\t\t\t\t\t\t\t\t\t\t\t\t\t<div class=\"eyebrow animated-element\" data-animate=\"slide-in\">Pr\u00e9sent\u00e9 par Propri\u00e9t\u00e9s de Choix et The Bentway<\/div>\n\t\t\t\t\t\t\t\t\n\t\t\t\t\t\t\t\t\t\t\t\t\t\t\t\t\t<h2 class=\"heading-two animated-element\" data-animate=\"slide-in\">Dominoes arrive en Am\u00e9rique du Nord<\/h2>\n\t\t\t\t\t\t\t\t\n\t\t\t\t\t\t\t\t<div class=\"page-strip__innerblock animated-element\" data-animate=\"slide-in\">\n\t\t\t\t\t\t\t\t\t\n\t\t\t\t\t\t\t<div class=\"text-left\">\n\t\t\t\t\t\n<p>Propri\u00e9t\u00e9s de Choix est ravie de s\u2019associer \u00e0 The Bentway pour amener Dominoes, un important projet d\u2019art public et de construction communautaire, \u00e0 Toronto cet automne. Cr\u00e9\u00e9e par la Station House Opera, une entreprise de renomm\u00e9e mondiale, Dominoes est une sculpture mobile plus grande que nature qui unit les r\u00e9sidents locaux dans une cause commune : installer et faire cascader plus de 8 000 dominos de taille humaine dans un parcours \u00e9pique de 2,5 km dans les quartiers du centre-ville, y compris le West Block!<\/p>\n\t\t\t\t<\/div>\n\t\t\t\t\t\t\n\n\n<div class=\"wp-block-button is-style-fill--accent cpr-button\"><a class=\"wp-block-button__link wp-element-button\" href=\"https:\/\/thebentway.ca\/stories\/how-to-dominoes\/\">Afficher l\u2019itin\u00e9raire complet de Dominoes<svg class=\"icon-for-button\"><use xlink:href=\"#icon-arrow\"><\/use><\/svg><\/a><\/div>\n\n\t\t\t\t\t\t\t\t<\/div>\n\t\t\t\t\t\t\t<\/div>\n\t\t\t\t\t<\/div>\n\t\t\t\t<\/div>\n\t\t\t<\/div>\n\t\t<\/div>\n\t\t\n        \n\t\t<div class=\"component-container block--light\">\n\t\t\t<div class=\"container\">\n\t\t\t\t<div class=\"row centered\">\n\t\t\t\t\t<div class=\"col-xxs-12 col-md-10 col-lg-9 col-xl-7\">\n\t\t\t\t\t\t<div class=\"body-copy__content\">\n\t\t\t\t\t\t\t\n<h4 class=\"heading-four\">&#8220;L\u2019\u0153uvre Dominoes est une merveilleuse manifestation de notre raison d\u2019\u00eatre : cr\u00e9er des espaces o\u00f9 prosp\u00e9rer et s\u2019\u00e9panouir. Elle offre aux habitants, aux entreprises et aux organisations \u00e0 but non lucratif une exp\u00e9rience commune et enrichissante qui leur permet de profiter de leur environnement et de tisser des liens les uns avec les autres. Nous sommes ravis d\u2019amener Dominoes pour la premi\u00e8re fois en Am\u00e9rique du Nord et de faire participer nos coll\u00e8gues \u00e0 titre de b\u00e9n\u00e9voles. Nous invitons la ville \u00e0 sortir et \u00e0 assister \u00e0 ce moment magique.&#8221;<\/h4>\n\n\t\t\t\t\t\t\t<div class=\"text-left\">\n\t\t\t\t\t\n<p>&#8211; Orit Sarfaty, VP, D\u00e9veloppement durable et am\u00e9nagement<\/p>\n\t\t\t\t<\/div>\n\t\t\t\t\t\t\n\t\t\t\t\t\t<\/div>\n\t\t\t\t\t<\/div>\n\t\t\t\t<\/div>\n\t\t\t<\/div>\n\t\t<\/div>\n\n\t\t        <div class=\"component-container\" >\n          <div class=\"container\">\n            <div class=\"video-block \">\n                            \n<figure class=\"wp-block-embed is-type-video is-provider-vimeo wp-block-embed-vimeo wp-embed-aspect-16-9 wp-has-aspect-ratio\"><div class=\"wp-block-embed__wrapper\">\n<iframe title=\"Dominoes at West Block\" src=\"https:\/\/player.vimeo.com\/video\/1016873790?h=538e46ce99&amp;dnt=1&amp;app_id=122963\" frameborder=\"0\"><\/iframe>\n<\/div><\/figure>\n            <\/div>\n                      <\/div>\n        <\/div>\n        \n      <div  class=\"component-container detail-columns__container block--dark\">\n        <div class=\"container\">\n          <div class=\"column-container accent-color-override \">\n                      <h2 class=\"text-center heading-two\">Dominoes dans le West Block<\/h2>\n                      <div class=\"row centered\">\n                \n        <div class=\"col-xxs-12 col-sm-6 col-lg-4\">\n          <div class=\"details-column__content\">\n                                    <p>West Block<\/p>\n                        \n\t\t\t\t\t\t\t<div class=\"text-left\">\n\t\t\t\t\t\n<p>visitez le West Block au 500, Lake Shore Blvd W, Toronto (Ontario), pour profiter de jeux gratuits pour toute la famille, d\u2019un musicien sur place et d\u2019un march\u00e9 \u00e9ph\u00e9m\u00e8re de fournisseurs autochtones<\/p>\n\t\t\t\t<\/div>\n\t\t\t\t\t\t\n            <span class=\"is-accent-color faux-hr\"><\/span>\n          <\/div>\n        <\/div>\n        \n\n        <div class=\"col-xxs-12 col-sm-6 col-lg-4\">\n          <div class=\"details-column__content\">\n                                    <p>22 septembre<\/p>\n                        \n\t\t\t\t\t\t\t<div class=\"text-left\">\n\t\t\t\t\t\n<p>les activit\u00e9s se d\u00e9roulent au West Block le dimanche 22 septembre, entre 13 h et 16 h.<\/p>\n\t\t\t\t<\/div>\n\t\t\t\t\t\t\n            <span class=\"is-accent-color faux-hr\"><\/span>\n          <\/div>\n        <\/div>\n        \n\n        <div class=\"col-xxs-12 col-sm-6 col-lg-4\">\n          <div class=\"details-column__content\">\n                                    <p>Impliquez-vous<\/p>\n                        \n\t\t\t\t\t\t\t<div class=\"text-left\">\n\t\t\t\t\t\n<p>nous sommes \u00e0 la recherche de plus de 250 b\u00e9n\u00e9voles pour donner vie \u00e0 Dominoes!<br><br><a href=\"https:\/\/thebentway.ca\/news\/join-the-dominoes-team-volunteer-with-us\/\"><strong>Cliquez ici pour vous inscrire.<\/strong><\/a><\/p>\n\t\t\t\t<\/div>\n\t\t\t\t\t\t\n            <span class=\"is-accent-color faux-hr\"><\/span>\n          <\/div>\n        <\/div>\n        \n            <\/div>\n          <\/div>\n        <\/div>\n      <\/div>\n\n        \t<div class=\"component-container image-text__container block--light\">\n\t<div class=\"container\">\n\t\t\t\t<div class=\"row centered   \">\n\t\t\t\t\t<div class=\"col-xxs-10 col-sm-8 col-md-7 col-lg-6 col-xl-5 col-v-center\">\n\t\t\t\t\t\t\t\t\t\t\t\t<div class=\"image-text__image image--circle animated-element\" data-animate=\"opacity-in\" style=\"background-image: url(https:\/\/choicewp.joeyai.app\/wp-content\/uploads\/2024\/12\/Dominoes-Event-2024-22-1024x683.jpg)\"><\/div>\n\t\t\t\t\t\t\t\t\t\t\t<\/div>\n\t\t\t\t\t<div class=\"col-lg-1 col-xl-1\"><\/div>\n\t\t\t\t\t<div class=\"col-xxs-12 col-lg-5 col-xl-5 col-v-center\">\n\t\t\t\t\t\t<div class=\"image-text__content animated-element\" data-animate=\"slide-in\">\n\t\t\t\t\t\t\t\t\t\t\t\t\t\t\t<strong class=\"has-accent-color eyebrow\">Exclusivement dans le West Block<\/strong>\n\t\t\t\t\t\t\t\n\t\t\t\t\t\t\t\t\t\t\t\t\t\t\t<h2 class=\"heading-one\">Jeux gratuits<\/h2>\n\t\t\t\t\t\t\t\n\t\t\t\t\t\t\t                    \t\t\t\t\t\t\t<div class=\"text-left\">\n\t\t\t\t\t\n<p>Jouez \u00e0 un jeu amical de jenga ou de balles en \u00e9chelle avec vos voisins<\/p>\n\t\t\t\t<\/div>\n\t\t\t\t\t\t\t\t\t\t\t\t\t\t\t\t\t\t\t<\/div>\n\t\t\t\t\t<\/div>\n\t\t\t\t\t<div class=\"col-lg-0 col-xl-1\"><\/div>\n\t\t\t\t<\/div><!-- end row -->\n\t<\/div><!-- end container -->\n\t<\/div><!-- end image-text__container -->\n        \t<div class=\"component-container image-text__container block--light\">\n\t<div class=\"container\">\n\t\t\t\t<div class=\"row centered  reverse \">\n\t\t\t\t\t<div class=\"col-xxs-10 col-sm-8 col-md-7 col-lg-6 col-xl-5 col-v-center\">\n\t\t\t\t\t\t\t\t\t\t\t\t<div class=\"image-text__image image--circle animated-element\" data-animate=\"opacity-in\" style=\"background-image: url(https:\/\/choicewp.joeyai.app\/wp-content\/uploads\/2024\/12\/Dominoes-Event-2024-6-1024x683.jpg)\"><\/div>\n\t\t\t\t\t\t\t\t\t\t\t<\/div>\n\t\t\t\t\t<div class=\"col-lg-1 col-xl-1\"><\/div>\n\t\t\t\t\t<div class=\"col-xxs-12 col-lg-5 col-xl-5 col-v-center\">\n\t\t\t\t\t\t<div class=\"image-text__content animated-element\" data-animate=\"slide-in\">\n\t\t\t\t\t\t\t\t\t\t\t\t\t\t\t<strong class=\"has-accent-color eyebrow\">Exclusivement dans le West Block<\/strong>\n\t\t\t\t\t\t\t\n\t\t\t\t\t\t\t\t\t\t\t\t\t\t\t<h2 class=\"heading-one\">March\u00e9 autochtone<\/h2>\n\t\t\t\t\t\t\t\n\t\t\t\t\t\t\t                    \t\t\t\t\t\t\t<div class=\"text-left\">\n\t\t\t\t\t\n<p>Visitez notre march\u00e9 \u00e9ph\u00e9m\u00e8re de fournisseurs autochtones et d\u00e9couvrez les cr\u00e9ations de <a href=\"https:\/\/pachaarts.com\/\">Pacha Arts<\/a>, <a href=\"https:\/\/medicine-cloak-crafts.square.site\/\">Medicine Cloak Crafts<\/a>, <a href=\"https:\/\/wandering-wolf-crafts.square.site\/\">Wandering Wolf Crafts<\/a>, <a href=\"https:\/\/sunheartrises.square.site\/\">SunHeart Rises<\/a>, et <a href=\"https:\/\/preandperi.ca\/\">Pre&amp;Peri<\/a><\/p>\n\t\t\t\t<\/div>\n\t\t\t\t\t\t\t\t\t\t\t\t\t\t\t\t\t\t\t<\/div>\n\t\t\t\t\t<\/div>\n\t\t\t\t\t<div class=\"col-lg-0 col-xl-1\"><\/div>\n\t\t\t\t<\/div><!-- end row -->\n\t<\/div><!-- end container -->\n\t<\/div><!-- end image-text__container -->\n        \t<div class=\"component-container image-text__container block--light\">\n\t<div class=\"container\">\n\t\t\t\t<div class=\"row centered   \">\n\t\t\t\t\t<div class=\"col-xxs-10 col-sm-8 col-md-7 col-lg-6 col-xl-5 col-v-center\">\n\t\t\t\t\t\t\t\t\t\t\t\t<div class=\"image-text__image image--circle animated-element\" data-animate=\"opacity-in\" style=\"background-image: url(https:\/\/choicewp.joeyai.app\/wp-content\/uploads\/2024\/12\/Dominoes-Event-2024-13-1024x683.jpg)\"><\/div>\n\t\t\t\t\t\t\t\t\t\t\t<\/div>\n\t\t\t\t\t<div class=\"col-lg-1 col-xl-1\"><\/div>\n\t\t\t\t\t<div class=\"col-xxs-12 col-lg-5 col-xl-5 col-v-center\">\n\t\t\t\t\t\t<div class=\"image-text__content animated-element\" data-animate=\"slide-in\">\n\t\t\t\t\t\t\t\t\t\t\t\t\t\t\t<strong class=\"has-accent-color eyebrow\">Exclusivement dans le West Block<\/strong>\n\t\t\t\t\t\t\t\n\t\t\t\t\t\t\t\t\t\t\t\t\t\t\t<h2 class=\"heading-one\">Musique live<\/h2>\n\t\t\t\t\t\t\t\n\t\t\t\t\t\t\t                    \t\t\t\t\t\t\t<div class=\"text-left\">\n\t\t\t\t\t\n<p>Assistez \u00e0 la performance musicale d\u2019<a href=\"https:\/\/aaronridgemusic.com\/home\">Aaron Ridge<\/a> &#8211; un artiste de R&amp;B n\u00e9 \u00e0 Toronto<\/p>\n\t\t\t\t<\/div>\n\t\t\t\t\t\t\t\t\t\t\t\t\t\t\t\t\t\t\t<\/div>\n\t\t\t\t\t<\/div>\n\t\t\t\t\t<div class=\"col-lg-0 col-xl-1\"><\/div>\n\t\t\t\t<\/div><!-- end row -->\n\t<\/div><!-- end container -->\n\t<\/div><!-- end image-text__container -->\n        \n\t\t<div class=\"component-container block--light\">\n\t\t\t<div class=\"container\">\n\t\t\t\t<div class=\"page-strip page-strip-accent  accent-color-override accent-color-purple  animated-element\" data-animate=\"opacity-in\">\n\t\t\t\t\t<div class=\"row centered\">\n\n\t\t\t\t\t\t<div class=\"col-sm-12 col-md-10 col-lg-8 col-xl-7\">\n\t\t\t\t\t\t\t\n\t\t\t\t\t\t\t\t\t\t\t\t\t\t\t<h2 class=\"has-accent-color heading-two animated-element\" data-animate=\"slide-in\">Impact social<\/h2>\n\t\t\t\t\t\t\t\n\t\t\t\t\t\t\t<div class=\"page-strip__innerblocks animated-element\" data-animate=\"slide-in\">\n\t\t\t\t\t\t\t\n\t\t\t\t\t\t\t<div class=\"text-left\">\n\t\t\t\t\t\n<p>\u00c0 une \u00e9poque o\u00f9 43 % des Canadiens ne voient jamais leurs voisins, cet \u00e9v\u00e9nement rassemble plus de 250 b\u00e9n\u00e9voles locaux et des milliers de membres du public, reliant \u00e0 la fois les espaces publics vitaux et les gens qui les habitent.<\/p>\n\t\t\t\t<\/div>\n\t\t\t\t\t\t\n\n\n<div class=\"wp-block-button is-style-fill--accent cpr-button\"><a class=\"wp-block-button__link wp-element-button\" href=\"http:\/\/www.choicereit.ca\/choice-cares\">En savoir plus sur notre programme d\u2019impact social<svg class=\"icon-for-button\"><use xlink:href=\"#icon-arrow\"><\/use><\/svg><\/a><\/div>\n\n\t\t\t\t\t\t\t<\/div>\n\t\t\t\t\t\t<\/div>\n\n\t\t\t\t\t<\/div>\n\t\t\t\t<\/div>\n\t\t\t<\/div>\n\t\t<\/div>\n\n        ","protected":false},"excerpt":{"rendered":"","protected":false},"author":24,"featured_media":0,"parent":0,"menu_order":0,"comment_status":"closed","ping_status":"closed","template":"","meta":{"accent-color-admin":"","header_style":"","accent-color":"accent-color-red","header_eyebrow":"","header_center":"","header_excerpt":"","header_title":"","header_button_text":"","header_button_link":"","header_button_icon":"","first_item_spacing":"","news_release_detail":"","footnotes":""},"class_list":["post-14841","page","type-page","status-publish","hentry"],"yoast_head":"<!-- This site is optimized with the Yoast SEO plugin v24.9 - https:\/\/yoast.com\/wordpress\/plugins\/seo\/ -->\r\n<title>Dominoes - Choice Properties<\/title>\r\n<meta name=\"robots\" content=\"noindex, follow, max-snippet:-1, max-image-preview:large, max-video-preview:-1\" \/>\r\n<meta property=\"og:locale\" content=\"fr_FR\" \/>\r\n<meta property=\"og:type\" content=\"article\" \/>\r\n<meta property=\"og:title\" content=\"Dominoes - Choice Properties\" \/>\r\n<meta property=\"og:url\" content=\"https:\/\/choicewp.joeyai.app\/dominoes\/\" \/>\r\n<meta property=\"og:site_name\" content=\"Choice Properties\" \/>\r\n<meta property=\"article:modified_time\" content=\"2024-12-13T20:40:47+00:00\" \/>\r\n<meta name=\"twitter:card\" content=\"summary_large_image\" \/>\r\n<meta name=\"twitter:label1\" content=\"Est. reading time\" \/>\n\t<meta name=\"twitter:data1\" content=\"2 minutes\" \/>\r\n<script type=\"application\/ld+json\" class=\"yoast-schema-graph\">{\"@context\":\"https:\/\/schema.org\",\"@graph\":[{\"@type\":\"WebPage\",\"@id\":\"https:\/\/choicewp.joeyai.app\/dominoes\/\",\"url\":\"https:\/\/choicewp.joeyai.app\/dominoes\/\",\"name\":\"Dominoes - Choice Properties\",\"isPartOf\":{\"@id\":\"https:\/\/choicewp.joeyai.app\/#website\"},\"datePublished\":\"2024-12-13T19:46:46+00:00\",\"dateModified\":\"2024-12-13T20:40:47+00:00\",\"breadcrumb\":{\"@id\":\"https:\/\/choicewp.joeyai.app\/dominoes\/#breadcrumb\"},\"inLanguage\":\"fr-FR\",\"potentialAction\":[{\"@type\":\"ReadAction\",\"target\":[\"https:\/\/choicewp.joeyai.app\/dominoes\/\"]}]},{\"@type\":\"BreadcrumbList\",\"@id\":\"https:\/\/choicewp.joeyai.app\/dominoes\/#breadcrumb\",\"itemListElement\":[{\"@type\":\"ListItem\",\"position\":1,\"name\":\"Home\",\"item\":\"https:\/\/choicewp.joeyai.app\/fr\/\"},{\"@type\":\"ListItem\",\"position\":2,\"name\":\"Dominoes\"}]},{\"@type\":\"WebSite\",\"@id\":\"https:\/\/choicewp.joeyai.app\/#website\",\"url\":\"https:\/\/choicewp.joeyai.app\/\",\"name\":\"Choice Properties\",\"description\":\"Places People Thrive\",\"publisher\":{\"@id\":\"https:\/\/choicewp.joeyai.app\/#organization\"},\"potentialAction\":[{\"@type\":\"SearchAction\",\"target\":{\"@type\":\"EntryPoint\",\"urlTemplate\":\"https:\/\/choicewp.joeyai.app\/?s={search_term_string}\"},\"query-input\":{\"@type\":\"PropertyValueSpecification\",\"valueRequired\":true,\"valueName\":\"search_term_string\"}}],\"inLanguage\":\"fr-FR\"},{\"@type\":\"Organization\",\"@id\":\"https:\/\/choicewp.joeyai.app\/#organization\",\"name\":\"Choice Properties\",\"url\":\"https:\/\/choicewp.joeyai.app\/\",\"logo\":{\"@type\":\"ImageObject\",\"inLanguage\":\"fr-FR\",\"@id\":\"https:\/\/choicewp.joeyai.app\/#\/schema\/logo\/image\/\",\"url\":\"https:\/\/choicewp.joeyai.app\/wp-content\/uploads\/2021\/03\/cropped-Choice-Properties-Image-Primary-Red-Grey-1.png\",\"contentUrl\":\"https:\/\/choicewp.joeyai.app\/wp-content\/uploads\/2021\/03\/cropped-Choice-Properties-Image-Primary-Red-Grey-1.png\",\"width\":4143,\"height\":785,\"caption\":\"Choice Properties\"},\"image\":{\"@id\":\"https:\/\/choicewp.joeyai.app\/#\/schema\/logo\/image\/\"},\"sameAs\":[\"https:\/\/www.instagram.com\/choicereit\/\",\"https:\/\/www.linkedin.com\/company\/choicereit\/\"]}]}<\/script>\r\n<!-- \/ Yoast SEO plugin. -->","yoast_head_json":{"title":"Dominoes - Choice Properties","robots":{"index":"noindex","follow":"follow","max-snippet":"max-snippet:-1","max-image-preview":"max-image-preview:large","max-video-preview":"max-video-preview:-1"},"og_locale":"fr_FR","og_type":"article","og_title":"Dominoes - Choice Properties","og_url":"https:\/\/choicewp.joeyai.app\/dominoes\/","og_site_name":"Choice Properties","article_modified_time":"2024-12-13T20:40:47+00:00","twitter_card":"summary_large_image","twitter_misc":{"Est. reading time":"2 minutes"},"schema":{"@context":"https:\/\/schema.org","@graph":[{"@type":"WebPage","@id":"https:\/\/choicewp.joeyai.app\/dominoes\/","url":"https:\/\/choicewp.joeyai.app\/dominoes\/","name":"Dominoes - Choice Properties","isPartOf":{"@id":"https:\/\/choicewp.joeyai.app\/#website"},"datePublished":"2024-12-13T19:46:46+00:00","dateModified":"2024-12-13T20:40:47+00:00","breadcrumb":{"@id":"https:\/\/choicewp.joeyai.app\/dominoes\/#breadcrumb"},"inLanguage":"fr-FR","potentialAction":[{"@type":"ReadAction","target":["https:\/\/choicewp.joeyai.app\/dominoes\/"]}]},{"@type":"BreadcrumbList","@id":"https:\/\/choicewp.joeyai.app\/dominoes\/#breadcrumb","itemListElement":[{"@type":"ListItem","position":1,"name":"Home","item":"https:\/\/choicewp.joeyai.app\/fr\/"},{"@type":"ListItem","position":2,"name":"Dominoes"}]},{"@type":"WebSite","@id":"https:\/\/choicewp.joeyai.app\/#website","url":"https:\/\/choicewp.joeyai.app\/","name":"Choice Properties","description":"Places People Thrive","publisher":{"@id":"https:\/\/choicewp.joeyai.app\/#organization"},"potentialAction":[{"@type":"SearchAction","target":{"@type":"EntryPoint","urlTemplate":"https:\/\/choicewp.joeyai.app\/?s={search_term_string}"},"query-input":{"@type":"PropertyValueSpecification","valueRequired":true,"valueName":"search_term_string"}}],"inLanguage":"fr-FR"},{"@type":"Organization","@id":"https:\/\/choicewp.joeyai.app\/#organization","name":"Choice Properties","url":"https:\/\/choicewp.joeyai.app\/","logo":{"@type":"ImageObject","inLanguage":"fr-FR","@id":"https:\/\/choicewp.joeyai.app\/#\/schema\/logo\/image\/","url":"https:\/\/choicewp.joeyai.app\/wp-content\/uploads\/2021\/03\/cropped-Choice-Properties-Image-Primary-Red-Grey-1.png","contentUrl":"https:\/\/choicewp.joeyai.app\/wp-content\/uploads\/2021\/03\/cropped-Choice-Properties-Image-Primary-Red-Grey-1.png","width":4143,"height":785,"caption":"Choice Properties"},"image":{"@id":"https:\/\/choicewp.joeyai.app\/#\/schema\/logo\/image\/"},"sameAs":["https:\/\/www.instagram.com\/choicereit\/","https:\/\/www.linkedin.com\/company\/choicereit\/"]}]}},"_links":{"self":[{"href":"https:\/\/choicewp.joeyai.app\/fr\/wp-json\/wp\/v2\/pages\/14841","targetHints":{"allow":["GET"]}}],"collection":[{"href":"https:\/\/choicewp.joeyai.app\/fr\/wp-json\/wp\/v2\/pages"}],"about":[{"href":"https:\/\/choicewp.joeyai.app\/fr\/wp-json\/wp\/v2\/types\/page"}],"author":[{"embeddable":true,"href":"https:\/\/choicewp.joeyai.app\/fr\/wp-json\/wp\/v2\/users\/24"}],"replies":[{"embeddable":true,"href":"https:\/\/choicewp.joeyai.app\/fr\/wp-json\/wp\/v2\/comments?post=14841"}],"version-history":[{"count":2,"href":"https:\/\/choicewp.joeyai.app\/fr\/wp-json\/wp\/v2\/pages\/14841\/revisions"}],"predecessor-version":[{"id":14849,"href":"https:\/\/choicewp.joeyai.app\/fr\/wp-json\/wp\/v2\/pages\/14841\/revisions\/14849"}],"wp:attachment":[{"href":"https:\/\/choicewp.joeyai.app\/fr\/wp-json\/wp\/v2\/media?parent=14841"}],"curies":[{"name":"wp","href":"https:\/\/api.w.org\/{rel}","templated":true}]}}