{"id":14855,"date":"2024-12-06T13:26:11","date_gmt":"2024-12-06T18:26:11","guid":{"rendered":"https:\/\/choicewp.joeyai.app\/?page_id=14855"},"modified":"2024-12-23T10:14:55","modified_gmt":"2024-12-23T15:14:55","slug":"aire-de-jeux-pour-chiens-redway","status":"publish","type":"page","link":"https:\/\/choicewp.joeyai.app\/fr\/aire-de-jeux-pour-chiens-redway\/","title":{"rendered":"Aire de jeux pour chiens Redway"},"content":{"rendered":"\n      <div  class=\"component-container detail-columns__container block--light\">\n        <div class=\"container\">\n          <div class=\"column-container accent-color-override \">\n                      <h2 class=\"text-center heading-two\">Caract\u00e9ristiques du parc pour chiens<\/h2>\n                      <div class=\"row centered\">\n                \n        <div class=\"col-xxs-12 col-sm-6 col-lg-4\">\n          <div class=\"details-column__content\">\n                                    <p>2 000 pi2<\/p>\n                        \n\t\t\t\t\t\t\t<div class=\"text-left\">\n\t\t\t\t\t\n<p>Parc pour chiens \u00e0 c\u00f4t\u00e9 de l&#8217;\u00e9picerie Loblaws<\/p>\n\t\t\t\t<\/div>\n\t\t\t\t\t\t\n            <span class=\"is-accent-color faux-hr\"><\/span>\n          <\/div>\n        <\/div>\n        \n\n        <div class=\"col-xxs-12 col-sm-6 col-lg-4\">\n          <div class=\"details-column__content\">\n                                    <p>Chiens de toutes taillesof All Sizes<\/p>\n                        \n\t\t\t\t\t\t\t<div class=\"text-left\">\n\t\t\t\t\t\n<p>Parcs distincts con\u00e7us pour les grands et les petits chiens, avec des surfaces adapt\u00e9es \u00e0 leurs pattes<\/p>\n\t\t\t\t<\/div>\n\t\t\t\t\t\t\n            <span class=\"is-accent-color faux-hr\"><\/span>\n          <\/div>\n        <\/div>\n        \n\n        <div class=\"col-xxs-12 col-sm-6 col-lg-4\">\n          <div class=\"details-column__content\">\n                                    <p>Double cl\u00f4ture<\/p>\n                        \n\t\t\t\t\t\t\t<div class=\"text-left\">\n\t\t\t\t\t\n<p>Entr\u00e9e \u00e0 double cl\u00f4ture pour assurer la s\u00e9curit\u00e9 de vos animaux<\/p>\n\t\t\t\t<\/div>\n\t\t\t\t\t\t\n            <span class=\"is-accent-color faux-hr\"><\/span>\n          <\/div>\n        <\/div>\n        \n\n        <div class=\"col-xxs-12 col-sm-6 col-lg-4\">\n          <div class=\"details-column__content\">\n                                    <p>Si\u00e8ges<\/p>\n                        \n\t\t\t\t\t\t\t<div class=\"text-left\">\n\t\t\t\t\t\n<p>Si\u00e8ges pour les propri\u00e9taires et sections ombrag\u00e9es<\/p>\n\t\t\t\t<\/div>\n\t\t\t\t\t\t\n            <span class=\"is-accent-color faux-hr\"><\/span>\n          <\/div>\n        <\/div>\n        \n\n        <div class=\"col-xxs-12 col-sm-6 col-lg-4\">\n          <div class=\"details-column__content\">\n                                    <p>\u00c9clairage<\/p>\n                        \n\t\t\t\t\t\t\t<div class=\"text-left\">\n\t\t\t\t\t\n<p>\u00c9clairage \u00e0 \u00e9nergie solaire<\/p>\n\t\t\t\t<\/div>\n\t\t\t\t\t\t\n            <span class=\"is-accent-color faux-hr\"><\/span>\n          <\/div>\n        <\/div>\n        \n\n        <div class=\"col-xxs-12 col-sm-6 col-lg-4\">\n          <div class=\"details-column__content\">\n                                    <p>\u00c9limination des d\u00e9chets<\/p>\n                        \n\t\t\t\t\t\t\t<div class=\"text-left\">\n\t\t\t\t\t\n<p>Zones d&#8217;\u00e9limination des d\u00e9chets pour que l&#8217;espace reste propre et agr\u00e9able pour tous<\/p>\n\t\t\t\t<\/div>\n\t\t\t\t\t\t\n            <span class=\"is-accent-color faux-hr\"><\/span>\n          <\/div>\n        <\/div>\n        \n            <\/div>\n          <\/div>\n        <\/div>\n      <\/div>\n\n                <div class=\"component-container\" >\n          <div class=\"container\">\n            <div class=\"video-block \">\n                            \n<figure class=\"wp-block-embed is-type-video is-provider-vimeo wp-block-embed-vimeo wp-embed-aspect-9-16 wp-has-aspect-ratio\"><div class=\"wp-block-embed__wrapper\">\n<iframe title=\"Redway Dog Run Teaser\" src=\"https:\/\/player.vimeo.com\/video\/1037517087?dnt=1&amp;app_id=122963\" frameborder=\"0\"><\/iframe>\n<\/div><\/figure>\n            <\/div>\n                      <\/div>\n        <\/div>\n        \n      <div  class=\"component-container detail-columns__container block--light\">\n        <div class=\"container\">\n          <div class=\"column-container accent-color-override \">\n                      <h2 class=\"text-center heading-two\">F\u00eate de lancement du parc \u00e0 chiens de Redway<\/h2>\n                      <div class=\"row centered\">\n                \n        <div class=\"col-xxs-12 col-sm-6 col-lg-4\">\n          <div class=\"details-column__content\">\n                                    <p>11, Redway Road<\/p>\n                        \n\t\t\t\t\t\t\t<div class=\"text-left\">\n\t\t\t\t\t\n<p>Amenez votre ami \u00e0 quatre pattes \u00e0 l\u2019ouverture officielle de notre nouveau parc \u00e0 chiens sans laisse situ\u00e9e au 11, Redway Road, Toronto (Ontario) M4H 1P6<\/p>\n\t\t\t\t<\/div>\n\t\t\t\t\t\t\n            <span class=\"is-accent-color faux-hr\"><\/span>\n          <\/div>\n        <\/div>\n        \n\n        <div class=\"col-xxs-12 col-sm-6 col-lg-4\">\n          <div class=\"details-column__content\">\n                                    <p>15 d\u00e9cembre<\/p>\n                        \n\t\t\t\t\t\t\t<div class=\"text-left\">\n\t\t\t\t\t\n<p>La f\u00eate de lancement aura lieu le dimanche 15 d\u00e9cembre 2024 entre 12 h et 15 h HE.<br><br><strong>Les 200 premiers chiens recevront un cadeau!<\/strong><\/p>\n\t\t\t\t<\/div>\n\t\t\t\t\t\t\n            <span class=\"is-accent-color faux-hr\"><\/span>\n          <\/div>\n        <\/div>\n        \n\n        <div class=\"col-xxs-12 col-sm-6 col-lg-4\">\n          <div class=\"details-column__content\">\n                                    <p>Photos avec le p\u00e8re No\u00ebl<\/p>\n                        \n\t\t\t\t\t\t\t<div class=\"text-left\">\n\t\t\t\t\t\n<p>Votre chien pourra prendre une photo avec le p\u00e8re No\u00ebl gratuitement!<br><br><strong><a href=\"https:\/\/www.eventbrite.ca\/e\/redway-dog-run-launch-party-tickets-1100642474269\">Cliquez ici pour vous inscrire d\u00e8s maintenant!<\/a><\/strong><\/p>\n\t\t\t\t<\/div>\n\t\t\t\t\t\t\n            <span class=\"is-accent-color faux-hr\"><\/span>\n          <\/div>\n        <\/div>\n        \n            <\/div>\n          <\/div>\n        <\/div>\n      <\/div>\n\n        \t<div class=\"component-container image-text__container block--light\">\n\t<div class=\"container\">\n\t\t\t\t<div class=\"row centered  accent-color-override accent-color-red reverse \">\n\t\t\t\t\t<div class=\"col-xxs-10 col-sm-8 col-md-7 col-lg-6 col-xl-5 col-v-center\">\n\t\t\t\t\t\t\t\t\t\t\t\t<div class=\"image-text__image image--circle animated-element\" data-animate=\"opacity-in\" style=\"background-image: url(https:\/\/choicewp.joeyai.app\/wp-content\/uploads\/2024\/12\/Redway-Dog-Run-Gurdeep-and-Coffee.png)\"><\/div>\n\t\t\t\t\t\t\t\t\t\t\t<\/div>\n\t\t\t\t\t<div class=\"col-lg-1 col-xl-1\"><\/div>\n\t\t\t\t\t<div class=\"col-xxs-12 col-lg-5 col-xl-5 col-v-center\">\n\t\t\t\t\t\t<div class=\"image-text__content animated-element\" data-animate=\"slide-in\">\n\t\t\t\t\t\t\t\n\t\t\t\t\t\t\t\t\t\t\t\t\t\t\t<h2 class=\"heading-one\">Gurdeep Ahluwalia et Coffee<\/h2>\n\t\t\t\t\t\t\t\n\t\t\t\t\t\t\t                    \t\t\t\t\t\t\t<div class=\"text-left\">\n\t\t\t\t\t\n<p>Notre f\u00eate de lancement du parc \u00e0 chiens de Redway sera anim\u00e9e par Gurdeep\u00a0Ahluwalia, <a href=\"https:\/\/www.chfi.com\/shows\/the-pooja-gurdeep-show\/\">animateur de The Pooja and Gurdeep Show sur CHFI<\/a>, et son chien, Coffee!<\/p>\n\t\t\t\t<\/div>\n\t\t\t\t\t\t\t\t\t\t\t\t\t                    \n<div class=\"wp-block-button is-style-fill--accent cpr-button\"><a class=\"wp-block-button__link wp-element-button\" href=\"https:\/\/www.instagram.com\/coffee_the_pooch\/?hl=en\">Instagram de Gurdeep et Coffee<svg class=\"icon-for-button\"><use xlink:href=\"#icon-arrow\"><\/use><\/svg><\/a><\/div>\n\t\t\t\t\t\t\t\t\t\t\t\t\t<\/div>\n\t\t\t\t\t<\/div>\n\t\t\t\t\t<div class=\"col-lg-0 col-xl-1\"><\/div>\n\t\t\t\t<\/div><!-- end row -->\n\t<\/div><!-- end container -->\n\t<\/div><!-- end image-text__container -->\n        \t<div class=\"component-container image-text__container block--light\">\n\t<div class=\"container\">\n\t\t\t\t<div class=\"row centered  accent-color-override accent-color-red  \">\n\t\t\t\t\t<div class=\"col-xxs-10 col-sm-8 col-md-7 col-lg-6 col-xl-5 col-v-center\">\n\t\t\t\t\t\t\t\t\t\t\t\t<div class=\"image-text__image image--circle animated-element\" data-animate=\"opacity-in\" style=\"background-image: url(https:\/\/choicewp.joeyai.app\/wp-content\/uploads\/2024\/12\/Redway-Dog-Run-Santa-Photos-1024x683.jpg)\"><\/div>\n\t\t\t\t\t\t\t\t\t\t\t<\/div>\n\t\t\t\t\t<div class=\"col-lg-1 col-xl-1\"><\/div>\n\t\t\t\t\t<div class=\"col-xxs-12 col-lg-5 col-xl-5 col-v-center\">\n\t\t\t\t\t\t<div class=\"image-text__content animated-element\" data-animate=\"slide-in\">\n\t\t\t\t\t\t\t\n\t\t\t\t\t\t\t\t\t\t\t\t\t\t\t<h2 class=\"heading-one\">Photos gratuites avec le p\u00e8re No\u00ebl<\/h2>\n\t\t\t\t\t\t\t\n\t\t\t\t\t\t\t                    \t\t\t\t\t\t\t<div class=\"text-left\">\n\t\t\t\t\t\n<p>Inscrivez votre ami \u00e0 quatre pattes \u00e0 une prise de photo avec le p\u00e8re No\u00ebl par un photographe professionnel.<\/p>\n\t\t\t\t<\/div>\n\t\t\t\t\t\t\t\t\t\t\t\t\t                    \n<div class=\"wp-block-button is-style-fill--accent cpr-button\"><a class=\"wp-block-button__link wp-element-button\" href=\"https:\/\/www.eventbrite.ca\/e\/redway-dog-run-launch-party-tickets-1100642474269\">S\u2019inscrire aujourd\u2019hui<svg class=\"icon-for-button\"><use xlink:href=\"#icon-arrow\"><\/use><\/svg><\/a><\/div>\n\t\t\t\t\t\t\t\t\t\t\t\t\t<\/div>\n\t\t\t\t\t<\/div>\n\t\t\t\t\t<div class=\"col-lg-0 col-xl-1\"><\/div>\n\t\t\t\t<\/div><!-- end row -->\n\t<\/div><!-- end container -->\n\t<\/div><!-- end image-text__container -->\n        \t<div class=\"component-container image-text__container block--light\">\n\t<div class=\"container\">\n\t\t\t\t<div class=\"row centered  reverse \">\n\t\t\t\t\t<div class=\"col-xxs-10 col-sm-8 col-md-7 col-lg-6 col-xl-5 col-v-center\">\n\t\t\t\t\t\t\t\t\t\t\t\t<div class=\"image-text__image image--circle animated-element\" data-animate=\"opacity-in\" style=\"background-image: url(https:\/\/choicewp.joeyai.app\/wp-content\/uploads\/2024\/12\/Redway-Dog-Run-Gifts-1024x681.jpg)\"><\/div>\n\t\t\t\t\t\t\t\t\t\t\t<\/div>\n\t\t\t\t\t<div class=\"col-lg-1 col-xl-1\"><\/div>\n\t\t\t\t\t<div class=\"col-xxs-12 col-lg-5 col-xl-5 col-v-center\">\n\t\t\t\t\t\t<div class=\"image-text__content animated-element\" data-animate=\"slide-in\">\n\t\t\t\t\t\t\t\n\t\t\t\t\t\t\t\t\t\t\t\t\t\t\t<h2 class=\"heading-one\">Cadeaux pour chiens<\/h2>\n\t\t\t\t\t\t\t\n\t\t\t\t\t\t\t                    \t\t\t\t\t\t\t<div class=\"text-left\">\n\t\t\t\t\t\n<p>Il y aura des puppuccinos et des sacs-cadeaux gratuits pour votre compagnon canin (quantit\u00e9s limit\u00e9es).<\/p>\n\t\t\t\t<\/div>\n\t\t\t\t\t\t\t\t\t\t\t\t\t\t\t\t\t\t\t<\/div>\n\t\t\t\t\t<\/div>\n\t\t\t\t\t<div class=\"col-lg-0 col-xl-1\"><\/div>\n\t\t\t\t<\/div><!-- end row -->\n\t<\/div><!-- end container -->\n\t<\/div><!-- end image-text__container -->\n        \t<div class=\"component-container image-text__container block--light\">\n\t<div class=\"container\">\n\t\t\t\t<div class=\"row centered   \">\n\t\t\t\t\t<div class=\"col-xxs-10 col-sm-8 col-md-7 col-lg-6 col-xl-5 col-v-center\">\n\t\t\t\t\t\t\t\t\t\t\t\t<div class=\"image-text__image image--circle animated-element\" data-animate=\"opacity-in\" style=\"background-image: url(https:\/\/choicewp.joeyai.app\/wp-content\/uploads\/2024\/12\/Redway-Dog-Run-DJ-Baby-Q.png)\"><\/div>\n\t\t\t\t\t\t\t\t\t\t\t<\/div>\n\t\t\t\t\t<div class=\"col-lg-1 col-xl-1\"><\/div>\n\t\t\t\t\t<div class=\"col-xxs-12 col-lg-5 col-xl-5 col-v-center\">\n\t\t\t\t\t\t<div class=\"image-text__content animated-element\" data-animate=\"slide-in\">\n\t\t\t\t\t\t\t\n\t\t\t\t\t\t\t\t\t\t\t\t\t\t\t<h2 class=\"heading-one\">DJ Baby Q<\/h2>\n\t\t\t\t\t\t\t\n\t\t\t\t\t\t\t                    \t\t\t\t\t\t\t<div class=\"text-left\">\n\t\t\t\t\t\n<p>Plongez dans l\u2019esprit des F\u00eates avec la musique de DJ Baby Q!<\/p>\n\t\t\t\t<\/div>\n\t\t\t\t\t\t\t\t\t\t\t\t\t                    \n<div class=\"wp-block-button is-style-fill--accent cpr-button\"><a class=\"wp-block-button__link wp-element-button\" href=\"https:\/\/www.babyq.ca\/\">En savoir plus sur DJ Baby Q<svg class=\"icon-for-button\"><use xlink:href=\"#icon-arrow\"><\/use><\/svg><\/a><\/div>\n\t\t\t\t\t\t\t\t\t\t\t\t\t<\/div>\n\t\t\t\t\t<\/div>\n\t\t\t\t\t<div class=\"col-lg-0 col-xl-1\"><\/div>\n\t\t\t\t<\/div><!-- end row -->\n\t<\/div><!-- end container -->\n\t<\/div><!-- end image-text__container -->\n        \n\t\t<div class=\"container page-strip__container component-container block--light\">\n\t\t\t<div class=\"page-strip is-accent-color accent-color-override accent-color-red\">\n\t\t\t\t<div class=\"row centered\">\n\n\t\t\t\t\t<div class=\"col-sm-12 col-md-10 col-lg-8 col-xl-7\">\n\t\t\t\t\t\t\n\t\t\t\t\t\t\t\t\t\t\t\t\t<h2 class=\"heading-two heading--dark\">Des espaces o\u00f9 prosp\u00e9rer et s\u2019\u00e9panouir<\/h2>\n\t\t\t\t\t\t\n\t\t\t\t\t\t<div class=\"page-strip__innerblocks\">\n\t\t\t\t\t\t\t\n\t\t\t\t\t\t\t<div class=\"text-left\">\n\t\t\t\t\t\n<p>Le parc \u00e0 chien de Redway est une merveilleuse manifestation de notre raison d\u2019\u00eatre : cr\u00e9er des espaces o\u00f9 prosp\u00e9rer et s\u2019\u00e9panouir. En rendant votre espace commercial de quartier plus actif, nous pouvons transformer un centre commercial en un v\u00e9ritable centre communautaire pour les habitants du quartier et leurs amis \u00e0 fourrure.<\/p>\n\t\t\t\t<\/div>\n\t\t\t\t\t\t\n\n\n<div class=\"wp-block-button is-style-outline--accent cpr-button\"><a class=\"wp-block-button__link wp-element-button\" href=\"http:\/\/www.choicereit.ca\/choice-cares\">En savoir plus sur le programme d\u2019impact social<svg class=\"icon-for-button\"><use xlink:href=\"#icon-arrow\"><\/use><\/svg><\/a><\/div>\n\n\t\t\t\t\t\t<\/div>\n\t\t\t\t\t<\/div>\n\n\t\t\t\t<\/div>\n\t\t\t<\/div>\n\t\t<\/div>\n\n        ","protected":false},"excerpt":{"rendered":"","protected":false},"author":24,"featured_media":14746,"parent":0,"menu_order":0,"comment_status":"closed","ping_status":"closed","template":"","meta":{"accent-color-admin":"","header_style":"","accent-color":"accent-color-red","header_eyebrow":"","header_center":"","header_excerpt":"","header_title":"","header_button_text":"","header_button_link":"","header_button_icon":"","first_item_spacing":"","news_release_detail":"","footnotes":""},"class_list":["post-14855","page","type-page","status-publish","has-post-thumbnail","hentry"],"yoast_head":"<!-- This site is optimized with the Yoast SEO plugin v24.9 - https:\/\/yoast.com\/wordpress\/plugins\/seo\/ -->\r\n<title>Aire de jeux pour chiens Redway - Choice Properties<\/title>\r\n<meta name=\"robots\" content=\"noindex, follow, max-snippet:-1, max-image-preview:large, max-video-preview:-1\" \/>\r\n<meta property=\"og:locale\" content=\"fr_FR\" \/>\r\n<meta property=\"og:type\" content=\"article\" \/>\r\n<meta property=\"og:title\" content=\"Aire de jeux pour chiens Redway - Choice Properties\" \/>\r\n<meta property=\"og:url\" content=\"https:\/\/choicewp.joeyai.app\/redway-dog-run\/\" \/>\r\n<meta property=\"og:site_name\" content=\"Choice Properties\" \/>\r\n<meta property=\"article:modified_time\" content=\"2024-12-23T15:14:55+00:00\" \/>\r\n<meta property=\"og:image\" content=\"https:\/\/choicewp.joeyai.app\/wp-content\/uploads\/2024\/12\/Redway-Dog-Run-Park-1024x683.png\" \/>\r\n\t<meta property=\"og:image:width\" content=\"1024\" \/>\r\n\t<meta property=\"og:image:height\" content=\"683\" \/>\r\n\t<meta property=\"og:image:type\" content=\"image\/png\" \/>\r\n<meta name=\"twitter:card\" content=\"summary_large_image\" \/>\r\n<meta name=\"twitter:label1\" content=\"Est. reading time\" \/>\n\t<meta name=\"twitter:data1\" content=\"2 minutes\" \/>\r\n<script type=\"application\/ld+json\" class=\"yoast-schema-graph\">{\"@context\":\"https:\/\/schema.org\",\"@graph\":[{\"@type\":\"WebPage\",\"@id\":\"https:\/\/choicewp.joeyai.app\/redway-dog-run\/\",\"url\":\"https:\/\/choicewp.joeyai.app\/redway-dog-run\/\",\"name\":\"Aire de jeux pour chiens Redway - Choice Properties\",\"isPartOf\":{\"@id\":\"https:\/\/choicewp.joeyai.app\/#website\"},\"primaryImageOfPage\":{\"@id\":\"https:\/\/choicewp.joeyai.app\/redway-dog-run\/#primaryimage\"},\"image\":{\"@id\":\"https:\/\/choicewp.joeyai.app\/redway-dog-run\/#primaryimage\"},\"thumbnailUrl\":\"https:\/\/choicewp.joeyai.app\/wp-content\/uploads\/2024\/12\/Redway-Dog-Run-Park.png\",\"datePublished\":\"2024-12-06T18:26:11+00:00\",\"dateModified\":\"2024-12-23T15:14:55+00:00\",\"breadcrumb\":{\"@id\":\"https:\/\/choicewp.joeyai.app\/redway-dog-run\/#breadcrumb\"},\"inLanguage\":\"fr-FR\",\"potentialAction\":[{\"@type\":\"ReadAction\",\"target\":[\"https:\/\/choicewp.joeyai.app\/redway-dog-run\/\"]}]},{\"@type\":\"ImageObject\",\"inLanguage\":\"fr-FR\",\"@id\":\"https:\/\/choicewp.joeyai.app\/redway-dog-run\/#primaryimage\",\"url\":\"https:\/\/choicewp.joeyai.app\/wp-content\/uploads\/2024\/12\/Redway-Dog-Run-Park.png\",\"contentUrl\":\"https:\/\/choicewp.joeyai.app\/wp-content\/uploads\/2024\/12\/Redway-Dog-Run-Park.png\",\"width\":7728,\"height\":5152},{\"@type\":\"BreadcrumbList\",\"@id\":\"https:\/\/choicewp.joeyai.app\/redway-dog-run\/#breadcrumb\",\"itemListElement\":[{\"@type\":\"ListItem\",\"position\":1,\"name\":\"Home\",\"item\":\"https:\/\/choicewp.joeyai.app\/fr\/\"},{\"@type\":\"ListItem\",\"position\":2,\"name\":\"Aire de jeux pour chiens Redway\"}]},{\"@type\":\"WebSite\",\"@id\":\"https:\/\/choicewp.joeyai.app\/#website\",\"url\":\"https:\/\/choicewp.joeyai.app\/\",\"name\":\"Choice Properties\",\"description\":\"Places People Thrive\",\"publisher\":{\"@id\":\"https:\/\/choicewp.joeyai.app\/#organization\"},\"potentialAction\":[{\"@type\":\"SearchAction\",\"target\":{\"@type\":\"EntryPoint\",\"urlTemplate\":\"https:\/\/choicewp.joeyai.app\/?s={search_term_string}\"},\"query-input\":{\"@type\":\"PropertyValueSpecification\",\"valueRequired\":true,\"valueName\":\"search_term_string\"}}],\"inLanguage\":\"fr-FR\"},{\"@type\":\"Organization\",\"@id\":\"https:\/\/choicewp.joeyai.app\/#organization\",\"name\":\"Choice Properties\",\"url\":\"https:\/\/choicewp.joeyai.app\/\",\"logo\":{\"@type\":\"ImageObject\",\"inLanguage\":\"fr-FR\",\"@id\":\"https:\/\/choicewp.joeyai.app\/#\/schema\/logo\/image\/\",\"url\":\"https:\/\/choicewp.joeyai.app\/wp-content\/uploads\/2021\/03\/cropped-Choice-Properties-Image-Primary-Red-Grey-1.png\",\"contentUrl\":\"https:\/\/choicewp.joeyai.app\/wp-content\/uploads\/2021\/03\/cropped-Choice-Properties-Image-Primary-Red-Grey-1.png\",\"width\":4143,\"height\":785,\"caption\":\"Choice Properties\"},\"image\":{\"@id\":\"https:\/\/choicewp.joeyai.app\/#\/schema\/logo\/image\/\"},\"sameAs\":[\"https:\/\/www.instagram.com\/choicereit\/\",\"https:\/\/www.linkedin.com\/company\/choicereit\/\"]}]}<\/script>\r\n<!-- \/ Yoast SEO plugin. -->","yoast_head_json":{"title":"Aire de jeux pour chiens Redway - Choice Properties","robots":{"index":"noindex","follow":"follow","max-snippet":"max-snippet:-1","max-image-preview":"max-image-preview:large","max-video-preview":"max-video-preview:-1"},"og_locale":"fr_FR","og_type":"article","og_title":"Aire de jeux pour chiens Redway - Choice Properties","og_url":"https:\/\/choicewp.joeyai.app\/redway-dog-run\/","og_site_name":"Choice Properties","article_modified_time":"2024-12-23T15:14:55+00:00","og_image":[{"width":1024,"height":683,"url":"https:\/\/choicewp.joeyai.app\/wp-content\/uploads\/2024\/12\/Redway-Dog-Run-Park-1024x683.png","type":"image\/png"}],"twitter_card":"summary_large_image","twitter_misc":{"Est. reading time":"2 minutes"},"schema":{"@context":"https:\/\/schema.org","@graph":[{"@type":"WebPage","@id":"https:\/\/choicewp.joeyai.app\/redway-dog-run\/","url":"https:\/\/choicewp.joeyai.app\/redway-dog-run\/","name":"Aire de jeux pour chiens Redway - Choice Properties","isPartOf":{"@id":"https:\/\/choicewp.joeyai.app\/#website"},"primaryImageOfPage":{"@id":"https:\/\/choicewp.joeyai.app\/redway-dog-run\/#primaryimage"},"image":{"@id":"https:\/\/choicewp.joeyai.app\/redway-dog-run\/#primaryimage"},"thumbnailUrl":"https:\/\/choicewp.joeyai.app\/wp-content\/uploads\/2024\/12\/Redway-Dog-Run-Park.png","datePublished":"2024-12-06T18:26:11+00:00","dateModified":"2024-12-23T15:14:55+00:00","breadcrumb":{"@id":"https:\/\/choicewp.joeyai.app\/redway-dog-run\/#breadcrumb"},"inLanguage":"fr-FR","potentialAction":[{"@type":"ReadAction","target":["https:\/\/choicewp.joeyai.app\/redway-dog-run\/"]}]},{"@type":"ImageObject","inLanguage":"fr-FR","@id":"https:\/\/choicewp.joeyai.app\/redway-dog-run\/#primaryimage","url":"https:\/\/choicewp.joeyai.app\/wp-content\/uploads\/2024\/12\/Redway-Dog-Run-Park.png","contentUrl":"https:\/\/choicewp.joeyai.app\/wp-content\/uploads\/2024\/12\/Redway-Dog-Run-Park.png","width":7728,"height":5152},{"@type":"BreadcrumbList","@id":"https:\/\/choicewp.joeyai.app\/redway-dog-run\/#breadcrumb","itemListElement":[{"@type":"ListItem","position":1,"name":"Home","item":"https:\/\/choicewp.joeyai.app\/fr\/"},{"@type":"ListItem","position":2,"name":"Aire de jeux pour chiens Redway"}]},{"@type":"WebSite","@id":"https:\/\/choicewp.joeyai.app\/#website","url":"https:\/\/choicewp.joeyai.app\/","name":"Choice Properties","description":"Places People Thrive","publisher":{"@id":"https:\/\/choicewp.joeyai.app\/#organization"},"potentialAction":[{"@type":"SearchAction","target":{"@type":"EntryPoint","urlTemplate":"https:\/\/choicewp.joeyai.app\/?s={search_term_string}"},"query-input":{"@type":"PropertyValueSpecification","valueRequired":true,"valueName":"search_term_string"}}],"inLanguage":"fr-FR"},{"@type":"Organization","@id":"https:\/\/choicewp.joeyai.app\/#organization","name":"Choice Properties","url":"https:\/\/choicewp.joeyai.app\/","logo":{"@type":"ImageObject","inLanguage":"fr-FR","@id":"https:\/\/choicewp.joeyai.app\/#\/schema\/logo\/image\/","url":"https:\/\/choicewp.joeyai.app\/wp-content\/uploads\/2021\/03\/cropped-Choice-Properties-Image-Primary-Red-Grey-1.png","contentUrl":"https:\/\/choicewp.joeyai.app\/wp-content\/uploads\/2021\/03\/cropped-Choice-Properties-Image-Primary-Red-Grey-1.png","width":4143,"height":785,"caption":"Choice Properties"},"image":{"@id":"https:\/\/choicewp.joeyai.app\/#\/schema\/logo\/image\/"},"sameAs":["https:\/\/www.instagram.com\/choicereit\/","https:\/\/www.linkedin.com\/company\/choicereit\/"]}]}},"_links":{"self":[{"href":"https:\/\/choicewp.joeyai.app\/fr\/wp-json\/wp\/v2\/pages\/14855","targetHints":{"allow":["GET"]}}],"collection":[{"href":"https:\/\/choicewp.joeyai.app\/fr\/wp-json\/wp\/v2\/pages"}],"about":[{"href":"https:\/\/choicewp.joeyai.app\/fr\/wp-json\/wp\/v2\/types\/page"}],"author":[{"embeddable":true,"href":"https:\/\/choicewp.joeyai.app\/fr\/wp-json\/wp\/v2\/users\/24"}],"replies":[{"embeddable":true,"href":"https:\/\/choicewp.joeyai.app\/fr\/wp-json\/wp\/v2\/comments?post=14855"}],"version-history":[{"count":6,"href":"https:\/\/choicewp.joeyai.app\/fr\/wp-json\/wp\/v2\/pages\/14855\/revisions"}],"predecessor-version":[{"id":14904,"href":"https:\/\/choicewp.joeyai.app\/fr\/wp-json\/wp\/v2\/pages\/14855\/revisions\/14904"}],"wp:featuredmedia":[{"embeddable":true,"href":"https:\/\/choicewp.joeyai.app\/fr\/wp-json\/wp\/v2\/media\/14746"}],"wp:attachment":[{"href":"https:\/\/choicewp.joeyai.app\/fr\/wp-json\/wp\/v2\/media?parent=14855"}],"curies":[{"name":"wp","href":"https:\/\/api.w.org\/{rel}","templated":true}]}}