{"id":15009,"date":"2025-01-23T14:37:08","date_gmt":"2025-01-23T19:37:08","guid":{"rendered":"https:\/\/choicewp.joeyai.app\/?page_id=15009"},"modified":"2025-01-23T14:45:48","modified_gmt":"2025-01-23T19:45:48","slug":"terrasse-bradford","status":"publish","type":"page","link":"https:\/\/choicewp.joeyai.app\/fr\/terrasse-bradford\/","title":{"rendered":"Terrasse Bradford"},"content":{"rendered":"\n        \t\t<div class=\"component-container block--light\">\n\t\t\t<div  class=\"container\">\n\t\t\t\t<div  class=\"page-strip page-strip--background animated-element\" data-animate=\"opacity-in\">\n\t\t\t\t\t<div class=\"page-strip__background-image parallax\" style=\"background-image: url(https:\/\/choicewp.joeyai.app\/wp-content\/uploads\/2024\/12\/Bradford-Patio-Launch-2024-17-scaled.jpg)\"><\/div>\n\t\t\t\t\t<div class=\"page-strip__overlay\" style=\"background-image: linear-gradient(rgba(0, 0, 0, 0.5), rgba(0, 0, 0, 0.5));\"><\/div>\n\t\t\t\t\t<div class=\"row centered\">\n\t\t\t\t\t\t\t<div class=\"col-sm-12 col-md-10 col-lg-8 col-xl-7\">\n\t\t\t\t\t\t\t\t\t\t\t\t\t\t\t\t\t<div class=\"eyebrow animated-element\" data-animate=\"slide-in\">500 Holland St W, Bradford ON<\/div>\n\t\t\t\t\t\t\t\t\n\t\t\t\t\t\t\t\t\t\t\t\t\t\t\t\t\t<h2 class=\"heading-two animated-element\" data-animate=\"slide-in\">Terrasse Bradford<\/h2>\n\t\t\t\t\t\t\t\t\n\t\t\t\t\t\t\t\t<div class=\"page-strip__innerblock animated-element\" data-animate=\"slide-in\">\n\t\t\t\t\t\t\t\t\t\n\t\t\t\t\t\t\t<div class=\"text-left\">\n\t\t\t\t\t\n<p>Au printemps 2024, nous avons ouvert la \u00ab terrasse Bradford \u00bb, une commodit\u00e9 publique bien con\u00e7ue qui offre un espace accueillant pour les consommateurs et les habitants afin de se rassembler, de cr\u00e9er des liens et de jouer. La terrasse offre une salle \u00e0 manger ext\u00e9rieure, une pergola donnant un ombrage permanent, des si\u00e8ges color\u00e9s et un magnifique am\u00e9nagement paysager.<\/p>\n\t\t\t\t<\/div>\n\t\t\t\t\t\t\n\t\t\t\t\t\t\t\t<\/div>\n\t\t\t\t\t\t\t<\/div>\n\t\t\t\t\t<\/div>\n\t\t\t\t<\/div>\n\t\t\t<\/div>\n\t\t<\/div>\n\t\t\n        \t<div class=\"component-container image-text__container block--light\">\n\t<div class=\"container\">\n\t\t\t\t<div class=\"row centered   \">\n\t\t\t\t\t<div class=\"col-xxs-10 col-sm-8 col-md-7 col-lg-6 col-xl-5 col-v-center\">\n\t\t\t\t\t\t\t\t\t\t\t\t<div class=\"image-text__image image--circle animated-element\" data-animate=\"opacity-in\" style=\"background-image: url(https:\/\/choicewp.joeyai.app\/wp-content\/uploads\/2024\/12\/Bradford-Patio-Launch-2024-6-1024x683.jpg)\"><\/div>\n\t\t\t\t\t\t\t\t\t\t\t<\/div>\n\t\t\t\t\t<div class=\"col-lg-1 col-xl-1\"><\/div>\n\t\t\t\t\t<div class=\"col-xxs-12 col-lg-5 col-xl-5 col-v-center\">\n\t\t\t\t\t\t<div class=\"image-text__content animated-element\" data-animate=\"slide-in\">\n\t\t\t\t\t\t\t\n\t\t\t\t\t\t\t\t\t\t\t\t\t\t\t<h2 class=\"heading-one\">Centre communautaire<\/h2>\n\t\t\t\t\t\t\t\n\t\t\t\t\t\t\t                    \t\t\t\t\t\t\t<div class=\"text-left\">\n\t\t\t\t\t\n<p>Au cours de sa premi\u00e8re saison, nous avons \u00e9t\u00e9 ravis de voir la terrasse Bradford devenir un centre d\u2019activit\u00e9s alors que nous avons organis\u00e9 des \u00e9v\u00e9nements pour rassembler le quartier et favoriser un sentiment de communaut\u00e9. Si vous avez une id\u00e9e de d\u00e9veloppement ou d\u2019activation communautaires pour la r\u00e9gion de Bradford, nous voulons l\u2019entendre!<\/p>\n\t\t\t\t<\/div>\n\t\t\t\t\t\t\t\t\t\t\t\t\t                    \n<div class=\"wp-block-button is-style-fill--accent cpr-button\"><a class=\"wp-block-button__link wp-element-button\" href=\"mailto:choicecares@choicereit.ca\">Contact our Social Impact Team<svg class=\"icon-for-button\"><use xlink:href=\"#icon-arrow\"><\/use><\/svg><\/a><\/div>\n\t\t\t\t\t\t\t\t\t\t\t\t\t<\/div>\n\t\t\t\t\t<\/div>\n\t\t\t\t\t<div class=\"col-lg-0 col-xl-1\"><\/div>\n\t\t\t\t<\/div><!-- end row -->\n\t<\/div><!-- end container -->\n\t<\/div><!-- end image-text__container -->\n        \n      <div  class=\"component-container detail-columns__container block--dark\">\n        <div class=\"container\">\n          <div class=\"column-container accent-color-override \">\n                      <h2 class=\"text-center heading-two\">Caract\u00e9ristiques de la terrasse<\/h2>\n                      <div class=\"row centered\">\n                \n        <div class=\"col-xxs-12 col-sm-6 col-lg-4\">\n          <div class=\"details-column__content\">\n                                    <p>Emplacement pratique<\/p>\n                        \n\t\t\t\t\t\t\t<div class=\"text-left\">\n\t\t\t\t\t\n<p>Situ\u00e9e \u00e0 c\u00f4t\u00e9 d\u2019une \u00e9picerie et d\u2019une pharmacie locales au 500, Holland Street West, Bradford (Ontario)<\/p>\n\t\t\t\t<\/div>\n\t\t\t\t\t\t\n            <span class=\"is-accent-color faux-hr\"><\/span>\n          <\/div>\n        <\/div>\n        \n\n        <div class=\"col-xxs-12 col-sm-6 col-lg-4\">\n          <div class=\"details-column__content\">\n                                    <p>Pergola offrant un ombrage<\/p>\n                        \n\t\t\t\t\t\t\t<div class=\"text-left\">\n\t\t\t\t\t\n<p>Pour le confort pendant les mois d\u2019\u00e9t\u00e9<\/p>\n\t\t\t\t<\/div>\n\t\t\t\t\t\t\n            <span class=\"is-accent-color faux-hr\"><\/span>\n          <\/div>\n        <\/div>\n        \n\n        <div class=\"col-xxs-12 col-sm-6 col-lg-4\">\n          <div class=\"details-column__content\">\n                                    <p>Si\u00e8ges color\u00e9s<\/p>\n                        \n\t\t\t\t\t\t\t<div class=\"text-left\">\n\t\t\t\t\t\n<p>Pour que les habitants puissent se d\u00e9tendre et rattraper le temps perdu avec leurs amis et leur famille autour d\u2019un caf\u00e9 ou de plats savoureux offerts par les entreprises environnantes<\/p>\n\t\t\t\t<\/div>\n\t\t\t\t\t\t\n            <span class=\"is-accent-color faux-hr\"><\/span>\n          <\/div>\n        <\/div>\n        \n            <\/div>\n          <\/div>\n        <\/div>\n      <\/div>\n\n        \t<div class=\"component-container image-text__container block--light\">\n\t<div class=\"container\">\n\t\t\t\t<div class=\"row centered  reverse \">\n\t\t\t\t\t<div class=\"col-xxs-10 col-sm-8 col-md-7 col-lg-6 col-xl-5 col-v-center\">\n\t\t\t\t\t\t\t\t\t\t\t\t<div class=\"image-text__image image--circle animated-element\" data-animate=\"opacity-in\" style=\"background-image: url(https:\/\/choicewp.joeyai.app\/wp-content\/uploads\/2025\/01\/Bradford-Patio-Activation-2024_edit-Copy-962x1024.jpg)\"><\/div>\n\t\t\t\t\t\t\t\t\t\t\t<\/div>\n\t\t\t\t\t<div class=\"col-lg-1 col-xl-1\"><\/div>\n\t\t\t\t\t<div class=\"col-xxs-12 col-lg-5 col-xl-5 col-v-center\">\n\t\t\t\t\t\t<div class=\"image-text__content animated-element\" data-animate=\"slide-in\">\n\t\t\t\t\t\t\t\n\t\t\t\t\t\t\t\t\t\t\t\t\t\t\t<h2 class=\"heading-one\"><span class=\"has-accent-color\">Des espaces o\u00f9 prosp\u00e9rer et s\u2019\u00e9panouir<\/span><\/h2>\n\t\t\t\t\t\t\t\n\t\t\t\t\t\t\t                    \t\t\t\t\t\t\t<div class=\"text-left\">\n\t\t\t\t\t\n<p>La terrasse Bradford est une merveilleuse manifestation de notre raison d\u2019\u00eatre : cr\u00e9er des espaces o\u00f9 prosp\u00e9rer et s\u2019\u00e9panouir. En rendant votre espace commercial de quartier plus actif, nous pouvons transformer un centre commercial en un v\u00e9ritable centre communautaire pour les habitants du quartier.<\/p>\n\t\t\t\t<\/div>\n\t\t\t\t\t\t\t\t\t\t\t\t\t                    \n<div class=\"wp-block-button is-style-fill--accent\"><a class=\"wp-block-button__link wp-element-button\" href=\"https:\/\/choicewp.joeyai.app\/fr\/choice-cares-fr\/\">Learn More About Our Social Impact Programs<\/a><\/div>\n\t\t\t\t\t\t\t\t\t\t\t\t\t<\/div>\n\t\t\t\t\t<\/div>\n\t\t\t\t\t<div class=\"col-lg-0 col-xl-1\"><\/div>\n\t\t\t\t<\/div><!-- end row -->\n\t<\/div><!-- end container -->\n\t<\/div><!-- end image-text__container -->\n        ","protected":false},"excerpt":{"rendered":"","protected":false},"author":24,"featured_media":0,"parent":0,"menu_order":0,"comment_status":"closed","ping_status":"closed","template":"","meta":{"accent-color-admin":"","header_style":"","accent-color":"accent-color-red","header_eyebrow":"","header_center":"","header_excerpt":"","header_title":"","header_button_text":"","header_button_link":"","header_button_icon":"","first_item_spacing":"","news_release_detail":"","footnotes":""},"class_list":["post-15009","page","type-page","status-publish","hentry"],"yoast_head":"<!-- This site is optimized with the Yoast SEO plugin v24.9 - https:\/\/yoast.com\/wordpress\/plugins\/seo\/ -->\r\n<title>Terrasse Bradford - Choice Properties<\/title>\r\n<meta name=\"robots\" content=\"noindex, follow, max-snippet:-1, max-image-preview:large, max-video-preview:-1\" \/>\r\n<meta property=\"og:locale\" content=\"fr_FR\" \/>\r\n<meta property=\"og:type\" content=\"article\" \/>\r\n<meta property=\"og:title\" content=\"Terrasse Bradford - Choice Properties\" \/>\r\n<meta property=\"og:url\" content=\"https:\/\/choicewp.joeyai.app\/fr\/terrasse-bradford\/\" \/>\r\n<meta property=\"og:site_name\" content=\"Choice Properties\" \/>\r\n<meta property=\"article:modified_time\" content=\"2025-01-23T19:45:48+00:00\" \/>\r\n<meta name=\"twitter:card\" content=\"summary_large_image\" \/>\r\n<meta name=\"twitter:label1\" content=\"Est. reading time\" \/>\n\t<meta name=\"twitter:data1\" content=\"1 minute\" \/>\r\n<script type=\"application\/ld+json\" class=\"yoast-schema-graph\">{\"@context\":\"https:\/\/schema.org\",\"@graph\":[{\"@type\":\"WebPage\",\"@id\":\"https:\/\/choicewp.joeyai.app\/fr\/terrasse-bradford\/\",\"url\":\"https:\/\/choicewp.joeyai.app\/fr\/terrasse-bradford\/\",\"name\":\"Terrasse Bradford - Choice Properties\",\"isPartOf\":{\"@id\":\"https:\/\/choicewp.joeyai.app\/#website\"},\"datePublished\":\"2025-01-23T19:37:08+00:00\",\"dateModified\":\"2025-01-23T19:45:48+00:00\",\"breadcrumb\":{\"@id\":\"https:\/\/choicewp.joeyai.app\/fr\/terrasse-bradford\/#breadcrumb\"},\"inLanguage\":\"fr-FR\",\"potentialAction\":[{\"@type\":\"ReadAction\",\"target\":[\"https:\/\/choicewp.joeyai.app\/fr\/terrasse-bradford\/\"]}]},{\"@type\":\"BreadcrumbList\",\"@id\":\"https:\/\/choicewp.joeyai.app\/fr\/terrasse-bradford\/#breadcrumb\",\"itemListElement\":[{\"@type\":\"ListItem\",\"position\":1,\"name\":\"Home\",\"item\":\"https:\/\/choicewp.joeyai.app\/fr\/\"},{\"@type\":\"ListItem\",\"position\":2,\"name\":\"Terrasse Bradford\"}]},{\"@type\":\"WebSite\",\"@id\":\"https:\/\/choicewp.joeyai.app\/#website\",\"url\":\"https:\/\/choicewp.joeyai.app\/\",\"name\":\"Choice Properties\",\"description\":\"Places People Thrive\",\"publisher\":{\"@id\":\"https:\/\/choicewp.joeyai.app\/#organization\"},\"potentialAction\":[{\"@type\":\"SearchAction\",\"target\":{\"@type\":\"EntryPoint\",\"urlTemplate\":\"https:\/\/choicewp.joeyai.app\/?s={search_term_string}\"},\"query-input\":{\"@type\":\"PropertyValueSpecification\",\"valueRequired\":true,\"valueName\":\"search_term_string\"}}],\"inLanguage\":\"fr-FR\"},{\"@type\":\"Organization\",\"@id\":\"https:\/\/choicewp.joeyai.app\/#organization\",\"name\":\"Choice Properties\",\"url\":\"https:\/\/choicewp.joeyai.app\/\",\"logo\":{\"@type\":\"ImageObject\",\"inLanguage\":\"fr-FR\",\"@id\":\"https:\/\/choicewp.joeyai.app\/#\/schema\/logo\/image\/\",\"url\":\"https:\/\/choicewp.joeyai.app\/wp-content\/uploads\/2021\/03\/cropped-Choice-Properties-Image-Primary-Red-Grey-1.png\",\"contentUrl\":\"https:\/\/choicewp.joeyai.app\/wp-content\/uploads\/2021\/03\/cropped-Choice-Properties-Image-Primary-Red-Grey-1.png\",\"width\":4143,\"height\":785,\"caption\":\"Choice Properties\"},\"image\":{\"@id\":\"https:\/\/choicewp.joeyai.app\/#\/schema\/logo\/image\/\"},\"sameAs\":[\"https:\/\/www.instagram.com\/choicereit\/\",\"https:\/\/www.linkedin.com\/company\/choicereit\/\"]}]}<\/script>\r\n<!-- \/ Yoast SEO plugin. -->","yoast_head_json":{"title":"Terrasse Bradford - Choice Properties","robots":{"index":"noindex","follow":"follow","max-snippet":"max-snippet:-1","max-image-preview":"max-image-preview:large","max-video-preview":"max-video-preview:-1"},"og_locale":"fr_FR","og_type":"article","og_title":"Terrasse Bradford - Choice Properties","og_url":"https:\/\/choicewp.joeyai.app\/fr\/terrasse-bradford\/","og_site_name":"Choice Properties","article_modified_time":"2025-01-23T19:45:48+00:00","twitter_card":"summary_large_image","twitter_misc":{"Est. reading time":"1 minute"},"schema":{"@context":"https:\/\/schema.org","@graph":[{"@type":"WebPage","@id":"https:\/\/choicewp.joeyai.app\/fr\/terrasse-bradford\/","url":"https:\/\/choicewp.joeyai.app\/fr\/terrasse-bradford\/","name":"Terrasse Bradford - Choice Properties","isPartOf":{"@id":"https:\/\/choicewp.joeyai.app\/#website"},"datePublished":"2025-01-23T19:37:08+00:00","dateModified":"2025-01-23T19:45:48+00:00","breadcrumb":{"@id":"https:\/\/choicewp.joeyai.app\/fr\/terrasse-bradford\/#breadcrumb"},"inLanguage":"fr-FR","potentialAction":[{"@type":"ReadAction","target":["https:\/\/choicewp.joeyai.app\/fr\/terrasse-bradford\/"]}]},{"@type":"BreadcrumbList","@id":"https:\/\/choicewp.joeyai.app\/fr\/terrasse-bradford\/#breadcrumb","itemListElement":[{"@type":"ListItem","position":1,"name":"Home","item":"https:\/\/choicewp.joeyai.app\/fr\/"},{"@type":"ListItem","position":2,"name":"Terrasse Bradford"}]},{"@type":"WebSite","@id":"https:\/\/choicewp.joeyai.app\/#website","url":"https:\/\/choicewp.joeyai.app\/","name":"Choice Properties","description":"Places People Thrive","publisher":{"@id":"https:\/\/choicewp.joeyai.app\/#organization"},"potentialAction":[{"@type":"SearchAction","target":{"@type":"EntryPoint","urlTemplate":"https:\/\/choicewp.joeyai.app\/?s={search_term_string}"},"query-input":{"@type":"PropertyValueSpecification","valueRequired":true,"valueName":"search_term_string"}}],"inLanguage":"fr-FR"},{"@type":"Organization","@id":"https:\/\/choicewp.joeyai.app\/#organization","name":"Choice Properties","url":"https:\/\/choicewp.joeyai.app\/","logo":{"@type":"ImageObject","inLanguage":"fr-FR","@id":"https:\/\/choicewp.joeyai.app\/#\/schema\/logo\/image\/","url":"https:\/\/choicewp.joeyai.app\/wp-content\/uploads\/2021\/03\/cropped-Choice-Properties-Image-Primary-Red-Grey-1.png","contentUrl":"https:\/\/choicewp.joeyai.app\/wp-content\/uploads\/2021\/03\/cropped-Choice-Properties-Image-Primary-Red-Grey-1.png","width":4143,"height":785,"caption":"Choice Properties"},"image":{"@id":"https:\/\/choicewp.joeyai.app\/#\/schema\/logo\/image\/"},"sameAs":["https:\/\/www.instagram.com\/choicereit\/","https:\/\/www.linkedin.com\/company\/choicereit\/"]}]}},"_links":{"self":[{"href":"https:\/\/choicewp.joeyai.app\/fr\/wp-json\/wp\/v2\/pages\/15009","targetHints":{"allow":["GET"]}}],"collection":[{"href":"https:\/\/choicewp.joeyai.app\/fr\/wp-json\/wp\/v2\/pages"}],"about":[{"href":"https:\/\/choicewp.joeyai.app\/fr\/wp-json\/wp\/v2\/types\/page"}],"author":[{"embeddable":true,"href":"https:\/\/choicewp.joeyai.app\/fr\/wp-json\/wp\/v2\/users\/24"}],"replies":[{"embeddable":true,"href":"https:\/\/choicewp.joeyai.app\/fr\/wp-json\/wp\/v2\/comments?post=15009"}],"version-history":[{"count":10,"href":"https:\/\/choicewp.joeyai.app\/fr\/wp-json\/wp\/v2\/pages\/15009\/revisions"}],"predecessor-version":[{"id":15024,"href":"https:\/\/choicewp.joeyai.app\/fr\/wp-json\/wp\/v2\/pages\/15009\/revisions\/15024"}],"wp:attachment":[{"href":"https:\/\/choicewp.joeyai.app\/fr\/wp-json\/wp\/v2\/media?parent=15009"}],"curies":[{"name":"wp","href":"https:\/\/api.w.org\/{rel}","templated":true}]}}