{"id":3937,"date":"2020-11-23T19:01:09","date_gmt":"2020-11-24T00:01:09","guid":{"rendered":"https:\/\/choicewp.joeyai.app\/\/?page_id=3937"},"modified":"2025-01-07T10:16:38","modified_gmt":"2025-01-07T15:16:38","slug":"environment-fr","status":"publish","type":"page","link":"https:\/\/choicewp.joeyai.app\/fr\/environment-fr\/","title":{"rendered":"Environnement"},"content":{"rendered":"\n      <div  class=\"component-container detail-columns__container block--dark\">\n        <div class=\"container\">\n          <div class=\"column-container accent-color-override accent-color-green\">\n                      <h2 class=\"text-center heading-two\">Principales r\u00e9alisations en 2023<\/h2>\n                      <div class=\"row centered\">\n                \n        <div class=\"col-xxs-12 col-sm-6 col-lg-4\">\n          <div class=\"details-column__content\">\n                                    <p>Z\u00e9ro \u00e9mission nette<\/p>\n                        \n\t\t\t\t\t\t\t<div class=\"text-left\">\n\t\t\t\t\t\n<p>Nous avons achev\u00e9 les plans de transition z\u00e9ro \u00e9mission nette pour toutes les propri\u00e9t\u00e9s \u00e0 revenus<\/p>\n\t\t\t\t<\/div>\n\t\t\t\t\t\t\n            <span class=\"is-accent-color faux-hr\"><\/span>\n          <\/div>\n        <\/div>\n        \n\n        <div class=\"col-xxs-12 col-sm-6 col-lg-4\">\n          <div class=\"details-column__content\">\n                                    <p>Bail vert<\/p>\n                        \n\t\t\t\t\t\t\t<div class=\"text-left\">\n\t\t\t\t\t\n<p>Des premiers locataires ont sign\u00e9 des clauses de bail vert nouvellement mises en \u0153uvre afin de promouvoir l\u2019efficacit\u00e9 \u00e9nerg\u00e9tique, les \u00e9nergies renouvelables et une conception \u00e0 faible \u00e9mission de carbone<\/p>\n\t\t\t\t<\/div>\n\t\t\t\t\t\t\n            <span class=\"is-accent-color faux-hr\"><\/span>\n          <\/div>\n        <\/div>\n        \n\n        <div class=\"col-xxs-12 col-sm-6 col-lg-4\">\n          <div class=\"details-column__content\">\n                                    <p>D\u00e9veloppement<\/p>\n                        \n\t\t\t\t\t\t\t<div class=\"text-left\">\n\t\t\t\t\t\n<p>Nous avons obtenu la premi\u00e8re certification B\u00e2timent \u00e0 carbone z\u00e9ro \u2013 Design de la CBDC attribu\u00e9e aux propri\u00e9t\u00e9s de vente au d\u00e9tail<\/p>\n\t\t\t\t<\/div>\n\t\t\t\t\t\t\n            <span class=\"is-accent-color faux-hr\"><\/span>\n          <\/div>\n        <\/div>\n        \n            <\/div>\n          <\/div>\n        <\/div>\n      <\/div>\n\n        \t<div class=\"component-container image-text__container block--light\">\n\t<div class=\"container\">\n\t\t\t\t<div class=\"row centered  reverse \">\n\t\t\t\t\t<div class=\"col-xxs-10 col-sm-8 col-md-7 col-lg-6 col-xl-5 col-v-center\">\n\t\t\t\t\t\t\t\t\t\t\t\t<div class=\"image-text__image image--circle animated-element\" data-animate=\"opacity-in\" style=\"background-image: url(https:\/\/choicewp.joeyai.app\/wp-content\/uploads\/2022\/05\/MicrosoftTeams-image-10-1024x576.jpg)\"><\/div>\n\t\t\t\t\t\t\t\t\t\t\t<\/div>\n\t\t\t\t\t<div class=\"col-lg-1 col-xl-1\"><\/div>\n\t\t\t\t\t<div class=\"col-xxs-12 col-lg-5 col-xl-5 col-v-center\">\n\t\t\t\t\t\t<div class=\"image-text__content animated-element\" data-animate=\"slide-in\">\n\t\t\t\t\t\t\t\n\t\t\t\t\t\t\t\t\t\t\t\t\t\t\t<h2 class=\"heading-one\"><span class=\"has-accent-color\">Z\u00e9ro \u00e9mission nette<\/span><\/h2>\n\t\t\t\t\t\t\t\n\t\t\t\t\t\t\t                    \t\t\t\t\t\t\t<div class=\"text-left\">\n\t\t\t\t\t\n<p>En juillet 2022, l\u2019initiative \u00ab ScienceBased Targets \u00bb (SBTi) a valid\u00e9 nos objectifs de r\u00e9duction des \u00e9missions de gaz \u00e0 effet de serre, faisant de Propri\u00e9t\u00e9s de Choix l\u2019une des premi\u00e8res entreprises au Canada, et l\u2019une parmi seulement 33 \u00e0 travers le monde, \u00e0 avoir des objectifs de z\u00e9ro \u00e9mission nette approuv\u00e9s par la SBTi. Nos objectifs sont conformes \u00e0 l\u2019objectif principal de l\u2019Accord de Paris, c\u2019est-\u00e0-dire de limiter la hausse de la temp\u00e9rature moyenne mondiale de ce si\u00e8cle \u00e0 1,5 degr\u00e9 Celsius.<\/p>\n\t\t\t\t<\/div>\n\t\t\t\t\t\t\t\t\t\t\t\t\t\t\t\t\t\t\t<\/div>\n\t\t\t\t\t<\/div>\n\t\t\t\t\t<div class=\"col-lg-0 col-xl-1\"><\/div>\n\t\t\t\t<\/div><!-- end row -->\n\t<\/div><!-- end container -->\n\t<\/div><!-- end image-text__container -->\n        \t<div class=\"component-container image-text__container block--light\">\n\t<div class=\"container\">\n\t\t\t\t<div class=\"row centered   \">\n\t\t\t\t\t<div class=\"col-xxs-10 col-sm-8 col-md-7 col-lg-6 col-xl-5 col-v-center\">\n\t\t\t\t\t\t\t\t\t\t\t\t<div class=\"image-text__image image--circle animated-element\" data-animate=\"opacity-in\" style=\"background-image: url(https:\/\/choicewp.joeyai.app\/wp-content\/uploads\/2020\/11\/081A6568-683x1024.jpg)\"><\/div>\n\t\t\t\t\t\t\t\t\t\t\t<\/div>\n\t\t\t\t\t<div class=\"col-lg-1 col-xl-1\"><\/div>\n\t\t\t\t\t<div class=\"col-xxs-12 col-lg-5 col-xl-5 col-v-center\">\n\t\t\t\t\t\t<div class=\"image-text__content animated-element\" data-animate=\"slide-in\">\n\t\t\t\t\t\t\t\n\t\t\t\t\t\t\t\t\t\t\t\t\t\t\t<h2 class=\"heading-one\"><span class=\"has-accent-color\">Efficacit\u00e9 op\u00e9rationnelle<\/span><\/h2>\n\t\t\t\t\t\t\t\n\t\t\t\t\t\t\t                    \t\t\t\t\t\t\t<div class=\"text-left\">\n\t\t\t\t\t\n<p>Nous sommes conscients de toutes les possibilit\u00e9s qui s\u2019offrent \u00e0 nous pour am\u00e9liorer notre impact environnemental dans l\u2019ensemble de notre portefeuille. C\u2019est pourquoi nous proc\u00e9dons \u00e0 la r\u00e9novation des rev\u00eatements d\u2019\u00e9tanch\u00e9it\u00e9, de l\u2019\u00e9clairage et des syst\u00e8mes d\u2019irrigation en optant pour des \u00e9quipements efficaces qui r\u00e9duisent notre consommation des ressources ainsi que nos co\u00fbts d\u2019exploitation.<\/p>\n\t\t\t\t<\/div>\n\t\t\t\t\t\t\t\t\t\t\t\t\t\t\t\t\t\t\t<\/div>\n\t\t\t\t\t<\/div>\n\t\t\t\t\t<div class=\"col-lg-0 col-xl-1\"><\/div>\n\t\t\t\t<\/div><!-- end row -->\n\t<\/div><!-- end container -->\n\t<\/div><!-- end image-text__container -->\n        \t<div class=\"component-container image-text__container block--light\">\n\t<div class=\"container\">\n\t\t\t\t<div class=\"row centered  reverse \">\n\t\t\t\t\t<div class=\"col-xxs-10 col-sm-8 col-md-7 col-lg-6 col-xl-5 col-v-center\">\n\t\t\t\t\t\t\t\t\t\t\t\t<div class=\"image-text__image image--circle animated-element\" data-animate=\"opacity-in\" style=\"background-image: url(https:\/\/choicewp.joeyai.app\/wp-content\/uploads\/2020\/11\/climate.jpg)\"><\/div>\n\t\t\t\t\t\t\t\t\t\t\t<\/div>\n\t\t\t\t\t<div class=\"col-lg-1 col-xl-1\"><\/div>\n\t\t\t\t\t<div class=\"col-xxs-12 col-lg-5 col-xl-5 col-v-center\">\n\t\t\t\t\t\t<div class=\"image-text__content animated-element\" data-animate=\"slide-in\">\n\t\t\t\t\t\t\t\n\t\t\t\t\t\t\t\t\t\t\t\t\t\t\t<h2 class=\"heading-one\"><span class=\"has-accent-color\">D\u00e9veloppements \u00e0 faible \u00e9mission de carbone<\/span><\/h2>\n\t\t\t\t\t\t\t\n\t\t\t\t\t\t\t                    \t\t\t\t\t\t\t<div class=\"text-left\">\n\t\t\t\t\t\n<p>Nous nous servons des nouveaux projets de d\u00e9veloppement et de r\u00e9novation pour mettre en place des technologies novatrices et des solutions cr\u00e9atives afin de r\u00e9duire notre empreinte carbone. Des champs g\u00e9othermiques aux r\u00e9ductions concr\u00e8tes des \u00e9missions de carbone, nous utilisons de nombreuses voies pour faire notre part afin d\u2019\u00e9viter les pires effets du changement climatique.<\/p>\n\t\t\t\t<\/div>\n\t\t\t\t\t\t\t\t\t\t\t\t\t\t\t\t\t\t\t<\/div>\n\t\t\t\t\t<\/div>\n\t\t\t\t\t<div class=\"col-lg-0 col-xl-1\"><\/div>\n\t\t\t\t<\/div><!-- end row -->\n\t<\/div><!-- end container -->\n\t<\/div><!-- end image-text__container -->\n        \t<div class=\"component-container image-text__container block--light\">\n\t<div class=\"container\">\n\t\t\t\t<div class=\"row centered   \">\n\t\t\t\t\t<div class=\"col-xxs-10 col-sm-8 col-md-7 col-lg-6 col-xl-5 col-v-center\">\n\t\t\t\t\t\t\t\t\t\t\t\t<div class=\"image-text__image image--circle animated-element\" data-animate=\"opacity-in\" style=\"background-image: url(https:\/\/choicewp.joeyai.app\/wp-content\/uploads\/2022\/05\/081A5995-1024x683.jpg)\"><\/div>\n\t\t\t\t\t\t\t\t\t\t\t<\/div>\n\t\t\t\t\t<div class=\"col-lg-1 col-xl-1\"><\/div>\n\t\t\t\t\t<div class=\"col-xxs-12 col-lg-5 col-xl-5 col-v-center\">\n\t\t\t\t\t\t<div class=\"image-text__content animated-element\" data-animate=\"slide-in\">\n\t\t\t\t\t\t\t\n\t\t\t\t\t\t\t\t\t\t\t\t\t\t\t<h2 class=\"heading-one\"><span class=\"has-accent-color\">Certifications de b\u00e2timents \u00e9cologiques<\/span><\/h2>\n\t\t\t\t\t\t\t\n\t\t\t\t\t\t\t                    \t\t\t\t\t\t\t<div class=\"text-left\">\n\t\t\t\t\t\n<p>Nous sommes engag\u00e9s \u00e0 faire preuve d\u2019excellence dans nos activit\u00e9s immobili\u00e8res. En certifiant nos propri\u00e9t\u00e9s selon les normes BOMA BEST ou LEED, nous d\u00e9montrons que nous avons int\u00e9gr\u00e9 des pratiques exemplaires en mati\u00e8re de gestion de l\u2019\u00e9nergie et de l\u2019eau, de sant\u00e9 et de bien-\u00eatre, et d\u2019engagement des locataires dans l\u2019ensemble de notre portefeuille diversifi\u00e9.<\/p>\n\t\t\t\t<\/div>\n\t\t\t\t\t\t\t\t\t\t\t\t\t\t\t\t\t\t\t<\/div>\n\t\t\t\t\t<\/div>\n\t\t\t\t\t<div class=\"col-lg-0 col-xl-1\"><\/div>\n\t\t\t\t<\/div><!-- end row -->\n\t<\/div><!-- end container -->\n\t<\/div><!-- end image-text__container -->\n        \n\t\t<div class=\"component-container block--light\">\n\t\t\t<div class=\"container\">\n\t\t\t\t<div class=\"row centered\">\n\t\t\t\t\t<div class=\"col-xxs-12 col-md-10 col-lg-9 col-xl-7\">\n\t\t\t\t\t\t<div class=\"body-copy__content\">\n\t\t\t\t\t\t\t\n<h4 class=\"is-style-heading-two--large\"><span class=\"has-accent-color\">Affiliations<\/span><\/h4>\n\n\t\t\t\t\t\t\t<div class=\"text-center\">\n\t\t\t\t\t\n<p>Nous nous effor\u00e7ons de construire et de g\u00e9rer nos biens immobiliers selon la norme la plus \u00e9lev\u00e9e, en faisant \u00e9voluer et en favorisant les pratiques durables dans les activit\u00e9s immobili\u00e8res et commerciales.<\/p>\n\t\t\t\t<\/div>\n\t\t\t\t\t\t\n\t\t\t\t\t\t<\/div>\n\t\t\t\t\t<\/div>\n\t\t\t\t<\/div>\n\t\t\t<\/div>\n\t\t<\/div>\n\n\t\t        <div class=\"logo-container component-container container\">\n          <div class=\"logo-container__inner\">\n                        <div class=\"logo-container__items\">\n              <div class=\"row logo-container__row\">\n                                  <div class=\"col-xxs-6 col-md-4 center-xxs logo-container__item\">\n            <div class=\"logo-container__item__single\">\n              <img decoding=\"async\" src=\"https:\/\/choicewp.joeyai.app\/wp-content\/uploads\/2020\/12\/Sustainability-Logo-BOMA-Best-1-300x94.png\" class=\"attachment-medium size-medium\" alt=\"\" \/>            <\/div>\n            \n\t<\/div>\n\t                          <div class=\"col-xxs-6 col-md-4 center-xxs logo-container__item\">\n            <div class=\"logo-container__item__single\">\n              <img decoding=\"async\" src=\"https:\/\/choicewp.joeyai.app\/wp-content\/uploads\/2020\/12\/Sustainability-Logo-CaGBC-LEED-300x300.png\" class=\"attachment-medium size-medium\" alt=\"\" \/>            <\/div>\n            \n\t<\/div>\n\t                          <div class=\"col-xxs-6 col-md-4 center-xxs logo-container__item\">\n            <div class=\"logo-container__item__single\">\n              <img decoding=\"async\" src=\"https:\/\/choicewp.joeyai.app\/wp-content\/uploads\/2020\/12\/Sustainability-Logo-GRESB-300x235.png\" class=\"attachment-medium size-medium\" alt=\"Sustainability - Logo - GRESB\" \/>            <\/div>\n            \n\t<\/div>\n\t                          <div class=\"col-xxs-6 col-md-4 center-xxs logo-container__item\">\n            <div class=\"logo-container__item__single\">\n              <img decoding=\"async\" src=\"https:\/\/choicewp.joeyai.app\/wp-content\/uploads\/2020\/12\/Sustainability-Logo-Urban-Land-Institute-ULI-300x86.png\" class=\"attachment-medium size-medium\" alt=\"\" \/>            <\/div>\n            \n\t<\/div>\n\t                          <div class=\"col-xxs-6 col-md-4 center-xxs logo-container__item\">\n            <div class=\"logo-container__item__single\">\n              <img decoding=\"async\" src=\"https:\/\/choicewp.joeyai.app\/wp-content\/uploads\/2020\/12\/Sustainability-Logo-RealPac-1-300x127.png\" class=\"attachment-medium size-medium\" alt=\"Sustainability - Logo - RealPac\" \/>            <\/div>\n            \n\t<\/div>\n\t                          <div class=\"col-xxs-6 col-md-4 center-xxs logo-container__item\">\n            <div class=\"logo-container__item__single\">\n              <img decoding=\"async\" src=\"https:\/\/choicewp.joeyai.app\/wp-content\/uploads\/2025\/01\/cagbc-logo.png\" class=\"attachment-medium size-medium\" alt=\"\" \/>            <\/div>\n            \n\t<\/div>\n\t                      <\/div>\n            <\/div>\n          <\/div>\n        <\/div>\n        \n\t\t<div class=\"container page-strip__container component-container block--light\">\n\t\t\t<div class=\"page-strip is-accent-color accent-color-override accent-color-purple\">\n\t\t\t\t<div class=\"row centered\">\n\n\t\t\t\t\t<div class=\"col-sm-12 col-md-10 col-lg-8 col-xl-7\">\n\t\t\t\t\t\t\n\t\t\t\t\t\t\t\t\t\t\t\t\t<h2 class=\"heading-two heading--dark\">Renforcer les communaut\u00e9s pour prosp\u00e9rer<\/h2>\n\t\t\t\t\t\t\n\t\t\t\t\t\t<div class=\"page-strip__innerblocks\">\n\t\t\t\t\t\t\t\n\n\n\n<div class=\"wp-block-button is-style-outline--accent cpr-button-icon cpr-button--arrow cpr-button\"><a class=\"wp-block-button__link wp-element-button\" href=\"https:\/\/choicewp.joeyai.app\/fr\/choice-cares-fr\/\">D\u00e9couvrez nos initiatives de durabilit\u00e9 sociale<svg class=\"icon-for-button\"><use xlink:href=\"#icon-arrow\"><\/use><\/svg><\/a><\/div>\n\n\t\t\t\t\t\t<\/div>\n\t\t\t\t\t<\/div>\n\n\t\t\t\t<\/div>\n\t\t\t<\/div>\n\t\t<\/div>\n\n        ","protected":false},"excerpt":{"rendered":"","protected":false},"author":1,"featured_media":4031,"parent":0,"menu_order":0,"comment_status":"closed","ping_status":"closed","template":"","meta":{"accent-color-admin":"accent-color-green","header_style":"rounded","accent-color":"accent-color-green","header_eyebrow":"","header_center":"","header_excerpt":"","header_title":"Lutte contre les changements climatiques","header_button_text":"T\u00e9l\u00e9charger le rapport en route vers le net z\u00e9ro","header_button_link":"https:\/\/choicewp.joeyai.app\/wp-content\/uploads\/2024\/01\/Choice_Pathway_to_Net_Zero.pdf","header_button_icon":"download","first_item_spacing":"","news_release_detail":"","footnotes":""},"class_list":["post-3937","page","type-page","status-publish","has-post-thumbnail","hentry"],"yoast_head":"<!-- This site is optimized with the Yoast SEO plugin v24.9 - https:\/\/yoast.com\/wordpress\/plugins\/seo\/ -->\r\n<title>Environnement - Choice Properties<\/title>\r\n<meta name=\"robots\" content=\"noindex, follow, max-snippet:-1, max-image-preview:large, max-video-preview:-1\" \/>\r\n<meta property=\"og:locale\" content=\"fr_FR\" \/>\r\n<meta property=\"og:type\" content=\"article\" \/>\r\n<meta property=\"og:title\" content=\"Environnement - Choice Properties\" \/>\r\n<meta property=\"og:url\" content=\"https:\/\/choicewp.joeyai.app\/environment\/\" \/>\r\n<meta property=\"og:site_name\" content=\"Choice Properties\" \/>\r\n<meta property=\"article:modified_time\" content=\"2025-01-07T15:16:38+00:00\" \/>\r\n<meta property=\"og:image\" content=\"https:\/\/choicewp.joeyai.app\/wp-content\/uploads\/2020\/11\/envhero.jpg\" \/>\r\n\t<meta property=\"og:image:width\" content=\"1500\" \/>\r\n\t<meta property=\"og:image:height\" content=\"1001\" \/>\r\n\t<meta property=\"og:image:type\" content=\"image\/jpeg\" \/>\r\n<meta name=\"twitter:card\" content=\"summary_large_image\" \/>\r\n<meta name=\"twitter:label1\" content=\"Est. reading time\" \/>\n\t<meta name=\"twitter:data1\" content=\"2 minutes\" \/>\r\n<script type=\"application\/ld+json\" class=\"yoast-schema-graph\">{\"@context\":\"https:\/\/schema.org\",\"@graph\":[{\"@type\":\"WebPage\",\"@id\":\"https:\/\/choicewp.joeyai.app\/environment\/\",\"url\":\"https:\/\/choicewp.joeyai.app\/environment\/\",\"name\":\"Environnement - Choice Properties\",\"isPartOf\":{\"@id\":\"https:\/\/choicewp.joeyai.app\/#website\"},\"primaryImageOfPage\":{\"@id\":\"https:\/\/choicewp.joeyai.app\/environment\/#primaryimage\"},\"image\":{\"@id\":\"https:\/\/choicewp.joeyai.app\/environment\/#primaryimage\"},\"thumbnailUrl\":\"https:\/\/choicewp.joeyai.app\/wp-content\/uploads\/2020\/11\/envhero.jpg\",\"datePublished\":\"2020-11-24T00:01:09+00:00\",\"dateModified\":\"2025-01-07T15:16:38+00:00\",\"breadcrumb\":{\"@id\":\"https:\/\/choicewp.joeyai.app\/environment\/#breadcrumb\"},\"inLanguage\":\"fr-FR\",\"potentialAction\":[{\"@type\":\"ReadAction\",\"target\":[\"https:\/\/choicewp.joeyai.app\/environment\/\"]}]},{\"@type\":\"ImageObject\",\"inLanguage\":\"fr-FR\",\"@id\":\"https:\/\/choicewp.joeyai.app\/environment\/#primaryimage\",\"url\":\"https:\/\/choicewp.joeyai.app\/wp-content\/uploads\/2020\/11\/envhero.jpg\",\"contentUrl\":\"https:\/\/choicewp.joeyai.app\/wp-content\/uploads\/2020\/11\/envhero.jpg\",\"width\":1500,\"height\":1001,\"caption\":\"envhero\"},{\"@type\":\"BreadcrumbList\",\"@id\":\"https:\/\/choicewp.joeyai.app\/environment\/#breadcrumb\",\"itemListElement\":[{\"@type\":\"ListItem\",\"position\":1,\"name\":\"Home\",\"item\":\"https:\/\/choicewp.joeyai.app\/fr\/\"},{\"@type\":\"ListItem\",\"position\":2,\"name\":\"Environnement\"}]},{\"@type\":\"WebSite\",\"@id\":\"https:\/\/choicewp.joeyai.app\/#website\",\"url\":\"https:\/\/choicewp.joeyai.app\/\",\"name\":\"Choice Properties\",\"description\":\"Places People Thrive\",\"publisher\":{\"@id\":\"https:\/\/choicewp.joeyai.app\/#organization\"},\"potentialAction\":[{\"@type\":\"SearchAction\",\"target\":{\"@type\":\"EntryPoint\",\"urlTemplate\":\"https:\/\/choicewp.joeyai.app\/?s={search_term_string}\"},\"query-input\":{\"@type\":\"PropertyValueSpecification\",\"valueRequired\":true,\"valueName\":\"search_term_string\"}}],\"inLanguage\":\"fr-FR\"},{\"@type\":\"Organization\",\"@id\":\"https:\/\/choicewp.joeyai.app\/#organization\",\"name\":\"Choice Properties\",\"url\":\"https:\/\/choicewp.joeyai.app\/\",\"logo\":{\"@type\":\"ImageObject\",\"inLanguage\":\"fr-FR\",\"@id\":\"https:\/\/choicewp.joeyai.app\/#\/schema\/logo\/image\/\",\"url\":\"https:\/\/choicewp.joeyai.app\/wp-content\/uploads\/2021\/03\/cropped-Choice-Properties-Image-Primary-Red-Grey-1.png\",\"contentUrl\":\"https:\/\/choicewp.joeyai.app\/wp-content\/uploads\/2021\/03\/cropped-Choice-Properties-Image-Primary-Red-Grey-1.png\",\"width\":4143,\"height\":785,\"caption\":\"Choice Properties\"},\"image\":{\"@id\":\"https:\/\/choicewp.joeyai.app\/#\/schema\/logo\/image\/\"},\"sameAs\":[\"https:\/\/www.instagram.com\/choicereit\/\",\"https:\/\/www.linkedin.com\/company\/choicereit\/\"]}]}<\/script>\r\n<!-- \/ Yoast SEO plugin. -->","yoast_head_json":{"title":"Environnement - Choice Properties","robots":{"index":"noindex","follow":"follow","max-snippet":"max-snippet:-1","max-image-preview":"max-image-preview:large","max-video-preview":"max-video-preview:-1"},"og_locale":"fr_FR","og_type":"article","og_title":"Environnement - Choice Properties","og_url":"https:\/\/choicewp.joeyai.app\/environment\/","og_site_name":"Choice Properties","article_modified_time":"2025-01-07T15:16:38+00:00","og_image":[{"width":1500,"height":1001,"url":"https:\/\/choicewp.joeyai.app\/wp-content\/uploads\/2020\/11\/envhero.jpg","type":"image\/jpeg"}],"twitter_card":"summary_large_image","twitter_misc":{"Est. reading time":"2 minutes"},"schema":{"@context":"https:\/\/schema.org","@graph":[{"@type":"WebPage","@id":"https:\/\/choicewp.joeyai.app\/environment\/","url":"https:\/\/choicewp.joeyai.app\/environment\/","name":"Environnement - Choice Properties","isPartOf":{"@id":"https:\/\/choicewp.joeyai.app\/#website"},"primaryImageOfPage":{"@id":"https:\/\/choicewp.joeyai.app\/environment\/#primaryimage"},"image":{"@id":"https:\/\/choicewp.joeyai.app\/environment\/#primaryimage"},"thumbnailUrl":"https:\/\/choicewp.joeyai.app\/wp-content\/uploads\/2020\/11\/envhero.jpg","datePublished":"2020-11-24T00:01:09+00:00","dateModified":"2025-01-07T15:16:38+00:00","breadcrumb":{"@id":"https:\/\/choicewp.joeyai.app\/environment\/#breadcrumb"},"inLanguage":"fr-FR","potentialAction":[{"@type":"ReadAction","target":["https:\/\/choicewp.joeyai.app\/environment\/"]}]},{"@type":"ImageObject","inLanguage":"fr-FR","@id":"https:\/\/choicewp.joeyai.app\/environment\/#primaryimage","url":"https:\/\/choicewp.joeyai.app\/wp-content\/uploads\/2020\/11\/envhero.jpg","contentUrl":"https:\/\/choicewp.joeyai.app\/wp-content\/uploads\/2020\/11\/envhero.jpg","width":1500,"height":1001,"caption":"envhero"},{"@type":"BreadcrumbList","@id":"https:\/\/choicewp.joeyai.app\/environment\/#breadcrumb","itemListElement":[{"@type":"ListItem","position":1,"name":"Home","item":"https:\/\/choicewp.joeyai.app\/fr\/"},{"@type":"ListItem","position":2,"name":"Environnement"}]},{"@type":"WebSite","@id":"https:\/\/choicewp.joeyai.app\/#website","url":"https:\/\/choicewp.joeyai.app\/","name":"Choice Properties","description":"Places People Thrive","publisher":{"@id":"https:\/\/choicewp.joeyai.app\/#organization"},"potentialAction":[{"@type":"SearchAction","target":{"@type":"EntryPoint","urlTemplate":"https:\/\/choicewp.joeyai.app\/?s={search_term_string}"},"query-input":{"@type":"PropertyValueSpecification","valueRequired":true,"valueName":"search_term_string"}}],"inLanguage":"fr-FR"},{"@type":"Organization","@id":"https:\/\/choicewp.joeyai.app\/#organization","name":"Choice Properties","url":"https:\/\/choicewp.joeyai.app\/","logo":{"@type":"ImageObject","inLanguage":"fr-FR","@id":"https:\/\/choicewp.joeyai.app\/#\/schema\/logo\/image\/","url":"https:\/\/choicewp.joeyai.app\/wp-content\/uploads\/2021\/03\/cropped-Choice-Properties-Image-Primary-Red-Grey-1.png","contentUrl":"https:\/\/choicewp.joeyai.app\/wp-content\/uploads\/2021\/03\/cropped-Choice-Properties-Image-Primary-Red-Grey-1.png","width":4143,"height":785,"caption":"Choice Properties"},"image":{"@id":"https:\/\/choicewp.joeyai.app\/#\/schema\/logo\/image\/"},"sameAs":["https:\/\/www.instagram.com\/choicereit\/","https:\/\/www.linkedin.com\/company\/choicereit\/"]}]}},"_links":{"self":[{"href":"https:\/\/choicewp.joeyai.app\/fr\/wp-json\/wp\/v2\/pages\/3937","targetHints":{"allow":["GET"]}}],"collection":[{"href":"https:\/\/choicewp.joeyai.app\/fr\/wp-json\/wp\/v2\/pages"}],"about":[{"href":"https:\/\/choicewp.joeyai.app\/fr\/wp-json\/wp\/v2\/types\/page"}],"author":[{"embeddable":true,"href":"https:\/\/choicewp.joeyai.app\/fr\/wp-json\/wp\/v2\/users\/1"}],"replies":[{"embeddable":true,"href":"https:\/\/choicewp.joeyai.app\/fr\/wp-json\/wp\/v2\/comments?post=3937"}],"version-history":[{"count":15,"href":"https:\/\/choicewp.joeyai.app\/fr\/wp-json\/wp\/v2\/pages\/3937\/revisions"}],"predecessor-version":[{"id":14939,"href":"https:\/\/choicewp.joeyai.app\/fr\/wp-json\/wp\/v2\/pages\/3937\/revisions\/14939"}],"wp:featuredmedia":[{"embeddable":true,"href":"https:\/\/choicewp.joeyai.app\/fr\/wp-json\/wp\/v2\/media\/4031"}],"wp:attachment":[{"href":"https:\/\/choicewp.joeyai.app\/fr\/wp-json\/wp\/v2\/media?parent=3937"}],"curies":[{"name":"wp","href":"https:\/\/api.w.org\/{rel}","templated":true}]}}