{"id":3940,"date":"2020-11-23T18:24:29","date_gmt":"2020-11-23T23:24:29","guid":{"rendered":"https:\/\/choicewp.joeyai.app\/\/?page_id=3940"},"modified":"2024-08-15T11:54:00","modified_gmt":"2024-08-15T15:54:00","slug":"about-overview-fr","status":"publish","type":"page","link":"https:\/\/choicewp.joeyai.app\/fr\/about-overview-fr\/","title":{"rendered":"Aper\u00e7u"},"content":{"rendered":"\n\t\t<div class=\"component-container block--light\">\n\t\t\t<div class=\"container\">\n\t\t\t\t<div class=\"row centered\">\n\t\t\t\t\t<div class=\"col-xxs-12 col-md-10 col-lg-9 col-xl-7\">\n\t\t\t\t\t\t<div class=\"body-copy__content\">\n\t\t\t\t\t\t\t\n\t\t\t\t\t\t\t<div class=\"text-left\">\n\t\t\t\t\t\n<p>Propri\u00e9t\u00e9s de Choix est une fiducie de placement immobilier de premier plan qui cr\u00e9e de la valeur durable gr\u00e2ce \u00e0 des endroits o\u00f9 les gens prosp\u00e8rent.<br><br>Nous sommes bien plus qu\u2019un simple propri\u00e9taire, op\u00e9rateur et promoteur national de biens immobiliers commerciaux et r\u00e9sidentiels de premi\u00e8re qualit\u00e9. Nous croyons en la cr\u00e9ation d\u2019espaces qui am\u00e9liorent la fa\u00e7on dont nos locataires et les communaut\u00e9s se rencontrent pour vivre, travailler et se connecter. Cela implique que nous profitions de notre position de leader dans l\u2019industrie pour int\u00e9grer des pratiques de durabilit\u00e9 environnementale, sociale et \u00e9conomique dans tous les aspects de nos activit\u00e9s. Chacun de nos gestes est guid\u00e9 par un ensemble de valeurs communes (Engagement, Tenir \u00e0 c\u0153ur, Respect et Excellence).<\/p>\n\t\t\t\t<\/div>\n\t\t\t\t\t\t\n\t\t\t\t\t\t<\/div>\n\t\t\t\t\t<\/div>\n\t\t\t\t<\/div>\n\t\t\t<\/div>\n\t\t<\/div>\n\n\t\t\t<div class=\"component-container image-text__container block--light\">\n\t<div class=\"container\">\n\t\t\t\t<div class=\"row centered   \">\n\t\t\t\t\t<div class=\"col-xxs-10 col-sm-8 col-md-7 col-lg-6 col-xl-5 col-v-center\">\n\t\t\t\t\t\t\t\t\t\t\t\t<div class=\"image-text__image image--circle animated-element\" data-animate=\"opacity-in\" style=\"background-image: url(https:\/\/choicewp.joeyai.app\/wp-content\/uploads\/2024\/03\/TSX-812x1024.jpg)\"><\/div>\n\t\t\t\t\t\t\t\t\t\t\t<\/div>\n\t\t\t\t\t<div class=\"col-lg-1 col-xl-1\"><\/div>\n\t\t\t\t\t<div class=\"col-xxs-12 col-lg-5 col-xl-5 col-v-center\">\n\t\t\t\t\t\t<div class=\"image-text__content animated-element\" data-animate=\"slide-in\">\n\t\t\t\t\t\t\t\n\t\t\t\t\t\t\t\t\t\t\t\t\t\t\t<h2 class=\"heading-one\"><span class=\"has-accent-color\">Notre \u00e9quipe de direction<\/span><\/h2>\n\t\t\t\t\t\t\t\n\t\t\t\t\t\t\t                    \t\t\t\t\t\t\t<div class=\"text-left\">\n\t\t\t\t\t\n<p>Notre \u00e9quipe de la haute direction est compos\u00e9e d\u2019experts qui prennent en charge les initiatives strat\u00e9giques, collaborent avec leurs coll\u00e8gues pour produire des r\u00e9sultats et s\u2019efforcent de transmettre la richesse de leur exp\u00e9rience afin de procurer \u00e0 nos employ\u00e9s et \u00e0 notre entreprise tous les outils n\u00e9cessaires \u00e0 une r\u00e9ussite \u00e0 long terme.<\/p>\n\t\t\t\t<\/div>\n\t\t\t\t\t\t\t\t\t\t\t\t\t                    \n<div class=\"wp-block-button is-style-fill--accent cpr-button-icon cpr-button--arrow cpr-button\"><a class=\"wp-block-button__link wp-element-button\" href=\"https:\/\/choicewp.joeyai.app\/fr\/about-overview-fr\/\">En savoir plus<svg class=\"icon-for-button\"><use xlink:href=\"#icon-arrow\"><\/use><\/svg><\/a><\/div>\n\t\t\t\t\t\t\t\t\t\t\t\t\t<\/div>\n\t\t\t\t\t<\/div>\n\t\t\t\t\t<div class=\"col-lg-0 col-xl-1\"><\/div>\n\t\t\t\t<\/div><!-- end row -->\n\t<\/div><!-- end container -->\n\t<\/div><!-- end image-text__container -->\n        \t<div class=\"component-container image-text__container block--light\">\n\t<div class=\"container\">\n\t\t\t\t<div class=\"row centered  accent-color-override accent-color-red reverse \">\n\t\t\t\t\t<div class=\"col-xxs-10 col-sm-8 col-md-7 col-lg-6 col-xl-5 col-v-center\">\n\t\t\t\t\t\t\t\t\t\t\t\t<div class=\"image-text__image image--circle animated-element\" data-animate=\"opacity-in\" style=\"background-image: url(https:\/\/choicewp.joeyai.app\/wp-content\/uploads\/2024\/04\/Bathurst-St-Clair-Retail-2-886x1024.jpg)\"><\/div>\n\t\t\t\t\t\t\t\t\t\t\t<\/div>\n\t\t\t\t\t<div class=\"col-lg-1 col-xl-1\"><\/div>\n\t\t\t\t\t<div class=\"col-xxs-12 col-lg-5 col-xl-5 col-v-center\">\n\t\t\t\t\t\t<div class=\"image-text__content animated-element\" data-animate=\"slide-in\">\n\t\t\t\t\t\t\t\n\t\t\t\t\t\t\t\t\t\t\t\t\t\t\t<h2 class=\"heading-one\"><span class=\"has-accent-color\">Notre portfolio<\/span><\/h2>\n\t\t\t\t\t\t\t\n\t\t\t\t\t\t\t                    \t\t\t\t\t\t\t<div class=\"text-left\">\n\t\t\t\t\t\n<p>Nous avons une pr\u00e9sence nationale de grande qualit\u00e9 l\u00e0 o\u00f9 les Canadiens vivent et travaillent.<\/p>\n\t\t\t\t<\/div>\n\t\t\t\t\t\t\t\t\t\t\t\t\t                    \n<div class=\"wp-block-button is-style-fill--accent cpr-button\"><a class=\"wp-block-button__link wp-element-button\" href=\"https:\/\/choicewp.joeyai.app\/fr\/portfolio-fr\/\">En savoir plus sur notre portefeuille<svg class=\"icon-for-button\"><use xlink:href=\"#icon-arrow\"><\/use><\/svg><\/a><\/div>\n\t\t\t\t\t\t\t\t\t\t\t\t\t<\/div>\n\t\t\t\t\t<\/div>\n\t\t\t\t\t<div class=\"col-lg-0 col-xl-1\"><\/div>\n\t\t\t\t<\/div><!-- end row -->\n\t<\/div><!-- end container -->\n\t<\/div><!-- end image-text__container -->\n        \n        \t\t<div class=\"component-container block--light\">\n\t\t\t<div  class=\"container\">\n\t\t\t\t<div  class=\"page-strip page-strip--background animated-element\" data-animate=\"opacity-in\">\n\t\t\t\t\t<div class=\"page-strip__background-image parallax\" style=\"background-image: url(https:\/\/choicewp.joeyai.app\/wp-content\/uploads\/2024\/04\/Uline-Industrial-scaled.jpg)\"><\/div>\n\t\t\t\t\t<div class=\"page-strip__overlay\" style=\"background-image: linear-gradient(rgba(0, 0, 0, 0.5), rgba(0, 0, 0, 0.5));\"><\/div>\n\t\t\t\t\t<div class=\"row centered\">\n\t\t\t\t\t\t\t<div class=\"col-sm-12 col-md-10 col-lg-8 col-xl-7\">\n\t\t\t\t\t\t\t\t\n\t\t\t\t\t\t\t\t\t\t\t\t\t\t\t\t\t<h2 class=\"heading-two animated-element\" data-animate=\"slide-in\">Int\u00e9grer la durabilit\u00e9<\/h2>\n\t\t\t\t\t\t\t\t\n\t\t\t\t\t\t\t\t<div class=\"page-strip__innerblock animated-element\" data-animate=\"slide-in\">\n\t\t\t\t\t\t\t\t\t\n\t\t\t\t\t\t\t<div class=\"text-left\">\n\t\t\t\t\t\n<p>La durabilit\u00e9 fait partie int\u00e9grante de notre objectif. Nos initiatives en mati\u00e8re de durabilit\u00e9 environnementale, sociale et \u00e9conomique sont essentielles pour soutenir nos locataires, coll\u00e8gues et parties prenantes. Nous continuons \u00e0 renforcer la r\u00e9silience dans l\u2019ensemble de notre entreprise et pour nos communaut\u00e9s.<\/p>\n\t\t\t\t<\/div>\n\t\t\t\t\t\t\n\n\n<div class=\"wp-block-button is-style-fill--accent cpr-button\"><a class=\"wp-block-button__link wp-element-button\" href=\"https:\/\/choicewp.joeyai.app\/fr\/sustainability-fr\/\">En savoir plus sur notre programme de d\u00e9veloppement durable<svg class=\"icon-for-button\"><use xlink:href=\"#icon-arrow\"><\/use><\/svg><\/a><\/div>\n\n\t\t\t\t\t\t\t\t<\/div>\n\t\t\t\t\t\t\t<\/div>\n\t\t\t\t\t<\/div>\n\t\t\t\t<\/div>\n\t\t\t<\/div>\n\t\t<\/div>\n\t\t\n        ","protected":false},"excerpt":{"rendered":"","protected":false},"author":1,"featured_media":7399,"parent":0,"menu_order":0,"comment_status":"closed","ping_status":"closed","template":"","meta":{"accent-color-admin":"","header_style":"rounded","accent-color":"accent-color-red","header_eyebrow":"","header_center":"","header_excerpt":"","header_title":"Des endroits o\u00f9 les gens prosp\u00e8rent","header_button_text":"","header_button_link":"","header_button_icon":"","first_item_spacing":"reduced","news_release_detail":"","footnotes":""},"class_list":["post-3940","page","type-page","status-publish","has-post-thumbnail","hentry"],"yoast_head":"<!-- This site is optimized with the Yoast SEO plugin v24.9 - https:\/\/yoast.com\/wordpress\/plugins\/seo\/ -->\r\n<title>Aper\u00e7u - Choice Properties<\/title>\r\n<meta name=\"robots\" content=\"noindex, follow, max-snippet:-1, max-image-preview:large, max-video-preview:-1\" \/>\r\n<meta property=\"og:locale\" content=\"fr_FR\" \/>\r\n<meta property=\"og:type\" content=\"article\" \/>\r\n<meta property=\"og:title\" content=\"Aper\u00e7u - Choice Properties\" \/>\r\n<meta property=\"og:url\" content=\"https:\/\/choicewp.joeyai.app\/about-overview\/\" \/>\r\n<meta property=\"og:site_name\" content=\"Choice Properties\" \/>\r\n<meta property=\"article:modified_time\" content=\"2024-08-15T15:54:00+00:00\" \/>\r\n<meta property=\"og:image\" content=\"https:\/\/choicewp.joeyai.app\/wp-content\/uploads\/2021\/03\/About-Banner-scaled.jpg\" \/>\r\n\t<meta property=\"og:image:width\" content=\"2560\" \/>\r\n\t<meta property=\"og:image:height\" content=\"1709\" \/>\r\n\t<meta property=\"og:image:type\" content=\"image\/jpeg\" \/>\r\n<meta name=\"twitter:card\" content=\"summary_large_image\" \/>\r\n<meta name=\"twitter:label1\" content=\"Est. reading time\" \/>\n\t<meta name=\"twitter:data1\" content=\"2 minutes\" \/>\r\n<script type=\"application\/ld+json\" class=\"yoast-schema-graph\">{\"@context\":\"https:\/\/schema.org\",\"@graph\":[{\"@type\":\"WebPage\",\"@id\":\"https:\/\/choicewp.joeyai.app\/about-overview\/\",\"url\":\"https:\/\/choicewp.joeyai.app\/about-overview\/\",\"name\":\"Aper\u00e7u - Choice Properties\",\"isPartOf\":{\"@id\":\"https:\/\/choicewp.joeyai.app\/#website\"},\"primaryImageOfPage\":{\"@id\":\"https:\/\/choicewp.joeyai.app\/about-overview\/#primaryimage\"},\"image\":{\"@id\":\"https:\/\/choicewp.joeyai.app\/about-overview\/#primaryimage\"},\"thumbnailUrl\":\"https:\/\/choicewp.joeyai.app\/wp-content\/uploads\/2021\/03\/About-Banner-scaled.jpg\",\"datePublished\":\"2020-11-23T23:24:29+00:00\",\"dateModified\":\"2024-08-15T15:54:00+00:00\",\"breadcrumb\":{\"@id\":\"https:\/\/choicewp.joeyai.app\/about-overview\/#breadcrumb\"},\"inLanguage\":\"fr-FR\",\"potentialAction\":[{\"@type\":\"ReadAction\",\"target\":[\"https:\/\/choicewp.joeyai.app\/about-overview\/\"]}]},{\"@type\":\"ImageObject\",\"inLanguage\":\"fr-FR\",\"@id\":\"https:\/\/choicewp.joeyai.app\/about-overview\/#primaryimage\",\"url\":\"https:\/\/choicewp.joeyai.app\/wp-content\/uploads\/2021\/03\/About-Banner-scaled.jpg\",\"contentUrl\":\"https:\/\/choicewp.joeyai.app\/wp-content\/uploads\/2021\/03\/About-Banner-scaled.jpg\",\"width\":2560,\"height\":1709,\"caption\":\"Skyline View Of Toronto Downtown\"},{\"@type\":\"BreadcrumbList\",\"@id\":\"https:\/\/choicewp.joeyai.app\/about-overview\/#breadcrumb\",\"itemListElement\":[{\"@type\":\"ListItem\",\"position\":1,\"name\":\"Home\",\"item\":\"https:\/\/choicewp.joeyai.app\/fr\/\"},{\"@type\":\"ListItem\",\"position\":2,\"name\":\"Aper\u00e7u\"}]},{\"@type\":\"WebSite\",\"@id\":\"https:\/\/choicewp.joeyai.app\/#website\",\"url\":\"https:\/\/choicewp.joeyai.app\/\",\"name\":\"Choice Properties\",\"description\":\"Places People Thrive\",\"publisher\":{\"@id\":\"https:\/\/choicewp.joeyai.app\/#organization\"},\"potentialAction\":[{\"@type\":\"SearchAction\",\"target\":{\"@type\":\"EntryPoint\",\"urlTemplate\":\"https:\/\/choicewp.joeyai.app\/?s={search_term_string}\"},\"query-input\":{\"@type\":\"PropertyValueSpecification\",\"valueRequired\":true,\"valueName\":\"search_term_string\"}}],\"inLanguage\":\"fr-FR\"},{\"@type\":\"Organization\",\"@id\":\"https:\/\/choicewp.joeyai.app\/#organization\",\"name\":\"Choice Properties\",\"url\":\"https:\/\/choicewp.joeyai.app\/\",\"logo\":{\"@type\":\"ImageObject\",\"inLanguage\":\"fr-FR\",\"@id\":\"https:\/\/choicewp.joeyai.app\/#\/schema\/logo\/image\/\",\"url\":\"https:\/\/choicewp.joeyai.app\/wp-content\/uploads\/2021\/03\/cropped-Choice-Properties-Image-Primary-Red-Grey-1.png\",\"contentUrl\":\"https:\/\/choicewp.joeyai.app\/wp-content\/uploads\/2021\/03\/cropped-Choice-Properties-Image-Primary-Red-Grey-1.png\",\"width\":4143,\"height\":785,\"caption\":\"Choice Properties\"},\"image\":{\"@id\":\"https:\/\/choicewp.joeyai.app\/#\/schema\/logo\/image\/\"},\"sameAs\":[\"https:\/\/www.instagram.com\/choicereit\/\",\"https:\/\/www.linkedin.com\/company\/choicereit\/\"]}]}<\/script>\r\n<!-- \/ Yoast SEO plugin. -->","yoast_head_json":{"title":"Aper\u00e7u - Choice Properties","robots":{"index":"noindex","follow":"follow","max-snippet":"max-snippet:-1","max-image-preview":"max-image-preview:large","max-video-preview":"max-video-preview:-1"},"og_locale":"fr_FR","og_type":"article","og_title":"Aper\u00e7u - Choice Properties","og_url":"https:\/\/choicewp.joeyai.app\/about-overview\/","og_site_name":"Choice Properties","article_modified_time":"2024-08-15T15:54:00+00:00","og_image":[{"width":2560,"height":1709,"url":"https:\/\/choicewp.joeyai.app\/wp-content\/uploads\/2021\/03\/About-Banner-scaled.jpg","type":"image\/jpeg"}],"twitter_card":"summary_large_image","twitter_misc":{"Est. reading time":"2 minutes"},"schema":{"@context":"https:\/\/schema.org","@graph":[{"@type":"WebPage","@id":"https:\/\/choicewp.joeyai.app\/about-overview\/","url":"https:\/\/choicewp.joeyai.app\/about-overview\/","name":"Aper\u00e7u - Choice Properties","isPartOf":{"@id":"https:\/\/choicewp.joeyai.app\/#website"},"primaryImageOfPage":{"@id":"https:\/\/choicewp.joeyai.app\/about-overview\/#primaryimage"},"image":{"@id":"https:\/\/choicewp.joeyai.app\/about-overview\/#primaryimage"},"thumbnailUrl":"https:\/\/choicewp.joeyai.app\/wp-content\/uploads\/2021\/03\/About-Banner-scaled.jpg","datePublished":"2020-11-23T23:24:29+00:00","dateModified":"2024-08-15T15:54:00+00:00","breadcrumb":{"@id":"https:\/\/choicewp.joeyai.app\/about-overview\/#breadcrumb"},"inLanguage":"fr-FR","potentialAction":[{"@type":"ReadAction","target":["https:\/\/choicewp.joeyai.app\/about-overview\/"]}]},{"@type":"ImageObject","inLanguage":"fr-FR","@id":"https:\/\/choicewp.joeyai.app\/about-overview\/#primaryimage","url":"https:\/\/choicewp.joeyai.app\/wp-content\/uploads\/2021\/03\/About-Banner-scaled.jpg","contentUrl":"https:\/\/choicewp.joeyai.app\/wp-content\/uploads\/2021\/03\/About-Banner-scaled.jpg","width":2560,"height":1709,"caption":"Skyline View Of Toronto Downtown"},{"@type":"BreadcrumbList","@id":"https:\/\/choicewp.joeyai.app\/about-overview\/#breadcrumb","itemListElement":[{"@type":"ListItem","position":1,"name":"Home","item":"https:\/\/choicewp.joeyai.app\/fr\/"},{"@type":"ListItem","position":2,"name":"Aper\u00e7u"}]},{"@type":"WebSite","@id":"https:\/\/choicewp.joeyai.app\/#website","url":"https:\/\/choicewp.joeyai.app\/","name":"Choice Properties","description":"Places People Thrive","publisher":{"@id":"https:\/\/choicewp.joeyai.app\/#organization"},"potentialAction":[{"@type":"SearchAction","target":{"@type":"EntryPoint","urlTemplate":"https:\/\/choicewp.joeyai.app\/?s={search_term_string}"},"query-input":{"@type":"PropertyValueSpecification","valueRequired":true,"valueName":"search_term_string"}}],"inLanguage":"fr-FR"},{"@type":"Organization","@id":"https:\/\/choicewp.joeyai.app\/#organization","name":"Choice Properties","url":"https:\/\/choicewp.joeyai.app\/","logo":{"@type":"ImageObject","inLanguage":"fr-FR","@id":"https:\/\/choicewp.joeyai.app\/#\/schema\/logo\/image\/","url":"https:\/\/choicewp.joeyai.app\/wp-content\/uploads\/2021\/03\/cropped-Choice-Properties-Image-Primary-Red-Grey-1.png","contentUrl":"https:\/\/choicewp.joeyai.app\/wp-content\/uploads\/2021\/03\/cropped-Choice-Properties-Image-Primary-Red-Grey-1.png","width":4143,"height":785,"caption":"Choice Properties"},"image":{"@id":"https:\/\/choicewp.joeyai.app\/#\/schema\/logo\/image\/"},"sameAs":["https:\/\/www.instagram.com\/choicereit\/","https:\/\/www.linkedin.com\/company\/choicereit\/"]}]}},"_links":{"self":[{"href":"https:\/\/choicewp.joeyai.app\/fr\/wp-json\/wp\/v2\/pages\/3940","targetHints":{"allow":["GET"]}}],"collection":[{"href":"https:\/\/choicewp.joeyai.app\/fr\/wp-json\/wp\/v2\/pages"}],"about":[{"href":"https:\/\/choicewp.joeyai.app\/fr\/wp-json\/wp\/v2\/types\/page"}],"author":[{"embeddable":true,"href":"https:\/\/choicewp.joeyai.app\/fr\/wp-json\/wp\/v2\/users\/1"}],"replies":[{"embeddable":true,"href":"https:\/\/choicewp.joeyai.app\/fr\/wp-json\/wp\/v2\/comments?post=3940"}],"version-history":[{"count":12,"href":"https:\/\/choicewp.joeyai.app\/fr\/wp-json\/wp\/v2\/pages\/3940\/revisions"}],"predecessor-version":[{"id":16522,"href":"https:\/\/choicewp.joeyai.app\/fr\/wp-json\/wp\/v2\/pages\/3940\/revisions\/16522"}],"wp:featuredmedia":[{"embeddable":true,"href":"https:\/\/choicewp.joeyai.app\/fr\/wp-json\/wp\/v2\/media\/7399"}],"wp:attachment":[{"href":"https:\/\/choicewp.joeyai.app\/fr\/wp-json\/wp\/v2\/media?parent=3940"}],"curies":[{"name":"wp","href":"https:\/\/api.w.org\/{rel}","templated":true}]}}