{"id":3943,"date":"2020-11-23T17:10:34","date_gmt":"2020-11-23T22:10:34","guid":{"rendered":"https:\/\/choicewp.joeyai.app\/\/?page_id=3943"},"modified":"2026-02-18T18:20:41","modified_gmt":"2026-02-18T23:20:41","slug":"investors-overview-fr","status":"publish","type":"page","link":"https:\/\/choicewp.joeyai.app\/fr\/investors-overview-fr\/","title":{"rendered":"Aper\u00e7u"},"content":{"rendered":"\t\t<div  class=\"column-content-container__container component-container block--light\">\n\t\t\t<div class=\"container container--stacked\">\n\t\t\t\t<div class=\"column-container column-container--image-square column-container--heading-primary\">\n\n\t\t\t\t\t<div class=\"row\">\n\t\t\t\t\t\t<div class=\"col-xxs-12\">\n\t\t\t\t\t\t\t\t\t\t\t\t\t<\/div>\n\t\t\t\t\t<\/div>\n\n\t\t\t\t\t<div class=\"scroll-container__columns\">\n\t\t\t\t\t\t<div class=\"row row--stacked\">\n\t\t\t\t\t\t\t\t\t<div class=\"col-xxs-12 col-md-6 col-xl-4\">\n\t\t\t\t\t\t\t\t\t<a href=\"https:\/\/choicewp.joeyai.app\/fr\/financial-reports-fr\/\">\n\t\t\t\t\n\t\t\t\t<div class=\"column-content\">\n\t\t\t\t\t<div class=\"column-content__image-container animated-element\" data-animate=\"opacity-in\">\n\t\t\t\t\t\t<div class=\"column-content__image\" style=\"background-image: url(https:\/\/choicewp.joeyai.app\/wp-content\/uploads\/2026\/02\/Artboard-1-2-1024x1024.png)\"><\/div> <!-- end image -->\n\t\t\t\t\t<\/div>\n\t\t\t\t\t<div class=\"column-content__text animated-element\" data-animate=\"opacity-in\">\n\t\t\t\t\t\t\t\t\t\t\t\t                \t\t\t\t\t\t\t\t\t\t\t\t\t\t\t\t\t\t\t\t\t\t<span class=\"faux-link\">T\u00e9l\u00e9charger le rapport<\/span>\n\t\t\t\t\t\t\t\t\t\t\t<\/div>\n\t\t\t\t<\/div> <!-- end column-content -->\n\t\t\t\t\t\t\t\t\t<\/a>\n\t\t\t\t\t\t\t<\/div> <!-- end col -->\n\n        \t\t\t<div class=\"col-xxs-12 col-md-6 col-xl-4\">\n\t\t\t\t\t\t\t\t\t<a href=\"https:\/\/choicewp.joeyai.app\/fr\/presentations\/\">\n\t\t\t\t\n\t\t\t\t<div class=\"column-content\">\n\t\t\t\t\t<div class=\"column-content__image-container animated-element\" data-animate=\"opacity-in\">\n\t\t\t\t\t\t<div class=\"column-content__image\" style=\"background-image: url(https:\/\/choicewp.joeyai.app\/wp-content\/uploads\/2026\/02\/Artboard-1-1-1024x1024.png)\"><\/div> <!-- end image -->\n\t\t\t\t\t<\/div>\n\t\t\t\t\t<div class=\"column-content__text animated-element\" data-animate=\"opacity-in\">\n\t\t\t\t\t\t\t\t\t\t\t\t                \t\t\t\t\t\t\t\t\t\t\t\t\t\t\t\t\t\t\t\t\t\t<span class=\"faux-link\">T\u00e9l\u00e9charger la pr\u00e9sentation investisseurs<\/span>\n\t\t\t\t\t\t\t\t\t\t\t<\/div>\n\t\t\t\t<\/div> <!-- end column-content -->\n\t\t\t\t\t\t\t\t\t<\/a>\n\t\t\t\t\t\t\t<\/div> <!-- end col -->\n\n        \t\t\t<div class=\"col-xxs-12 col-md-6 col-xl-4\">\n\t\t\t\t\t\t\t\t\t<a href=\"https:\/\/choicewp.joeyai.app\/fr\/events-webcasts-fr\/\">\n\t\t\t\t\n\t\t\t\t<div class=\"column-content\">\n\t\t\t\t\t<div class=\"column-content__image-container animated-element\" data-animate=\"opacity-in\">\n\t\t\t\t\t\t<div class=\"column-content__image\" style=\"background-image: url(https:\/\/choicewp.joeyai.app\/wp-content\/uploads\/2026\/02\/Artboard-1-1024x1024.png)\"><\/div> <!-- end image -->\n\t\t\t\t\t<\/div>\n\t\t\t\t\t<div class=\"column-content__text animated-element\" data-animate=\"opacity-in\">\n\t\t\t\t\t\t\t\t\t\t\t\t                \t\t\t\t\t\t\t\t\t\t\t\t\t\t\t\t\t\t\t\t\t\t<span class=\"faux-link\">Afficher les d\u00e9tails de l&#039;\u00e9v\u00e9nement<\/span>\n\t\t\t\t\t\t\t\t\t\t\t<\/div>\n\t\t\t\t<\/div> <!-- end column-content -->\n\t\t\t\t\t\t\t\t\t<\/a>\n\t\t\t\t\t\t\t<\/div> <!-- end col -->\n\n        \t\t\t\t\t\t<\/div>\n\t\t\t\t\t<\/div>\n          \t\t\t\t<\/div>\n\t\t\t<\/div>\n\t\t<\/div>\n                  <div  class=\"component-container block--light stock-history\">\n            <div class=\"container\">\n              <div class=\"stock-history__block\">\n                <div class=\"stock-history__wrapper\">\n                                    <div class=\"stock-history__embed\">\n\t\t\t\t\t\t\t\t\t\t<div class=\"row\">\n\t\t\t\t\t\t\t\t\t\t\t<div class=\"col-xxs-12 col-lg-4\">\n\t\t\t\t\t\t\t\t\t\t\t\t<div class=\"stock-history__quote\">\n\t\t\t\t\t\t\t\t\t\t\t\t\t<iframe title=\"Chart Quote\" src=\"https:\/\/choicepropreit2020tf.q4web.com\/French\/stock-quote\/default.aspx\"><\/iframe>\n\t\t\t\t\t\t\t\t\t\t\t\t<\/div>\n\t\t\t\t\t\t\t\t\t\t\t<\/div>\n\t\t\t\t\t\t\t\t\t\t\t<div class=\"col-xxs-12 col-lg-8\">\n\t\t\t\t\t\t\t\t\t\t\t\t<div class=\"stock-history__chart\">\n\t\t\t\t\t\t\t\t\t\t\t\t\t<iframe src=\"https:\/\/choicepropreit2020tf.q4web.com\/French\/stock-chart\/default.aspx\" title=\"Chart Quotes\" ><\/iframe>\n                        <\/div>\n\t\t\t\t\t\t\t\t\t\t\t<\/div>\n\t\t\t\t\t\t\t\t\t\t<\/div>\n                  <\/div>\n                <\/div>\n              <\/div>\n            <\/div>\n          <\/div>\n\n\n        \t\t<div  class=\"column-content-container__container component-container block--dark\">\n\t\t\t<div class=\"container container--stacked\">\n\t\t\t\t<div class=\"column-container column-container--image-landscape column-container--heading-primary\">\n\n\t\t\t\t\t<div class=\"row\">\n\t\t\t\t\t\t<div class=\"col-xxs-12\">\n\t\t\t\t\t\t\t\t\t\t\t\t\t\t<h2 class=\"text-left heading-two animated-element\" data-animate=\"slide-in\">Cadre strat\u00e9gique \u00e9prouv\u00e9<\/h2>\n\t\t\t\t\t\t\t\t\t\t\t\t\t<\/div>\n\t\t\t\t\t<\/div>\n\n\t\t\t\t\t<div class=\"scroll-container__columns\">\n\t\t\t\t\t\t<div class=\"row row--stacked\">\n\t\t\t\t\t\t\t\t\t<div class=\"col-xxs-12 col-md-6 col-xl-4\">\n\t\t\t\t\n\t\t\t\t<div class=\"column-content\">\n\t\t\t\t\t<div class=\"column-content__image-container animated-element\" data-animate=\"opacity-in\">\n\t\t\t\t\t\t<div class=\"column-content__image\" style=\"background-image: url(https:\/\/choicewp.joeyai.app\/wp-content\/uploads\/2022\/04\/MicrosoftTeams-image-2-1024x683.jpg)\"><\/div> <!-- end image -->\n\t\t\t\t\t<\/div>\n\t\t\t\t\t<div class=\"column-content__text animated-element\" data-animate=\"opacity-in\">\n\t\t\t\t\t\t\t\t\t\t\t\t\t<h3 class=\"heading-four\">\n\t\t\t\t\t\t\t\t\t\t\t\t\t\t\t\t\t<span class=\"has-accent-color\">Maintenir notre portefeuille leader sur le march\u00e9<\/span>\t\t\t\t\t\t\t\t\t\t\t\t\t\t\t<\/h3>\n\t\t\t\t\t\t\t\t\t\t\t\t                \t\t\t\t\t\t\t\t\t\t<div class=\"text-left\">\n\t\t\t\t\t\n<p>Nous avons une pr\u00e9sence nationale de haute qualit\u00e9 et une orientation r\u00e9gionale, soutenues par un partenariat strat\u00e9gique avec Loblaw, le plus grand d\u00e9taillant au Canada.<\/p>\n\t\t\t\t<\/div>\n\t\t\t\t\t\t\t\t\t\t\t\t                \t\t\t\t\t\t\t\t\t\t<div class=\"text-left\">\n\t\t\t\t\t\n<p><a href=\"https:\/\/choicewp.joeyai.app\/fr\/portfolio-fr\/\"><span class=\"has-accent-color\"><strong>En savoir plus sur notre portefeuille<\/strong><\/span><\/a><\/p>\n\t\t\t\t<\/div>\n\t\t\t\t\t\t\t\t\t\t\t\t\t\t\t\t\t\t\t\t\t\t\t<\/div>\n\t\t\t\t<\/div> <!-- end column-content -->\n\t\t\t\t\t\t\t<\/div> <!-- end col -->\n\n        \t\t\t<div class=\"col-xxs-12 col-md-6 col-xl-4\">\n\t\t\t\t\n\t\t\t\t<div class=\"column-content\">\n\t\t\t\t\t<div class=\"column-content__image-container animated-element\" data-animate=\"opacity-in\">\n\t\t\t\t\t\t<div class=\"column-content__image\" style=\"background-image: url(https:\/\/choicewp.joeyai.app\/wp-content\/uploads\/2023\/11\/20221213-152818-ChoiceREIT-Facetime-AndrewWilliamson-9734-1-1024x683.jpg)\"><\/div> <!-- end image -->\n\t\t\t\t\t<\/div>\n\t\t\t\t\t<div class=\"column-content__text animated-element\" data-animate=\"opacity-in\">\n\t\t\t\t\t\t\t\t\t\t\t\t\t<h3 class=\"heading-four\">\n\t\t\t\t\t\t\t\t\t\t\t\t\t\t\t\t\t<span class=\"has-accent-color\">Maintenir l\u2019excellence op\u00e9rationnelle<\/span>\t\t\t\t\t\t\t\t\t\t\t\t\t\t\t<\/h3>\n\t\t\t\t\t\t\t\t\t\t\t\t                \t\t\t\t\t\t\t\t\t\t<div class=\"text-left\">\n\t\t\t\t\t\n<p>Nous avons une exp\u00e9rience d\u2019excellence op\u00e9rationnelle et de leadership en mati\u00e8re de d\u00e9veloppement durable, assur\u00e9e par une \u00e9quipe exp\u00e9riment\u00e9e, engag\u00e9e et diversifi\u00e9e.<\/p>\n\t\t\t\t<\/div>\n\t\t\t\t\t\t\t\t\t\t\t\t                \t\t\t\t\t\t\t\t\t\t<div class=\"text-left\">\n\t\t\t\t\t\n<p><a href=\"https:\/\/choicewp.joeyai.app\/fr\/sustainability-fr\/\"><span class=\"has-accent-color\"><strong>T\u00e9l\u00e9chargez notre rapport de d\u00e9veloppement durable<\/strong><\/span><\/a><\/p>\n\t\t\t\t<\/div>\n\t\t\t\t\t\t\t\t\t\t\t\t\t\t\t\t\t\t\t\t\t\t\t<\/div>\n\t\t\t\t<\/div> <!-- end column-content -->\n\t\t\t\t\t\t\t<\/div> <!-- end col -->\n\n        \t\t\t<div class=\"col-xxs-12 col-md-6 col-xl-4\">\n\t\t\t\t\n\t\t\t\t<div class=\"column-content\">\n\t\t\t\t\t<div class=\"column-content__image-container animated-element\" data-animate=\"opacity-in\">\n\t\t\t\t\t\t<div class=\"column-content__image\" style=\"background-image: url(https:\/\/choicewp.joeyai.app\/wp-content\/uploads\/2022\/08\/Birds-Eye-1024x761.jpg)\"><\/div> <!-- end image -->\n\t\t\t\t\t<\/div>\n\t\t\t\t\t<div class=\"column-content__text animated-element\" data-animate=\"opacity-in\">\n\t\t\t\t\t\t\t\t\t\t\t\t\t<h3 class=\"heading-four\">\n\t\t\t\t\t\t\t\t\t\t\t\t\t\t\t\t\t<span class=\"has-accent-color\">R\u00e9aliser notre pipeline de d\u00e9veloppement<\/span>\t\t\t\t\t\t\t\t\t\t\t\t\t\t\t<\/h3>\n\t\t\t\t\t\t\t\t\t\t\t\t                \t\t\t\t\t\t\t\t\t\t<div class=\"text-left\">\n\t\t\t\t\t\n<p>Nous avons des projets qui diversifient notre base de locataires tout en g\u00e9n\u00e9rant une croissance constante \u00e0 court et \u00e0 long terme \u2013 soutenus par notre bilan de pointe.<\/p>\n\t\t\t\t<\/div>\n\t\t\t\t\t\t\t\t\t\t\t\t                \t\t\t\t\t\t\t\t\t\t<div class=\"text-left\">\n\t\t\t\t\t\n<p><a href=\"https:\/\/choicewp.joeyai.app\/fr\/developments-fr\/\"><span class=\"has-accent-color\"><strong>D\u00e9couvrez nos projets de d\u00e9veloppement<\/strong><\/span><\/a><\/p>\n\t\t\t\t<\/div>\n\t\t\t\t\t\t\t\t\t\t\t\t\t\t\t\t\t\t\t\t\t\t\t<\/div>\n\t\t\t\t<\/div> <!-- end column-content -->\n\t\t\t\t\t\t\t<\/div> <!-- end col -->\n\n        \t\t\t\t\t\t<\/div>\n\t\t\t\t\t<\/div>\n          \t\t\t\t<\/div>\n\t\t\t<\/div>\n\t\t<\/div>\n        \t<div class=\"component-container image-text__container block--light\">\n\t<div class=\"container\">\n\t\t\t\t<div class=\"row centered   \">\n\t\t\t\t\t<div class=\"col-xxs-10 col-sm-8 col-md-7 col-lg-6 col-xl-5 col-v-center\">\n\t\t\t\t\t\t\t\t\t\t\t\t<div class=\"image-text__image image--circle animated-element\" data-animate=\"opacity-in\" style=\"background-image: url(https:\/\/choicewp.joeyai.app\/wp-content\/uploads\/2023\/02\/Pioneer-Park-DJI_0023-Edit-1024x682.jpg)\"><\/div>\n\t\t\t\t\t\t\t\t\t\t\t<\/div>\n\t\t\t\t\t<div class=\"col-lg-1 col-xl-1\"><\/div>\n\t\t\t\t\t<div class=\"col-xxs-12 col-lg-5 col-xl-5 col-v-center\">\n\t\t\t\t\t\t<div class=\"image-text__content animated-element\" data-animate=\"slide-in\">\n\t\t\t\t\t\t\t\n\t\t\t\t\t\t\t\t\t\t\t\t\t\t\t<h2 class=\"heading-one\">Journ\u00e9e des investisseurs<\/h2>\n\t\t\t\t\t\t\t\n\t\t\t\t\t\t\t                    \t\t\t\t\t\t\t<div class=\"text-left\">\n\t\t\t\t\t\n<p>Lors de notre Journ\u00e9e des investisseurs 2023, nous avons pr\u00e9sent\u00e9 le th\u00e8me \u00ab Livrer aujourd\u2019hui. B\u00e2tir l\u2019avenir. \u00bb Nous avons \u00e9galement fourni un aper\u00e7u de l\u2019orientation strat\u00e9gique et des op\u00e9rations courantes de Propri\u00e9t\u00e9s de Choix.<\/p>\n\t\t\t\t<\/div>\n\t\t\t\t\t\t\t\t\t\t\t\t\t                    \n<div class=\"wp-block-button is-style-fill--accent cpr-button-icon cpr-button--arrow cpr-button\"><a class=\"wp-block-button__link wp-element-button\" href=\"https:\/\/choicewp.joeyai.app\/fr\/investors-overview-fr\/\">En savouir plus<svg class=\"icon-for-button\"><use xlink:href=\"#icon-arrow\"><\/use><\/svg><\/a><\/div>\n\t\t\t\t\t\t\t\t\t\t\t\t\t<\/div>\n\t\t\t\t\t<\/div>\n\t\t\t\t\t<div class=\"col-lg-0 col-xl-1\"><\/div>\n\t\t\t\t<\/div><!-- end row -->\n\t<\/div><!-- end container -->\n\t<\/div><!-- end image-text__container -->\n        \t<div class=\"component-container image-text__container block--dark\">\n\t<div class=\"container\">\n\t\t\t\t<div class=\"row centered  reverse \">\n\t\t\t\t\t<div class=\"col-xxs-10 col-sm-8 col-md-7 col-lg-6 col-xl-5 col-v-center\">\n\t\t\t\t\t\t\t\t\t\t\t\t<div class=\"image-text__image image--circle animated-element\" data-animate=\"opacity-in\" style=\"background-image: url(https:\/\/choicewp.joeyai.app\/wp-content\/uploads\/2021\/10\/123730928_xl-1024x684.jpg)\"><\/div>\n\t\t\t\t\t\t\t\t\t\t\t<\/div>\n\t\t\t\t\t<div class=\"col-lg-1 col-xl-1\"><\/div>\n\t\t\t\t\t<div class=\"col-xxs-12 col-lg-5 col-xl-5 col-v-center\">\n\t\t\t\t\t\t<div class=\"image-text__content animated-element\" data-animate=\"slide-in\">\n\t\t\t\t\t\t\t\n\t\t\t\t\t\t\t\t\t\t\t\t\t\t\t<h2 class=\"heading-one\">Davantage de ressources<\/h2>\n\t\t\t\t\t\t\t\n\t\t\t\t\t\t\t                    \t\t\t\t\t\t\t<div class=\"text-left\">\n\t\t\t\t\t\n<p><a href=\"https:\/\/choicewp.joeyai.app\/fr\/news-releases-fr\/\">Communiqu\u00e9s de presse<\/a><br><a href=\"https:\/\/choicewp.joeyai.app\/fr\/financial-reports-fr\/\">Rapports financiers<\/a><br>Pr\u00e9sentations<br><a href=\"https:\/\/choicewp.joeyai.app\/fr\/events-webcasts-fr\/\">\u00c9v\u00e9nements et webdiffusions<\/a><br><a href=\"https:\/\/choicewp.joeyai.app\/fr\/analyst-coverage-fr\/\">Couverture des analystes<\/a><br><a href=\"https:\/\/choicewp.joeyai.app\/fr\/distribution-history-fr\/\">Historique de distribution<\/a><br><a href=\"https:\/\/choicewp.joeyai.app\/fr\/governance-fr\/\">Gouvernance<\/a><br><a href=\"https:\/\/choicewp.joeyai.app\/fr\/regulatory-filings-fr\/\">D\u00e9p\u00f4ts r\u00e9glementaires<\/a><br><a href=\"https:\/\/choicewp.joeyai.app\/fr\/tax-history-fr\/\">Historique en mati\u00e8re d\u2019imp\u00f4t<\/a><\/p>\n\t\t\t\t<\/div>\n\t\t\t\t\t\t\t\t\t\t\t\t\t\t\t\t\t\t\t<\/div>\n\t\t\t\t\t<\/div>\n\t\t\t\t\t<div class=\"col-lg-0 col-xl-1\"><\/div>\n\t\t\t\t<\/div><!-- end row -->\n\t<\/div><!-- end container -->\n\t<\/div><!-- end image-text__container -->\n        ","protected":false},"excerpt":{"rendered":"<p>Nous offrons stabilit\u00e9 et croissance \u00e0 nos porteurs de parts gr\u00e2ce \u00e0 la propri\u00e9t\u00e9 et \u00e0 la gestion active d\u2019un portefeuille immobilier de haute qualit\u00e9, ainsi qu\u2019\u00e0 un portefeuille impressionnant d\u2019opportunit\u00e9s de d\u00e9veloppement futur.<\/p>\n","protected":false},"author":1,"featured_media":13017,"parent":0,"menu_order":0,"comment_status":"closed","ping_status":"closed","template":"","meta":{"accent-color-admin":"","header_style":"rounded","accent-color":"accent-color-red","header_eyebrow":"","header_center":"","header_excerpt":"","header_title":"Fiducie de placement immobilier de premier plan au Canada","header_button_text":"","header_button_link":"","header_button_icon":"","first_item_spacing":"","news_release_detail":"","footnotes":""},"class_list":["post-3943","page","type-page","status-publish","has-post-thumbnail","hentry"],"yoast_head":"<!-- This site is optimized with the Yoast SEO plugin v24.9 - https:\/\/yoast.com\/wordpress\/plugins\/seo\/ -->\r\n<title>Aper\u00e7u - Choice Properties<\/title>\r\n<meta name=\"robots\" content=\"noindex, follow, max-snippet:-1, max-image-preview:large, max-video-preview:-1\" \/>\r\n<meta property=\"og:locale\" content=\"fr_FR\" \/>\r\n<meta property=\"og:type\" content=\"article\" \/>\r\n<meta property=\"og:title\" content=\"Aper\u00e7u - Choice Properties\" \/>\r\n<meta property=\"og:description\" content=\"Nous offrons stabilit\u00e9 et croissance \u00e0 nos porteurs de parts gr\u00e2ce \u00e0 la propri\u00e9t\u00e9 et \u00e0 la gestion active d\u2019un portefeuille immobilier de haute qualit\u00e9, ainsi qu\u2019\u00e0 un portefeuille impressionnant d\u2019opportunit\u00e9s de d\u00e9veloppement futur.\" \/>\r\n<meta property=\"og:url\" content=\"https:\/\/choicewp.joeyai.app\/fr\/investors-overview-fr\/\" \/>\r\n<meta property=\"og:site_name\" content=\"Choice Properties\" \/>\r\n<meta property=\"article:modified_time\" content=\"2026-02-18T23:20:41+00:00\" \/>\r\n<meta property=\"og:image\" content=\"https:\/\/choicewp.joeyai.app\/wp-content\/uploads\/2024\/04\/Bathurst-St-Clair-Retail-scaled.jpg\" \/>\r\n\t<meta property=\"og:image:width\" content=\"2560\" \/>\r\n\t<meta property=\"og:image:height\" content=\"1707\" \/>\r\n\t<meta property=\"og:image:type\" content=\"image\/jpeg\" \/>\r\n<meta name=\"twitter:card\" content=\"summary_large_image\" \/>\r\n<meta name=\"twitter:label1\" content=\"Est. reading time\" \/>\n\t<meta name=\"twitter:data1\" content=\"1 minute\" \/>\r\n<script type=\"application\/ld+json\" class=\"yoast-schema-graph\">{\"@context\":\"https:\/\/schema.org\",\"@graph\":[{\"@type\":\"WebPage\",\"@id\":\"https:\/\/choicewp.joeyai.app\/fr\/investors-overview-fr\/\",\"url\":\"https:\/\/choicewp.joeyai.app\/fr\/investors-overview-fr\/\",\"name\":\"Aper\u00e7u - Choice Properties\",\"isPartOf\":{\"@id\":\"https:\/\/choicewp.joeyai.app\/#website\"},\"primaryImageOfPage\":{\"@id\":\"https:\/\/choicewp.joeyai.app\/fr\/investors-overview-fr\/#primaryimage\"},\"image\":{\"@id\":\"https:\/\/choicewp.joeyai.app\/fr\/investors-overview-fr\/#primaryimage\"},\"thumbnailUrl\":\"https:\/\/choicewp.joeyai.app\/wp-content\/uploads\/2024\/04\/Bathurst-St-Clair-Retail-scaled.jpg\",\"datePublished\":\"2020-11-23T22:10:34+00:00\",\"dateModified\":\"2026-02-18T23:20:41+00:00\",\"breadcrumb\":{\"@id\":\"https:\/\/choicewp.joeyai.app\/fr\/investors-overview-fr\/#breadcrumb\"},\"inLanguage\":\"fr-FR\",\"potentialAction\":[{\"@type\":\"ReadAction\",\"target\":[\"https:\/\/choicewp.joeyai.app\/fr\/investors-overview-fr\/\"]}]},{\"@type\":\"ImageObject\",\"inLanguage\":\"fr-FR\",\"@id\":\"https:\/\/choicewp.joeyai.app\/fr\/investors-overview-fr\/#primaryimage\",\"url\":\"https:\/\/choicewp.joeyai.app\/wp-content\/uploads\/2024\/04\/Bathurst-St-Clair-Retail-scaled.jpg\",\"contentUrl\":\"https:\/\/choicewp.joeyai.app\/wp-content\/uploads\/2024\/04\/Bathurst-St-Clair-Retail-scaled.jpg\",\"width\":2560,\"height\":1707},{\"@type\":\"BreadcrumbList\",\"@id\":\"https:\/\/choicewp.joeyai.app\/fr\/investors-overview-fr\/#breadcrumb\",\"itemListElement\":[{\"@type\":\"ListItem\",\"position\":1,\"name\":\"Home\",\"item\":\"https:\/\/choicewp.joeyai.app\/fr\/\"},{\"@type\":\"ListItem\",\"position\":2,\"name\":\"Aper\u00e7u\"}]},{\"@type\":\"WebSite\",\"@id\":\"https:\/\/choicewp.joeyai.app\/#website\",\"url\":\"https:\/\/choicewp.joeyai.app\/\",\"name\":\"Choice Properties\",\"description\":\"Places People Thrive\",\"publisher\":{\"@id\":\"https:\/\/choicewp.joeyai.app\/#organization\"},\"potentialAction\":[{\"@type\":\"SearchAction\",\"target\":{\"@type\":\"EntryPoint\",\"urlTemplate\":\"https:\/\/choicewp.joeyai.app\/?s={search_term_string}\"},\"query-input\":{\"@type\":\"PropertyValueSpecification\",\"valueRequired\":true,\"valueName\":\"search_term_string\"}}],\"inLanguage\":\"fr-FR\"},{\"@type\":\"Organization\",\"@id\":\"https:\/\/choicewp.joeyai.app\/#organization\",\"name\":\"Choice Properties\",\"url\":\"https:\/\/choicewp.joeyai.app\/\",\"logo\":{\"@type\":\"ImageObject\",\"inLanguage\":\"fr-FR\",\"@id\":\"https:\/\/choicewp.joeyai.app\/#\/schema\/logo\/image\/\",\"url\":\"https:\/\/choicewp.joeyai.app\/wp-content\/uploads\/2021\/03\/cropped-Choice-Properties-Image-Primary-Red-Grey-1.png\",\"contentUrl\":\"https:\/\/choicewp.joeyai.app\/wp-content\/uploads\/2021\/03\/cropped-Choice-Properties-Image-Primary-Red-Grey-1.png\",\"width\":4143,\"height\":785,\"caption\":\"Choice Properties\"},\"image\":{\"@id\":\"https:\/\/choicewp.joeyai.app\/#\/schema\/logo\/image\/\"},\"sameAs\":[\"https:\/\/www.instagram.com\/choicereit\/\",\"https:\/\/www.linkedin.com\/company\/choicereit\/\"]}]}<\/script>\r\n<!-- \/ Yoast SEO plugin. -->","yoast_head_json":{"title":"Aper\u00e7u - Choice Properties","robots":{"index":"noindex","follow":"follow","max-snippet":"max-snippet:-1","max-image-preview":"max-image-preview:large","max-video-preview":"max-video-preview:-1"},"og_locale":"fr_FR","og_type":"article","og_title":"Aper\u00e7u - Choice Properties","og_description":"Nous offrons stabilit\u00e9 et croissance \u00e0 nos porteurs de parts gr\u00e2ce \u00e0 la propri\u00e9t\u00e9 et \u00e0 la gestion active d\u2019un portefeuille immobilier de haute qualit\u00e9, ainsi qu\u2019\u00e0 un portefeuille impressionnant d\u2019opportunit\u00e9s de d\u00e9veloppement futur.","og_url":"https:\/\/choicewp.joeyai.app\/fr\/investors-overview-fr\/","og_site_name":"Choice Properties","article_modified_time":"2026-02-18T23:20:41+00:00","og_image":[{"width":2560,"height":1707,"url":"https:\/\/choicewp.joeyai.app\/wp-content\/uploads\/2024\/04\/Bathurst-St-Clair-Retail-scaled.jpg","type":"image\/jpeg"}],"twitter_card":"summary_large_image","twitter_misc":{"Est. reading time":"1 minute"},"schema":{"@context":"https:\/\/schema.org","@graph":[{"@type":"WebPage","@id":"https:\/\/choicewp.joeyai.app\/fr\/investors-overview-fr\/","url":"https:\/\/choicewp.joeyai.app\/fr\/investors-overview-fr\/","name":"Aper\u00e7u - Choice Properties","isPartOf":{"@id":"https:\/\/choicewp.joeyai.app\/#website"},"primaryImageOfPage":{"@id":"https:\/\/choicewp.joeyai.app\/fr\/investors-overview-fr\/#primaryimage"},"image":{"@id":"https:\/\/choicewp.joeyai.app\/fr\/investors-overview-fr\/#primaryimage"},"thumbnailUrl":"https:\/\/choicewp.joeyai.app\/wp-content\/uploads\/2024\/04\/Bathurst-St-Clair-Retail-scaled.jpg","datePublished":"2020-11-23T22:10:34+00:00","dateModified":"2026-02-18T23:20:41+00:00","breadcrumb":{"@id":"https:\/\/choicewp.joeyai.app\/fr\/investors-overview-fr\/#breadcrumb"},"inLanguage":"fr-FR","potentialAction":[{"@type":"ReadAction","target":["https:\/\/choicewp.joeyai.app\/fr\/investors-overview-fr\/"]}]},{"@type":"ImageObject","inLanguage":"fr-FR","@id":"https:\/\/choicewp.joeyai.app\/fr\/investors-overview-fr\/#primaryimage","url":"https:\/\/choicewp.joeyai.app\/wp-content\/uploads\/2024\/04\/Bathurst-St-Clair-Retail-scaled.jpg","contentUrl":"https:\/\/choicewp.joeyai.app\/wp-content\/uploads\/2024\/04\/Bathurst-St-Clair-Retail-scaled.jpg","width":2560,"height":1707},{"@type":"BreadcrumbList","@id":"https:\/\/choicewp.joeyai.app\/fr\/investors-overview-fr\/#breadcrumb","itemListElement":[{"@type":"ListItem","position":1,"name":"Home","item":"https:\/\/choicewp.joeyai.app\/fr\/"},{"@type":"ListItem","position":2,"name":"Aper\u00e7u"}]},{"@type":"WebSite","@id":"https:\/\/choicewp.joeyai.app\/#website","url":"https:\/\/choicewp.joeyai.app\/","name":"Choice Properties","description":"Places People Thrive","publisher":{"@id":"https:\/\/choicewp.joeyai.app\/#organization"},"potentialAction":[{"@type":"SearchAction","target":{"@type":"EntryPoint","urlTemplate":"https:\/\/choicewp.joeyai.app\/?s={search_term_string}"},"query-input":{"@type":"PropertyValueSpecification","valueRequired":true,"valueName":"search_term_string"}}],"inLanguage":"fr-FR"},{"@type":"Organization","@id":"https:\/\/choicewp.joeyai.app\/#organization","name":"Choice Properties","url":"https:\/\/choicewp.joeyai.app\/","logo":{"@type":"ImageObject","inLanguage":"fr-FR","@id":"https:\/\/choicewp.joeyai.app\/#\/schema\/logo\/image\/","url":"https:\/\/choicewp.joeyai.app\/wp-content\/uploads\/2021\/03\/cropped-Choice-Properties-Image-Primary-Red-Grey-1.png","contentUrl":"https:\/\/choicewp.joeyai.app\/wp-content\/uploads\/2021\/03\/cropped-Choice-Properties-Image-Primary-Red-Grey-1.png","width":4143,"height":785,"caption":"Choice Properties"},"image":{"@id":"https:\/\/choicewp.joeyai.app\/#\/schema\/logo\/image\/"},"sameAs":["https:\/\/www.instagram.com\/choicereit\/","https:\/\/www.linkedin.com\/company\/choicereit\/"]}]}},"_links":{"self":[{"href":"https:\/\/choicewp.joeyai.app\/fr\/wp-json\/wp\/v2\/pages\/3943","targetHints":{"allow":["GET"]}}],"collection":[{"href":"https:\/\/choicewp.joeyai.app\/fr\/wp-json\/wp\/v2\/pages"}],"about":[{"href":"https:\/\/choicewp.joeyai.app\/fr\/wp-json\/wp\/v2\/types\/page"}],"author":[{"embeddable":true,"href":"https:\/\/choicewp.joeyai.app\/fr\/wp-json\/wp\/v2\/users\/1"}],"replies":[{"embeddable":true,"href":"https:\/\/choicewp.joeyai.app\/fr\/wp-json\/wp\/v2\/comments?post=3943"}],"version-history":[{"count":44,"href":"https:\/\/choicewp.joeyai.app\/fr\/wp-json\/wp\/v2\/pages\/3943\/revisions"}],"predecessor-version":[{"id":17232,"href":"https:\/\/choicewp.joeyai.app\/fr\/wp-json\/wp\/v2\/pages\/3943\/revisions\/17232"}],"wp:featuredmedia":[{"embeddable":true,"href":"https:\/\/choicewp.joeyai.app\/fr\/wp-json\/wp\/v2\/media\/13017"}],"wp:attachment":[{"href":"https:\/\/choicewp.joeyai.app\/fr\/wp-json\/wp\/v2\/media?parent=3943"}],"curies":[{"name":"wp","href":"https:\/\/api.w.org\/{rel}","templated":true}]}}