{"id":3945,"date":"2020-11-23T20:27:35","date_gmt":"2020-11-24T01:27:35","guid":{"rendered":"https:\/\/choicewp.joeyai.app\/\/?page_id=3945"},"modified":"2025-09-05T11:27:09","modified_gmt":"2025-09-05T15:27:09","slug":"portfolio-fr","status":"publish","type":"page","link":"https:\/\/choicewp.joeyai.app\/fr\/portfolio-fr\/","title":{"rendered":"Portefeuille"},"content":{"rendered":"\n      <div  class=\"component-container detail-columns__container block--light\">\n        <div class=\"container\">\n          <div class=\"column-container accent-color-override accent-color-red\">\n                      <div class=\"row centered\">\n                \n        <div class=\"col-xxs-12 col-sm-6 col-lg-4\">\n          <div class=\"details-column__content\">\n                                    <p>700+<\/p>\n                                    <span class=\"is-accent-color faux-hr\"><\/span>\n          <\/div>\n        <\/div>\n        \n\n        <div class=\"col-xxs-12 col-sm-6 col-lg-4\">\n          <div class=\"details-column__content\">\n                                    <p>60M+<\/p>\n                                    <span class=\"is-accent-color faux-hr\"><\/span>\n          <\/div>\n        <\/div>\n        \n\n        <div class=\"col-xxs-12 col-sm-6 col-lg-4\">\n          <div class=\"details-column__content\">\n                                    <p>3<\/p>\n                                    <span class=\"is-accent-color faux-hr\"><\/span>\n          <\/div>\n        <\/div>\n        \n            <\/div>\n          <\/div>\n        <\/div>\n      <\/div>\n\n        \t\t<div  class=\"column-content-container__container component-container block--dark\">\n\t\t\t<div class=\"container container--stacked\">\n\t\t\t\t<div class=\"column-container column-container--image-landscape column-container--heading-secondary accent-color-override accent-color-red\">\n\n\t\t\t\t\t<div class=\"row\">\n\t\t\t\t\t\t<div class=\"col-xxs-12\">\n\t\t\t\t\t\t\t\t\t\t\t\t\t<\/div>\n\t\t\t\t\t<\/div>\n\n\t\t\t\t\t<div class=\"scroll-container__columns\">\n\t\t\t\t\t\t<div class=\"row row--stacked\">\n\t\t\t\t\t\t\t\t\t<div class=\"col-xxs-12 col-md-6 col-xl-4\">\n\t\t\t\t\n\t\t\t\t<div class=\"column-content\">\n\t\t\t\t\t<div class=\"column-content__image-container animated-element\" data-animate=\"opacity-in\">\n\t\t\t\t\t\t<div class=\"column-content__image\" style=\"background-image: url(https:\/\/choicewp.joeyai.app\/wp-content\/uploads\/2023\/02\/Mississauga_3045Mavis_2021_Superstore_005-1024x690.jpg)\"><\/div> <!-- end image -->\n\t\t\t\t\t<\/div>\n\t\t\t\t\t<div class=\"column-content__text animated-element\" data-animate=\"opacity-in\">\n\t\t\t\t\t\t\t\t\t\t\t\t\t<h3 class=\"heading-four\">\n\t\t\t\t\t\t\t\t\t\t\t\t\t\t\t\t\t<strong class=\"has-accent-color\">Immeubles de commerce<br>de d\u00e9tail<\/strong>\n\t\t\t\t\t\t\t\t\t\t\t\t\t\t\t<\/h3>\n\t\t\t\t\t\t\t\t\t\t\t\t                \t\t\t\t\t\t\t\t\t\t<div class=\"text-left\">\n\t\t\t\t\t\n<p>Notre portefeuille de vente au d\u00e9tail est principalement constitu\u00e9 de propri\u00e9t\u00e9s d&#8217;\u00e9picerie de n\u00e9cessit\u00e9 qui offrent un trafic constant pour votre entreprise.<\/p>\n\t\t\t\t<\/div>\n\t\t\t\t\t\t\t\t\t\t\t\t\t\t\t\t\t\t\t\t\t\t\t<\/div>\n\t\t\t\t<\/div> <!-- end column-content -->\n\t\t\t\t\t\t\t<\/div> <!-- end col -->\n\n        \t\t\t<div class=\"col-xxs-12 col-md-6 col-xl-4\">\n\t\t\t\t\n\t\t\t\t<div class=\"column-content\">\n\t\t\t\t\t<div class=\"column-content__image-container animated-element\" data-animate=\"opacity-in\">\n\t\t\t\t\t\t<div class=\"column-content__image\" style=\"background-image: url(https:\/\/choicewp.joeyai.app\/wp-content\/uploads\/2020\/12\/Developments-Horizon-Business-Park-5-1024x432.png)\"><\/div> <!-- end image -->\n\t\t\t\t\t<\/div>\n\t\t\t\t\t<div class=\"column-content__text animated-element\" data-animate=\"opacity-in\">\n\t\t\t\t\t\t\t\t\t\t\t\t\t<h3 class=\"heading-four\">\n\t\t\t\t\t\t\t\t\t\t\t\t\t\t\t\t\t<strong class=\"has-accent-color\">Immeubles industriels<\/strong>\n\t\t\t\t\t\t\t\t\t\t\t\t\t\t\t<\/h3>\n\t\t\t\t\t\t\t\t\t\t\t\t                \t\t\t\t\t\t\t\t\t\t<div class=\"text-left\">\n\t\t\t\t\t\n<p>Notre portefeuille industriel fournit des actifs flexibles et de haute qualit\u00e9 sur les principaux march\u00e9s de distribution.<\/p>\n\t\t\t\t<\/div>\n\t\t\t\t\t\t\t\t\t\t\t\t\t\t\t\t\t\t\t\t\t\t\t<\/div>\n\t\t\t\t<\/div> <!-- end column-content -->\n\t\t\t\t\t\t\t<\/div> <!-- end col -->\n\n        \t\t\t<div class=\"col-xxs-12 col-md-6 col-xl-4\">\n\t\t\t\t\n\t\t\t\t<div class=\"column-content\">\n\t\t\t\t\t<div class=\"column-content__image-container animated-element\" data-animate=\"opacity-in\">\n\t\t\t\t\t\t<div class=\"column-content__image\" style=\"background-image: url(https:\/\/choicewp.joeyai.app\/wp-content\/uploads\/2023\/11\/Developments-Golden-Mile-2-1-scaled-1-1024x434.jpg)\"><\/div> <!-- end image -->\n\t\t\t\t\t<\/div>\n\t\t\t\t\t<div class=\"column-content__text animated-element\" data-animate=\"opacity-in\">\n\t\t\t\t\t\t\t\t\t\t\t\t\t<h3 class=\"heading-four\">\n\t\t\t\t\t\t\t\t\t\t\t\t\t\t\t\t\t<strong class=\"has-accent-color\">Immeubles r\u00e9sidentiels<br>et \u00e0 usage mixte<\/strong>\n\t\t\t\t\t\t\t\t\t\t\t\t\t\t\t<\/h3>\n\t\t\t\t\t\t\t\t\t\t\t\t                \t\t\t\t\t\t\t\t\t\t<div class=\"text-left\">\n\t\t\t\t\t\n<p>Nous avons construit des communaut\u00e9s r\u00e9sidentielles dynamiques et ax\u00e9es sur le transport en commun, \u00e0 usage mixte et locatives, dans des march\u00e9s attrayants au Canada.<\/p>\n\t\t\t\t<\/div>\n\t\t\t\t\t\t\t\t\t\t\t\t\t\t\t\t\t\t\t\t\t\t\t<\/div>\n\t\t\t\t<\/div> <!-- end column-content -->\n\t\t\t\t\t\t\t<\/div> <!-- end col -->\n\n        \t\t\t\t\t\t<\/div>\n\t\t\t\t\t<\/div>\n          \t\t\t\t<\/div>\n\t\t\t<\/div>\n\t\t<\/div>\n        \t<div class=\"component-container image-text__container block--light\">\n\t<div class=\"container\">\n\t\t\t\t<div class=\"row centered   \">\n\t\t\t\t\t<div class=\"col-xxs-10 col-sm-8 col-md-7 col-lg-6 col-xl-5 col-v-center\">\n\t\t\t\t\t\t\t\t\t\t\t\t<div class=\"image-text__image image--circle animated-element\" data-animate=\"opacity-in\" style=\"background-image: url(https:\/\/choicewp.joeyai.app\/wp-content\/uploads\/2021\/01\/Choice_C3-Lockup-Red-1024x697.png)\"><\/div>\n\t\t\t\t\t\t\t\t\t\t\t<\/div>\n\t\t\t\t\t<div class=\"col-lg-1 col-xl-1\"><\/div>\n\t\t\t\t\t<div class=\"col-xxs-12 col-lg-5 col-xl-5 col-v-center\">\n\t\t\t\t\t\t<div class=\"image-text__content animated-element\" data-animate=\"slide-in\">\n\t\t\t\t\t\t\t\t\t\t\t\t\t\t\t<strong class=\"has-accent-color eyebrow\">Connexion Client de Choix (C3)<\/strong>\n\t\t\t\t\t\t\t\n\t\t\t\t\t\t\t\t\t\t\t\t\t\t\t<h2 class=\"heading-one\">Un service hors pair<\/h2>\n\t\t\t\t\t\t\t\n\t\t\t\t\t\t\t                    \t\t\t\t\t\t\t<div class=\"text-left\">\n\t\t\t\t\t\n<p>Nous nous effor\u00e7ons de comprendre les besoins de nos locataires et de g\u00e9rer nos propri\u00e9t\u00e9s selon les normes les plus \u00e9lev\u00e9es.<\/p>\n\t\t\t\t<\/div>\n\t\t\t\t\t\t\t\t\t\t\t\t\t                    \n<div class=\"wp-block-button is-style-fill--accent cpr-button-icon cpr-button--search cpr-button\"><a class=\"wp-block-button__link wp-element-button\" href=\"https:\/\/choicewp.joeyai.app\/fr\/c3-fr\/\">D\u00e9couvrez notre programme de services aux locataires<svg class=\"icon-for-button\"><use xlink:href=\"#icon-arrow\"><\/use><\/svg><\/a><\/div>\n\t\t\t\t\t\t\t\t\t\t\t\t\t<\/div>\n\t\t\t\t\t<\/div>\n\t\t\t\t\t<div class=\"col-lg-0 col-xl-1\"><\/div>\n\t\t\t\t<\/div><!-- end row -->\n\t<\/div><!-- end container -->\n\t<\/div><!-- end image-text__container -->\n                <div class=\"component-container\" >\n          <div class=\"container\">\n            <div class=\"video-block \">\n                            \n<figure class=\"wp-block-embed is-type-video is-provider-vimeo wp-block-embed-vimeo wp-embed-aspect-16-9 wp-has-aspect-ratio\"><div class=\"wp-block-embed__wrapper\">\n<iframe title=\"Tenant Relationships: GoodLife Fitness &amp; Fit4Less, Dollarama, Recipe Unlimited Corp.\" src=\"https:\/\/player.vimeo.com\/video\/802770924?dnt=1&amp;app_id=122963\" frameborder=\"0\"><\/iframe>\n<\/div><figcaption class=\"wp-element-caption\">Nous valorisons nos relations avec nos locataires et nous agissons en tant que partenaires \u00e0 long terme d\u2019un oc\u00e9an \u00e0 l\u2019autre. \u00c9coutez quelques-uns de nos plus grands locataires, dont GoodLife Fitness\/Fit4Less, Dollarama et Recipe Unlimited.<\/figcaption><\/figure>\n            <\/div>\n                          <div class=\"video-block__caption\">\n                  <p class=\"caption\">Nous valorisons nos relations avec nos locataires et nous agissons en tant que partenaires \u00e0 long terme d\u2019un oc\u00e9an \u00e0 l\u2019autre. \u00c9coutez quelques-uns de nos plus grands locataires, dont GoodLife Fitness\/Fit4Less, Dollarama et Recipe Unlimited.<\/p>\n              <\/div>\n                      <\/div>\n        <\/div>\n        \t<div class=\"component-container image-text__container block--light\">\n\t<div class=\"container\">\n\t\t\t\t<div class=\"row centered  reverse \">\n\t\t\t\t\t<div class=\"col-xxs-10 col-sm-8 col-md-7 col-lg-6 col-xl-5 col-v-center\">\n\t\t\t\t\t\t\t\t\t\t\t\t<div class=\"image-text__image image--circle animated-element\" data-animate=\"opacity-in\" style=\"background-image: url(https:\/\/choicewp.joeyai.app\/wp-content\/uploads\/2023\/11\/Fitwel-2023_Viral_Response-1024x1024.png)\"><\/div>\n\t\t\t\t\t\t\t\t\t\t\t<\/div>\n\t\t\t\t\t<div class=\"col-lg-1 col-xl-1\"><\/div>\n\t\t\t\t\t<div class=\"col-xxs-12 col-lg-5 col-xl-5 col-v-center\">\n\t\t\t\t\t\t<div class=\"image-text__content animated-element\" data-animate=\"slide-in\">\n\t\t\t\t\t\t\t\n\t\t\t\t\t\t\t\t\t\t\t\t\t\t\t<h2 class=\"heading-one\"><span class=\"has-accent-color\">Sant\u00e9 des b\u00e2timents<\/span><\/h2>\n\t\t\t\t\t\t\t\n\t\t\t\t\t\t\t                    \t\t\t\t\t\t\t<div class=\"text-left\">\n\t\t\t\t\t\n<p>Propri\u00e9t\u00e9s de Choix est fi\u00e8re d&#8217;avoir obtenu la certification Fitwel Viral Response avec mention. Fitwel<sup>MD<\/sup> est une certification tierce partie pour les politiques et les pratiques que nous avons mises en place visant \u00e0 am\u00e9liorer la conception du milieu de travail et l&#8217;excellence op\u00e9rationnelle.<\/p>\n\t\t\t\t<\/div>\n\t\t\t\t\t\t\t\t\t\t\t\t\t                    \n<div class=\"wp-block-button is-style-fill--accent cpr-button-icon cpr-button--arrow cpr-button\"><a class=\"wp-block-button__link wp-element-button\" href=\"https:\/\/www.fitwel.org\/\">En savoir plus<svg class=\"icon-for-button\"><use xlink:href=\"#icon-arrow\"><\/use><\/svg><\/a><\/div>\n\t\t\t\t\t\t\t\t\t\t\t\t\t<\/div>\n\t\t\t\t\t<\/div>\n\t\t\t\t\t<div class=\"col-lg-0 col-xl-1\"><\/div>\n\t\t\t\t<\/div><!-- end row -->\n\t<\/div><!-- end container -->\n\t<\/div><!-- end image-text__container -->\n        \n        \t\t<div class=\"component-container block--light\">\n\t\t\t<div  class=\"container\">\n\t\t\t\t<div  class=\"page-strip page-strip--background animated-element\" data-animate=\"opacity-in\">\n\t\t\t\t\t<div class=\"page-strip__background-image parallax\" style=\"background-image: url(https:\/\/choicewp.joeyai.app\/wp-content\/uploads\/2024\/01\/081A5995.jpg)\"><\/div>\n\t\t\t\t\t<div class=\"page-strip__overlay\" style=\"background-image: linear-gradient(rgba(0, 0, 0, 0.6), rgba(0, 0, 0, 0.6));\"><\/div>\n\t\t\t\t\t<div class=\"row centered\">\n\t\t\t\t\t\t\t<div class=\"col-sm-12 col-md-10 col-lg-8 col-xl-7\">\n\t\t\t\t\t\t\t\t\n\t\t\t\t\t\t\t\t\t\t\t\t\t\t\t\t\t<h2 class=\"heading-two animated-element\" data-animate=\"slide-in\">B\u00e2timents r\u00e9silients<\/h2>\n\t\t\t\t\t\t\t\t\n\t\t\t\t\t\t\t\t<div class=\"page-strip__innerblock animated-element\" data-animate=\"slide-in\">\n\t\t\t\t\t\t\t\t\t\n\t\t\t\t\t\t\t<div class=\"text-left\">\n\t\t\t\t\t\n<p>Nous nous engageons en faveur de la durabilit\u00e9 environnementale, sociale et \u00e9conomique. Nos initiatives en mati\u00e8re de d\u00e9veloppement durable sont essentielles pour soutenir nos locataires, coll\u00e8gues et parties prenantes, et pour renforcer la r\u00e9silience dans l\u2019ensemble de notre entreprise.<\/p>\n\t\t\t\t<\/div>\n\t\t\t\t\t\t\n\n\n<div class=\"wp-block-button is-style-fill--accent cpr-button\"><a class=\"wp-block-button__link wp-element-button\" href=\"https:\/\/choicewp.joeyai.app\/fr\/sustainability-fr\/\">En savoir plus sur nos initiatives en mati\u00e8re de d\u00e9veloppement durable<svg class=\"icon-for-button\"><use xlink:href=\"#icon-arrow\"><\/use><\/svg><\/a><\/div>\n\n\t\t\t\t\t\t\t\t<\/div>\n\t\t\t\t\t\t\t<\/div>\n\t\t\t\t\t<\/div>\n\t\t\t\t<\/div>\n\t\t\t<\/div>\n\t\t<\/div>\n\t\t\n        \n      <div  class=\"component-container detail-columns__container block--light\">\n        <div class=\"container\">\n          <div class=\"column-container accent-color-override accent-color-red\">\n                      <h2 class=\"text-center heading-two\">Propri\u00e9t\u00e9s en d\u00e9veloppement<\/h2>\n                      <div class=\"row centered\">\n                \n        <div class=\"col-xxs-12 col-sm-6 col-lg-4\">\n          <div class=\"details-column__content\">\n                                    <p>18M+<\/p>\n                                    <span class=\"is-accent-color faux-hr\"><\/span>\n          <\/div>\n        <\/div>\n        \n            <\/div>\n          <\/div>\n        <\/div>\n      <\/div>\n\n        \t\t<div  class=\"column-content-container__container component-container block--light\">\n\t\t\t<div class=\"container container--stacked\">\n\t\t\t\t<div class=\"column-container column-container--image-landscape column-container--heading-primary\">\n\n\t\t\t\t\t<div class=\"row\">\n\t\t\t\t\t\t<div class=\"col-xxs-12\">\n\t\t\t\t\t\t\t\t\t\t\t\t\t<\/div>\n\t\t\t\t\t<\/div>\n\n\t\t\t\t\t<div class=\"scroll-container__columns\">\n\t\t\t\t\t\t<div class=\"row row--stacked\">\n\t\t\t\t\t\t        \t\t\t<div class=\"col-xxs-12 col-md-6 col-xl-4\">\n                            <a href=\"https:\/\/choicewp.joeyai.app\/fr\/developments\/mount-pleasant-village\/\">\n            \n\t\t\t\t<div class=\"column-content column-content--developments\">\n\t\t\t\t\t<div class=\"column-content__image-container animated-element\" data-animate=\"opacity-in\">\n\t\t\t\t\t\t<div class=\"column-content__image\" style=\"background-image: url(https:\/\/choicewp.joeyai.app\/wp-content\/uploads\/2020\/11\/Steps-Public-Mural-Uniti-39140-40-Lagersfeld-Dr-Brampton-ON-5-1024x683.jpg)\"><\/div> <!-- end image -->\n\t\t\t\t\t<\/div>\n\t\t\t\t\t<div class=\"column-content__text animated-element\" data-animate=\"slide-in\">\n\t\t\t\t\t\t<h3 class=\"heading-four\">\n\t\t\t\t\t\t\t                  Uniti\t\t\t\t\t\t\t\t\t\t\t\t\t<\/h3>\n\t\t\t\t\t\t\t\t\t\t\t\t\t\t\t\t\t\t\t<span class=\"faux-link\">View Development<\/span>\n\t\t\t\t\t\t\t\t\t\t\t<\/div>\n\t\t\t\t<\/div> <!-- end column-content -->\n\n            \t\t\t\t\t<\/a>\n\t\t\t\t\t\t\t<\/div> <!-- end col -->\n\t\t                \t\t\t<div class=\"col-xxs-12 col-md-6 col-xl-4\">\n                            <a href=\"https:\/\/choicewp.joeyai.app\/fr\/developments\/choice-caledon-business-park-fr\/\">\n            \n\t\t\t\t<div class=\"column-content column-content--developments\">\n\t\t\t\t\t<div class=\"column-content__image-container animated-element\" data-animate=\"opacity-in\">\n\t\t\t\t\t\t<div class=\"column-content__image\" style=\"background-image: url(https:\/\/choicewp.joeyai.app\/wp-content\/uploads\/2023\/12\/AERIAL-VIEW-EW-1-1024x576.png)\"><\/div> <!-- end image -->\n\t\t\t\t\t<\/div>\n\t\t\t\t\t<div class=\"column-content__text animated-element\" data-animate=\"slide-in\">\n\t\t\t\t\t\t<h3 class=\"heading-four\">\n\t\t\t\t\t\t\t                  Choice Caledon Business Park\t\t\t\t\t\t\t\t\t\t\t\t\t<\/h3>\n\t\t\t\t\t\t\t\t\t\t\t\t\t\t\t\t\t\t\t<span class=\"faux-link\">View Development<\/span>\n\t\t\t\t\t\t\t\t\t\t\t<\/div>\n\t\t\t\t<\/div> <!-- end column-content -->\n\n            \t\t\t\t\t<\/a>\n\t\t\t\t\t\t\t<\/div> <!-- end col -->\n\t\t                \t\t\t<div class=\"col-xxs-12 col-md-6 col-xl-4\">\n                            <a href=\"https:\/\/choicewp.joeyai.app\/fr\/developments\/erin-ridge\/\">\n            \n\t\t\t\t<div class=\"column-content column-content--developments\">\n\t\t\t\t\t<div class=\"column-content__image-container animated-element\" data-animate=\"opacity-in\">\n\t\t\t\t\t\t<div class=\"column-content__image\" style=\"background-image: url(https:\/\/choicewp.joeyai.app\/wp-content\/uploads\/2020\/11\/Developments-Erin-Ridge-1024x432.png)\"><\/div> <!-- end image -->\n\t\t\t\t\t<\/div>\n\t\t\t\t\t<div class=\"column-content__text animated-element\" data-animate=\"slide-in\">\n\t\t\t\t\t\t<h3 class=\"heading-four\">\n\t\t\t\t\t\t\t                  Erin Ridge\t\t\t\t\t\t\t\t\t\t\t\t\t<\/h3>\n\t\t\t\t\t\t\t\t\t\t\t\t\t\t\t\t\t\t\t<span class=\"faux-link\">View Development<\/span>\n\t\t\t\t\t\t\t\t\t\t\t<\/div>\n\t\t\t\t<\/div> <!-- end column-content -->\n\n            \t\t\t\t\t<\/a>\n\t\t\t\t\t\t\t<\/div> <!-- end col -->\n\t\t        \t\t\t\t\t\t<\/div>\n\t\t\t\t\t<\/div>\n          \t\t\t\t<\/div>\n\t\t\t<\/div>\n\t\t<\/div>\n        ","protected":false},"excerpt":{"rendered":"<p>Nos espaces sont l&#8217;endroit o\u00f9 les Canadiens vivent et travaillent<\/p>\n","protected":false},"author":1,"featured_media":10313,"parent":0,"menu_order":0,"comment_status":"closed","ping_status":"closed","template":"","meta":{"accent-color-admin":"","header_style":"rounded","accent-color":"accent-color-red","header_eyebrow":"Une empreinte nationale","header_center":"","header_excerpt":"","header_title":"Une empreinte nationale","header_button_text":"Devenez un locataire de Choix","header_button_link":"https:\/\/choicewp.joeyai.app\/fr\/properties-fr\/","header_button_icon":"search","first_item_spacing":"reduced","news_release_detail":"","footnotes":""},"class_list":["post-3945","page","type-page","status-publish","has-post-thumbnail","hentry"],"yoast_head":"<!-- This site is optimized with the Yoast SEO plugin v24.9 - https:\/\/yoast.com\/wordpress\/plugins\/seo\/ -->\r\n<title>Portefeuille - Choice Properties<\/title>\r\n<meta name=\"robots\" content=\"noindex, follow, max-snippet:-1, max-image-preview:large, max-video-preview:-1\" \/>\r\n<meta property=\"og:locale\" content=\"fr_FR\" \/>\r\n<meta property=\"og:type\" content=\"article\" \/>\r\n<meta property=\"og:title\" content=\"Portefeuille - Choice Properties\" \/>\r\n<meta property=\"og:description\" content=\"Nos espaces sont l&#039;endroit o\u00f9 les Canadiens vivent et travaillent\" \/>\r\n<meta property=\"og:url\" content=\"https:\/\/choicewp.joeyai.app\/fr\/portfolio-fr\/\" \/>\r\n<meta property=\"og:site_name\" content=\"Choice Properties\" \/>\r\n<meta property=\"article:modified_time\" content=\"2025-09-05T15:27:09+00:00\" \/>\r\n<meta property=\"og:image\" content=\"https:\/\/choicewp.joeyai.app\/wp-content\/uploads\/2023\/04\/Loblaw-blue-scaled.jpg\" \/>\r\n\t<meta property=\"og:image:width\" content=\"2560\" \/>\r\n\t<meta property=\"og:image:height\" content=\"1621\" \/>\r\n\t<meta property=\"og:image:type\" content=\"image\/jpeg\" \/>\r\n<meta name=\"twitter:card\" content=\"summary_large_image\" \/>\r\n<meta name=\"twitter:label1\" content=\"Est. reading time\" \/>\n\t<meta name=\"twitter:data1\" content=\"2 minutes\" \/>\r\n<script type=\"application\/ld+json\" class=\"yoast-schema-graph\">{\"@context\":\"https:\/\/schema.org\",\"@graph\":[{\"@type\":\"WebPage\",\"@id\":\"https:\/\/choicewp.joeyai.app\/fr\/portfolio-fr\/\",\"url\":\"https:\/\/choicewp.joeyai.app\/fr\/portfolio-fr\/\",\"name\":\"Portefeuille - Choice Properties\",\"isPartOf\":{\"@id\":\"https:\/\/choicewp.joeyai.app\/#website\"},\"primaryImageOfPage\":{\"@id\":\"https:\/\/choicewp.joeyai.app\/fr\/portfolio-fr\/#primaryimage\"},\"image\":{\"@id\":\"https:\/\/choicewp.joeyai.app\/fr\/portfolio-fr\/#primaryimage\"},\"thumbnailUrl\":\"https:\/\/choicewp.joeyai.app\/wp-content\/uploads\/2023\/04\/Loblaw-blue-scaled.jpg\",\"datePublished\":\"2020-11-24T01:27:35+00:00\",\"dateModified\":\"2025-09-05T15:27:09+00:00\",\"breadcrumb\":{\"@id\":\"https:\/\/choicewp.joeyai.app\/fr\/portfolio-fr\/#breadcrumb\"},\"inLanguage\":\"fr-FR\",\"potentialAction\":[{\"@type\":\"ReadAction\",\"target\":[\"https:\/\/choicewp.joeyai.app\/fr\/portfolio-fr\/\"]}]},{\"@type\":\"ImageObject\",\"inLanguage\":\"fr-FR\",\"@id\":\"https:\/\/choicewp.joeyai.app\/fr\/portfolio-fr\/#primaryimage\",\"url\":\"https:\/\/choicewp.joeyai.app\/wp-content\/uploads\/2023\/04\/Loblaw-blue-scaled.jpg\",\"contentUrl\":\"https:\/\/choicewp.joeyai.app\/wp-content\/uploads\/2023\/04\/Loblaw-blue-scaled.jpg\",\"width\":2560,\"height\":1621},{\"@type\":\"BreadcrumbList\",\"@id\":\"https:\/\/choicewp.joeyai.app\/fr\/portfolio-fr\/#breadcrumb\",\"itemListElement\":[{\"@type\":\"ListItem\",\"position\":1,\"name\":\"Home\",\"item\":\"https:\/\/choicewp.joeyai.app\/fr\/\"},{\"@type\":\"ListItem\",\"position\":2,\"name\":\"Portefeuille\"}]},{\"@type\":\"WebSite\",\"@id\":\"https:\/\/choicewp.joeyai.app\/#website\",\"url\":\"https:\/\/choicewp.joeyai.app\/\",\"name\":\"Choice Properties\",\"description\":\"Places People Thrive\",\"publisher\":{\"@id\":\"https:\/\/choicewp.joeyai.app\/#organization\"},\"potentialAction\":[{\"@type\":\"SearchAction\",\"target\":{\"@type\":\"EntryPoint\",\"urlTemplate\":\"https:\/\/choicewp.joeyai.app\/?s={search_term_string}\"},\"query-input\":{\"@type\":\"PropertyValueSpecification\",\"valueRequired\":true,\"valueName\":\"search_term_string\"}}],\"inLanguage\":\"fr-FR\"},{\"@type\":\"Organization\",\"@id\":\"https:\/\/choicewp.joeyai.app\/#organization\",\"name\":\"Choice Properties\",\"url\":\"https:\/\/choicewp.joeyai.app\/\",\"logo\":{\"@type\":\"ImageObject\",\"inLanguage\":\"fr-FR\",\"@id\":\"https:\/\/choicewp.joeyai.app\/#\/schema\/logo\/image\/\",\"url\":\"https:\/\/choicewp.joeyai.app\/wp-content\/uploads\/2021\/03\/cropped-Choice-Properties-Image-Primary-Red-Grey-1.png\",\"contentUrl\":\"https:\/\/choicewp.joeyai.app\/wp-content\/uploads\/2021\/03\/cropped-Choice-Properties-Image-Primary-Red-Grey-1.png\",\"width\":4143,\"height\":785,\"caption\":\"Choice Properties\"},\"image\":{\"@id\":\"https:\/\/choicewp.joeyai.app\/#\/schema\/logo\/image\/\"},\"sameAs\":[\"https:\/\/www.instagram.com\/choicereit\/\",\"https:\/\/www.linkedin.com\/company\/choicereit\/\"]}]}<\/script>\r\n<!-- \/ Yoast SEO plugin. -->","yoast_head_json":{"title":"Portefeuille - Choice Properties","robots":{"index":"noindex","follow":"follow","max-snippet":"max-snippet:-1","max-image-preview":"max-image-preview:large","max-video-preview":"max-video-preview:-1"},"og_locale":"fr_FR","og_type":"article","og_title":"Portefeuille - Choice Properties","og_description":"Nos espaces sont l'endroit o\u00f9 les Canadiens vivent et travaillent","og_url":"https:\/\/choicewp.joeyai.app\/fr\/portfolio-fr\/","og_site_name":"Choice Properties","article_modified_time":"2025-09-05T15:27:09+00:00","og_image":[{"width":2560,"height":1621,"url":"https:\/\/choicewp.joeyai.app\/wp-content\/uploads\/2023\/04\/Loblaw-blue-scaled.jpg","type":"image\/jpeg"}],"twitter_card":"summary_large_image","twitter_misc":{"Est. reading time":"2 minutes"},"schema":{"@context":"https:\/\/schema.org","@graph":[{"@type":"WebPage","@id":"https:\/\/choicewp.joeyai.app\/fr\/portfolio-fr\/","url":"https:\/\/choicewp.joeyai.app\/fr\/portfolio-fr\/","name":"Portefeuille - Choice Properties","isPartOf":{"@id":"https:\/\/choicewp.joeyai.app\/#website"},"primaryImageOfPage":{"@id":"https:\/\/choicewp.joeyai.app\/fr\/portfolio-fr\/#primaryimage"},"image":{"@id":"https:\/\/choicewp.joeyai.app\/fr\/portfolio-fr\/#primaryimage"},"thumbnailUrl":"https:\/\/choicewp.joeyai.app\/wp-content\/uploads\/2023\/04\/Loblaw-blue-scaled.jpg","datePublished":"2020-11-24T01:27:35+00:00","dateModified":"2025-09-05T15:27:09+00:00","breadcrumb":{"@id":"https:\/\/choicewp.joeyai.app\/fr\/portfolio-fr\/#breadcrumb"},"inLanguage":"fr-FR","potentialAction":[{"@type":"ReadAction","target":["https:\/\/choicewp.joeyai.app\/fr\/portfolio-fr\/"]}]},{"@type":"ImageObject","inLanguage":"fr-FR","@id":"https:\/\/choicewp.joeyai.app\/fr\/portfolio-fr\/#primaryimage","url":"https:\/\/choicewp.joeyai.app\/wp-content\/uploads\/2023\/04\/Loblaw-blue-scaled.jpg","contentUrl":"https:\/\/choicewp.joeyai.app\/wp-content\/uploads\/2023\/04\/Loblaw-blue-scaled.jpg","width":2560,"height":1621},{"@type":"BreadcrumbList","@id":"https:\/\/choicewp.joeyai.app\/fr\/portfolio-fr\/#breadcrumb","itemListElement":[{"@type":"ListItem","position":1,"name":"Home","item":"https:\/\/choicewp.joeyai.app\/fr\/"},{"@type":"ListItem","position":2,"name":"Portefeuille"}]},{"@type":"WebSite","@id":"https:\/\/choicewp.joeyai.app\/#website","url":"https:\/\/choicewp.joeyai.app\/","name":"Choice Properties","description":"Places People Thrive","publisher":{"@id":"https:\/\/choicewp.joeyai.app\/#organization"},"potentialAction":[{"@type":"SearchAction","target":{"@type":"EntryPoint","urlTemplate":"https:\/\/choicewp.joeyai.app\/?s={search_term_string}"},"query-input":{"@type":"PropertyValueSpecification","valueRequired":true,"valueName":"search_term_string"}}],"inLanguage":"fr-FR"},{"@type":"Organization","@id":"https:\/\/choicewp.joeyai.app\/#organization","name":"Choice Properties","url":"https:\/\/choicewp.joeyai.app\/","logo":{"@type":"ImageObject","inLanguage":"fr-FR","@id":"https:\/\/choicewp.joeyai.app\/#\/schema\/logo\/image\/","url":"https:\/\/choicewp.joeyai.app\/wp-content\/uploads\/2021\/03\/cropped-Choice-Properties-Image-Primary-Red-Grey-1.png","contentUrl":"https:\/\/choicewp.joeyai.app\/wp-content\/uploads\/2021\/03\/cropped-Choice-Properties-Image-Primary-Red-Grey-1.png","width":4143,"height":785,"caption":"Choice Properties"},"image":{"@id":"https:\/\/choicewp.joeyai.app\/#\/schema\/logo\/image\/"},"sameAs":["https:\/\/www.instagram.com\/choicereit\/","https:\/\/www.linkedin.com\/company\/choicereit\/"]}]}},"_links":{"self":[{"href":"https:\/\/choicewp.joeyai.app\/fr\/wp-json\/wp\/v2\/pages\/3945","targetHints":{"allow":["GET"]}}],"collection":[{"href":"https:\/\/choicewp.joeyai.app\/fr\/wp-json\/wp\/v2\/pages"}],"about":[{"href":"https:\/\/choicewp.joeyai.app\/fr\/wp-json\/wp\/v2\/types\/page"}],"author":[{"embeddable":true,"href":"https:\/\/choicewp.joeyai.app\/fr\/wp-json\/wp\/v2\/users\/1"}],"replies":[{"embeddable":true,"href":"https:\/\/choicewp.joeyai.app\/fr\/wp-json\/wp\/v2\/comments?post=3945"}],"version-history":[{"count":21,"href":"https:\/\/choicewp.joeyai.app\/fr\/wp-json\/wp\/v2\/pages\/3945\/revisions"}],"predecessor-version":[{"id":16727,"href":"https:\/\/choicewp.joeyai.app\/fr\/wp-json\/wp\/v2\/pages\/3945\/revisions\/16727"}],"wp:featuredmedia":[{"embeddable":true,"href":"https:\/\/choicewp.joeyai.app\/fr\/wp-json\/wp\/v2\/media\/10313"}],"wp:attachment":[{"href":"https:\/\/choicewp.joeyai.app\/fr\/wp-json\/wp\/v2\/media?parent=3945"}],"curies":[{"name":"wp","href":"https:\/\/api.w.org\/{rel}","templated":true}]}}