{"id":4719,"date":"2020-12-01T14:37:06","date_gmt":"2020-12-01T19:37:06","guid":{"rendered":"https:\/\/choicewp.joeyai.app\/\/?page_id=4719"},"modified":"2025-03-10T09:53:12","modified_gmt":"2025-03-10T13:53:12","slug":"contact-fr","status":"publish","type":"page","link":"https:\/\/choicewp.joeyai.app\/fr\/contact-fr\/","title":{"rendered":"Nous joindre"},"content":{"rendered":"        <div class=\"text-left\">\n              <div class=\"component-container block--light\">\n      <div class=\"container\">\n        <div class=\"row middle-md\">\n          <div class=\"col-md-5 map-block__map-container\">\n            <div id=\"map\" class=\"map-block__map\" data-lng=\"-79.393010\" data-lat=\"43.688530\">\n          <\/div>\n        <\/div>\n      <div class=\"col-md-7\">\n        <div class=\"map-block__copy-container\">\n                      <div class=\"has-accent-color eyebrow\">Fiducie de placement immobilier Propri\u00e9t\u00e9s de Choix<\/div>\n                                <h2 class=\"map-block__title heading-two\">Si\u00e8ge social<\/h2>\n                                <p>\n                                Weston Centre |                                              700-22 St Clair Avenue East                            <span class=\"block-span\">\n                <!-- CITY -->\n                                      Toronto,                                 <!-- PROVINCE -->\n                                      ON                                <!-- COUNTRY (Hardcoded as Canada) -->\n                Canada                <!-- POSTAL CODE -->\n                                      M4T 2S5                              <\/span>\n            <\/p>\n              \t\t\t\t\t\t\t<div class=\"text-left\">\n\t\t\t\t\t\n<p>T\u00e9l : 416-628-7771<br>T\u00e9l\u00e9c. : 416-628-7777<\/p>\n\t\t\t\t<\/div>\n\t\t\t\t\t\t                  <\/div>\n      <\/div>\n    <\/div>\n  <\/div>\n<\/div>\n\n                <\/div>\n                <div  class=\"component-container block--light callout-columns__container callout-columns__container--keyline\">\n          <div class=\"container\">\n                        <div class=\"column-container--no-icon column-container--col-4\">\n              <div class=\"row\">\n                    <div class=\"col-md-6 col-lg-4 column-container\">\n\n        \n      <div class=\"column-container__content\">\n                  <h3 class=\"heading-three\">Relations avec les m\u00e9dias<\/h3>\n          <div class=\"is-accent-color faux-hr\"><\/div>\n                \t\t\t\t\t\t\t<div class=\"text-left\">\n\t\t\t\t\t\n<p>Pour toute demande des m\u00e9dias, \u00e9crivez \u00e0 <a href=\"mailto:pr@choicereit.ca\">pr@choicereit.ca<\/a>. <\/p>\n\t\t\t\t<\/div>\n\t\t\t\t\t\t      <\/div>\n    <\/div>\n              <div class=\"col-md-6 col-lg-4 column-container\">\n\n        \n      <div class=\"column-container__content\">\n                  <h3 class=\"heading-three\">Carri\u00e8res<\/h3>\n          <div class=\"is-accent-color faux-hr\"><\/div>\n                \t\t\t\t\t\t\t<div class=\"text-left\">\n\t\t\t\t\t\n<p>Pour plus d\u2019information, visitez notre page <a href=\"\/fr\/careers\/\">Carri\u00e8res<\/a>.<\/p>\n\t\t\t\t<\/div>\n\t\t\t\t\t\t      <\/div>\n    <\/div>\n              <div class=\"col-md-6 col-lg-4 column-container\">\n\n        \n      <div class=\"column-container__content\">\n                  <h3 class=\"heading-three\">Bureau de la confidentialit\u00e9<\/h3>\n          <div class=\"is-accent-color faux-hr\"><\/div>\n                \t\t\t\t\t\t\t<div class=\"text-left\">\n\t\t\t\t\t\n<p>Pour toute question relative \u00e0 la vie priv\u00e9e, veuillez \u00e9crire \u00e0 <a href=\"mailto:privacy@choicereit.ca\">privacy@choicereit.ca<\/a>.<\/p>\n\t\t\t\t<\/div>\n\t\t\t\t\t\t      <\/div>\n    <\/div>\n              <div class=\"col-md-6 col-lg-4 column-container\">\n\n        \n      <div class=\"column-container__content\">\n                  <h3 class=\"heading-three\">Agent comptable des registres et agent des transferts<\/h3>\n          <div class=\"is-accent-color faux-hr\"><\/div>\n                \t\t\t\t\t\t\t<div class=\"text-left\">\n\t\t\t\t\t\n<p>Pour obtenir des renseignements sur le transfert d\u2019actions, les changements d\u2019adresse, les dividendes, les certificats d\u2019actions perdus ou les d\u00e9clarations fiscales, veuillez communiquer avec l\u2019agent charg\u00e9 de la tenue des registres et des transferts de Propri\u00e9t\u00e9s de Choix.<br><br>Compagnie Trust TSX <br>C.P. 700, succursale B <br>Montr\u00e9al (Qu\u00e9bec) <br>M3B 3K3<br><br><br>Num\u00e9ro de t\u00e9l\u00e9phone sans frais : 1-800-387-0825 (Canada et \u00c9.-U.) <br>T\u00e9l : 416-682-3860 (ligne internationale et ligne directe)<br><br>T\u00e9l\u00e9c. sans frais : 1-888-249-6189 (Canada et \u00c9.-U.) <br>T\u00e9l\u00e9c. : 1-514-985-8843 (\u00e0 l\u2019ext\u00e9rieur du Canada et des \u00c9.-U.)<br><br>Courriel: <a href=\"mailto:shareholderinquiries@tmx.com\">shareholderinquiries@tmx.com<\/a><br><\/p>\n\t\t\t\t<\/div>\n\t\t\t\t\t\t      <\/div>\n    <\/div>\n              <div class=\"col-md-6 col-lg-4 column-container\">\n\n        \n      <div class=\"column-container__content\">\n                  <h3 class=\"heading-three\">Relations avec les investisseurs<\/h3>\n          <div class=\"is-accent-color faux-hr\"><\/div>\n                \t\t\t\t\t\t\t<div class=\"text-left\">\n\t\t\t\t\t\n<p>Pour toute question concernant les relations avec les investisseurs, \u00e9crivez \u00e0For investor relations enquiries contact <a href=\"mailto:investor@choicereit.ca\">investor@choicereit.ca<\/a>.<\/p>\n\t\t\t\t<\/div>\n\t\t\t\t\t\t      <\/div>\n    <\/div>\n                      <\/div> <!-- end row -->\n            <\/div> <!-- end col-container -->\n          <\/div> <!-- end container -->\n        <\/div> <!-- end component -->\n        ","protected":false},"excerpt":{"rendered":"","protected":false},"author":1,"featured_media":0,"parent":0,"menu_order":0,"comment_status":"closed","ping_status":"closed","template":"","meta":{"accent-color-admin":"","header_style":"","accent-color":"accent-color-red","header_eyebrow":"","header_center":"","header_excerpt":"","header_title":"","header_button_text":"","header_button_link":"","header_button_icon":"","first_item_spacing":"","news_release_detail":"","footnotes":""},"class_list":["post-4719","page","type-page","status-publish","hentry"],"yoast_head":"<!-- This site is optimized with the Yoast SEO plugin v24.9 - https:\/\/yoast.com\/wordpress\/plugins\/seo\/ -->\r\n<title>Nous joindre - Choice Properties<\/title>\r\n<meta name=\"robots\" content=\"noindex, follow, max-snippet:-1, max-image-preview:large, max-video-preview:-1\" \/>\r\n<meta property=\"og:locale\" content=\"fr_FR\" \/>\r\n<meta property=\"og:type\" content=\"article\" \/>\r\n<meta property=\"og:title\" content=\"Nous joindre - Choice Properties\" \/>\r\n<meta property=\"og:url\" content=\"https:\/\/choicewp.joeyai.app\/fr\/contact-fr\/\" \/>\r\n<meta property=\"og:site_name\" content=\"Choice Properties\" \/>\r\n<meta property=\"article:modified_time\" content=\"2025-03-10T13:53:12+00:00\" \/>\r\n<meta name=\"twitter:card\" content=\"summary_large_image\" \/>\r\n<meta name=\"twitter:label1\" content=\"Est. reading time\" \/>\n\t<meta name=\"twitter:data1\" content=\"1 minute\" \/>\r\n<script type=\"application\/ld+json\" class=\"yoast-schema-graph\">{\"@context\":\"https:\/\/schema.org\",\"@graph\":[{\"@type\":\"WebPage\",\"@id\":\"https:\/\/choicewp.joeyai.app\/fr\/contact-fr\/\",\"url\":\"https:\/\/choicewp.joeyai.app\/fr\/contact-fr\/\",\"name\":\"Nous joindre - Choice Properties\",\"isPartOf\":{\"@id\":\"https:\/\/choicewp.joeyai.app\/#website\"},\"datePublished\":\"2020-12-01T19:37:06+00:00\",\"dateModified\":\"2025-03-10T13:53:12+00:00\",\"breadcrumb\":{\"@id\":\"https:\/\/choicewp.joeyai.app\/fr\/contact-fr\/#breadcrumb\"},\"inLanguage\":\"fr-FR\",\"potentialAction\":[{\"@type\":\"ReadAction\",\"target\":[\"https:\/\/choicewp.joeyai.app\/fr\/contact-fr\/\"]}]},{\"@type\":\"BreadcrumbList\",\"@id\":\"https:\/\/choicewp.joeyai.app\/fr\/contact-fr\/#breadcrumb\",\"itemListElement\":[{\"@type\":\"ListItem\",\"position\":1,\"name\":\"Home\",\"item\":\"https:\/\/choicewp.joeyai.app\/fr\/\"},{\"@type\":\"ListItem\",\"position\":2,\"name\":\"Nous joindre\"}]},{\"@type\":\"WebSite\",\"@id\":\"https:\/\/choicewp.joeyai.app\/#website\",\"url\":\"https:\/\/choicewp.joeyai.app\/\",\"name\":\"Choice Properties\",\"description\":\"Places People Thrive\",\"publisher\":{\"@id\":\"https:\/\/choicewp.joeyai.app\/#organization\"},\"potentialAction\":[{\"@type\":\"SearchAction\",\"target\":{\"@type\":\"EntryPoint\",\"urlTemplate\":\"https:\/\/choicewp.joeyai.app\/?s={search_term_string}\"},\"query-input\":{\"@type\":\"PropertyValueSpecification\",\"valueRequired\":true,\"valueName\":\"search_term_string\"}}],\"inLanguage\":\"fr-FR\"},{\"@type\":\"Organization\",\"@id\":\"https:\/\/choicewp.joeyai.app\/#organization\",\"name\":\"Choice Properties\",\"url\":\"https:\/\/choicewp.joeyai.app\/\",\"logo\":{\"@type\":\"ImageObject\",\"inLanguage\":\"fr-FR\",\"@id\":\"https:\/\/choicewp.joeyai.app\/#\/schema\/logo\/image\/\",\"url\":\"https:\/\/choicewp.joeyai.app\/wp-content\/uploads\/2021\/03\/cropped-Choice-Properties-Image-Primary-Red-Grey-1.png\",\"contentUrl\":\"https:\/\/choicewp.joeyai.app\/wp-content\/uploads\/2021\/03\/cropped-Choice-Properties-Image-Primary-Red-Grey-1.png\",\"width\":4143,\"height\":785,\"caption\":\"Choice Properties\"},\"image\":{\"@id\":\"https:\/\/choicewp.joeyai.app\/#\/schema\/logo\/image\/\"},\"sameAs\":[\"https:\/\/www.instagram.com\/choicereit\/\",\"https:\/\/www.linkedin.com\/company\/choicereit\/\"]}]}<\/script>\r\n<!-- \/ Yoast SEO plugin. -->","yoast_head_json":{"title":"Nous joindre - Choice Properties","robots":{"index":"noindex","follow":"follow","max-snippet":"max-snippet:-1","max-image-preview":"max-image-preview:large","max-video-preview":"max-video-preview:-1"},"og_locale":"fr_FR","og_type":"article","og_title":"Nous joindre - Choice Properties","og_url":"https:\/\/choicewp.joeyai.app\/fr\/contact-fr\/","og_site_name":"Choice Properties","article_modified_time":"2025-03-10T13:53:12+00:00","twitter_card":"summary_large_image","twitter_misc":{"Est. reading time":"1 minute"},"schema":{"@context":"https:\/\/schema.org","@graph":[{"@type":"WebPage","@id":"https:\/\/choicewp.joeyai.app\/fr\/contact-fr\/","url":"https:\/\/choicewp.joeyai.app\/fr\/contact-fr\/","name":"Nous joindre - Choice Properties","isPartOf":{"@id":"https:\/\/choicewp.joeyai.app\/#website"},"datePublished":"2020-12-01T19:37:06+00:00","dateModified":"2025-03-10T13:53:12+00:00","breadcrumb":{"@id":"https:\/\/choicewp.joeyai.app\/fr\/contact-fr\/#breadcrumb"},"inLanguage":"fr-FR","potentialAction":[{"@type":"ReadAction","target":["https:\/\/choicewp.joeyai.app\/fr\/contact-fr\/"]}]},{"@type":"BreadcrumbList","@id":"https:\/\/choicewp.joeyai.app\/fr\/contact-fr\/#breadcrumb","itemListElement":[{"@type":"ListItem","position":1,"name":"Home","item":"https:\/\/choicewp.joeyai.app\/fr\/"},{"@type":"ListItem","position":2,"name":"Nous joindre"}]},{"@type":"WebSite","@id":"https:\/\/choicewp.joeyai.app\/#website","url":"https:\/\/choicewp.joeyai.app\/","name":"Choice Properties","description":"Places People Thrive","publisher":{"@id":"https:\/\/choicewp.joeyai.app\/#organization"},"potentialAction":[{"@type":"SearchAction","target":{"@type":"EntryPoint","urlTemplate":"https:\/\/choicewp.joeyai.app\/?s={search_term_string}"},"query-input":{"@type":"PropertyValueSpecification","valueRequired":true,"valueName":"search_term_string"}}],"inLanguage":"fr-FR"},{"@type":"Organization","@id":"https:\/\/choicewp.joeyai.app\/#organization","name":"Choice Properties","url":"https:\/\/choicewp.joeyai.app\/","logo":{"@type":"ImageObject","inLanguage":"fr-FR","@id":"https:\/\/choicewp.joeyai.app\/#\/schema\/logo\/image\/","url":"https:\/\/choicewp.joeyai.app\/wp-content\/uploads\/2021\/03\/cropped-Choice-Properties-Image-Primary-Red-Grey-1.png","contentUrl":"https:\/\/choicewp.joeyai.app\/wp-content\/uploads\/2021\/03\/cropped-Choice-Properties-Image-Primary-Red-Grey-1.png","width":4143,"height":785,"caption":"Choice Properties"},"image":{"@id":"https:\/\/choicewp.joeyai.app\/#\/schema\/logo\/image\/"},"sameAs":["https:\/\/www.instagram.com\/choicereit\/","https:\/\/www.linkedin.com\/company\/choicereit\/"]}]}},"_links":{"self":[{"href":"https:\/\/choicewp.joeyai.app\/fr\/wp-json\/wp\/v2\/pages\/4719","targetHints":{"allow":["GET"]}}],"collection":[{"href":"https:\/\/choicewp.joeyai.app\/fr\/wp-json\/wp\/v2\/pages"}],"about":[{"href":"https:\/\/choicewp.joeyai.app\/fr\/wp-json\/wp\/v2\/types\/page"}],"author":[{"embeddable":true,"href":"https:\/\/choicewp.joeyai.app\/fr\/wp-json\/wp\/v2\/users\/1"}],"replies":[{"embeddable":true,"href":"https:\/\/choicewp.joeyai.app\/fr\/wp-json\/wp\/v2\/comments?post=4719"}],"version-history":[{"count":3,"href":"https:\/\/choicewp.joeyai.app\/fr\/wp-json\/wp\/v2\/pages\/4719\/revisions"}],"predecessor-version":[{"id":15261,"href":"https:\/\/choicewp.joeyai.app\/fr\/wp-json\/wp\/v2\/pages\/4719\/revisions\/15261"}],"wp:attachment":[{"href":"https:\/\/choicewp.joeyai.app\/fr\/wp-json\/wp\/v2\/media?parent=4719"}],"curies":[{"name":"wp","href":"https:\/\/api.w.org\/{rel}","templated":true}]}}