{"id":4739,"date":"2020-11-24T20:03:53","date_gmt":"2020-11-25T01:03:53","guid":{"rendered":"https:\/\/choicewp.joeyai.app\/\/?page_id=4739"},"modified":"2026-03-03T09:23:37","modified_gmt":"2026-03-03T14:23:37","slug":"tax-history-fr","status":"publish","type":"page","link":"https:\/\/choicewp.joeyai.app\/fr\/tax-history-fr\/","title":{"rendered":"Historique en mati\u00e8re d\u2019imp\u00f4t"},"content":{"rendered":"\n\t\t<div class=\"component-container table__container block--light\">\n\t\t\t<div class=\"container container--scroll\">\n\t\t\t\t<div class=\"scroll-container__columns\">\n\t\t\t\t\t<div class=\"row row--scroll\">\n\t\t\t\t\t\t\n<figure class=\"wp-block-table\"><table><thead><tr><th>Ann\u00e9e<\/th><th>Distribution par part<\/th><th>Revenu<\/th><th>Gains en capital<\/th><th>Revenue \u00e9tranger<\/th><th>Remboursement de capital<\/th><th>Traitement fiscal<\/th><\/tr><\/thead><tbody><tr><td>2025<\/td><td>$0,76836<\/td><td>96.0%<\/td><td>3.8%<\/td><td><br>&#8212;<\/td><td>0.2%<\/td><td><a href=\"https:\/\/choicewp.joeyai.app\/wp-content\/uploads\/2026\/03\/T3_CHP-REIT_2025.pdf\">\u00c9tat des revenus de fiducie (r\u00e9partitions et attributions)<\/a><\/td><\/tr><tr><td>2024<\/td><td>0,75833$<\/td><td>97.5%<\/td><td>2.2%<\/td><td>&#8212;<\/td><td>0.3%<\/td><td><a href=\"https:\/\/choicewp.joeyai.app\/wp-content\/uploads\/2025\/03\/T3_CHP-REIT_2024.pdf\">\u00c9tat des revenus de fiducie (r\u00e9partitions et attributions)<\/a><\/td><\/tr><tr><td>2023<\/td><td>0,74834$<\/td><td>84.3%<\/td><td>15,7%<\/td><td>&#8212;<\/td><td>0,02%<\/td><td><a aria-label=\"\u00c9tat des revenus de fiducie (r\u00e9partitions et attributions)\" href=\"https:\/\/choicewp.joeyai.app\/wp-content\/uploads\/2024\/03\/T3_CHP-REIT_2023.pdf\">\u00c9tat des revenus de fiducie (r\u00e9partitions et attributions)<\/a><\/td><\/tr><tr><td>2022<\/td><td>0,740040$<\/td><td>89.4%<\/td><td>9,6%<\/td><td>&#8212;<\/td><td>1,0%<\/td><td><a aria-label=\"\u00c9tat des revenus de fiducie (r\u00e9partitions et attributions)\" href=\"https:\/\/choicewp.joeyai.app\/wp-content\/uploads\/2023\/03\/Tax-History-Statement-of-Trust-Income-2022.pdf\">\u00c9tat des revenus de fiducie (r\u00e9partitions et attributions)<\/a><\/td><\/tr><tr><td>2021<\/td><td>0,740040$<\/td><td>90,8%<\/td><td>7,4%<\/td><td>&#8212;<\/td><td>1,8%<\/td><td><a href=\"https:\/\/choicewp.joeyai.app\/wp-content\/uploads\/2024\/07\/2021-Statement-of-Trust-Income-Allocations-Designations_AODA.pdf\">\u00c9tat des revenus de fiducie (r\u00e9partitions et attributions)<\/a><\/td><\/tr><tr><td>2020<\/td><td>0,740040$<\/td><td>88,6%<\/td><td>10,4%<\/td><td>0,1%<\/td><td>0,9%<\/td><td><a aria-label=\"\u00c9tat des revenus de fiducie (r\u00e9partitions et attributions)\" href=\"https:\/\/choicewp.joeyai.app\/wp-content\/uploads\/2021\/06\/Tax-History-Statement-of-Trust-Income-2020_AODA.pdf\">\u00c9tat des revenus de fiducie (r\u00e9partitions et attributions)<\/a><\/td><\/tr><tr><td>2020<\/td><td>0,090000$<\/td><td>&#8212;<\/td><td>100%<\/td><td>&#8212;<\/td><td>&#8212;<\/td><td><a aria-label=\"\u00c9tat des revenus de fiducie (r\u00e9partitions et attributions)\" href=\"https:\/\/choicewp.joeyai.app\/wp-content\/uploads\/2021\/06\/Tax-History-Statement-of-Trust-Income-2020_AODA.pdf\">\u00c9tat des revenus de fiducie (r\u00e9partitions et attributions)<\/a><\/td><\/tr><tr><td>2019<\/td><td>0,740040$<\/td><td>94,8%<\/td><td>4,6%<\/td><td>0,6%<\/td><td>&#8212;<\/td><td><a aria-label=\"\u00c9tat des revenus de fiducie (r\u00e9partitions et attributions)\" href=\"https:\/\/choicewp.joeyai.app\/\/wp-content\/uploads\/2020\/11\/T3_CHP_2019.pdfdf\"><\/a><a aria-label=\"\u00c9tat des revenus de fiducie (r\u00e9partitions et attributions)\" href=\"https:\/\/choicewp.joeyai.app\/wp-content\/uploads\/2021\/06\/T3_CHP-REIT_2019_AODA.pdf\">\u00c9tat des revenus de fiducie (r\u00e9partitions et attributions)<\/a><\/td><\/tr><tr><td>2019<\/td><td>0,070000$<\/td><td>&#8212;<\/td><td>100%<\/td><td>&#8212;<\/td><td>&#8212;<\/td><td><a aria-label=\"\u00c9tat des revenus de fiducie (r\u00e9partitions et attributions)\" href=\"https:\/\/choicewp.joeyai.app\/\/wp-content\/uploads\/2020\/11\/T3_CHP_2019.pdf\"><\/a><a aria-label=\"\u00c9tat des revenus de fiducie (r\u00e9partitions et attributions)\" href=\"https:\/\/choicewp.joeyai.app\/wp-content\/uploads\/2021\/06\/T3_CHP-REIT_2019_AODA.pdf\">\u00c9tat des revenus de fiducie (r\u00e9partitions et attributions)<\/a><\/td><\/tr><tr><td>2018<\/td><td>0,740040$<\/td><td>94,2%<\/td><td>0,3%<\/td><td>0,5%<\/td><td>5,0%<\/td><td><a aria-label=\"\u00c9tat des revenus de fiducie (r\u00e9partitions et attributions)\" href=\"https:\/\/choicewp.joeyai.app\/\/wp-content\/uploads\/2020\/11\/T3_CHP_2018.pdf\"><\/a><a aria-label=\"\u00c9tat des revenus de fiducie (r\u00e9partitions et attributions)\" href=\"https:\/\/choicewp.joeyai.app\/wp-content\/uploads\/2021\/06\/T3_CHP_2018_AODA.pdf\">\u00c9tat des revenus de fiducie (r\u00e9partitions et attributions)<\/a><\/td><\/tr><tr><td>2017<\/td><td>0,730004$<\/td><td>96,4%<\/td><td>0,7%<\/td><td>&#8212;<\/td><td>2,9%<\/td><td><a aria-label=\"\u00c9tat des revenus de fiducie (r\u00e9partitions et attributions)\" href=\"https:\/\/choicewp.joeyai.app\/\/wp-content\/uploads\/2020\/11\/T3_2017.pdf\"><\/a><a href=\"https:\/\/choicewp.joeyai.app\/wp-content\/uploads\/2024\/07\/T3_2017_AODA.pdf\">\u00c9tat des revenus de fiducie (r\u00e9partitions et attributions)<\/a><\/td><\/tr><tr><td>2016<\/td><td>0,690000$<\/td><td>92,9%<\/td><td>4,0%<\/td><td>&#8212;<\/td><td>3,1%<\/td><td><a aria-label=\"\u00c9tat des revenus de fiducie (r\u00e9partitions et attributions)\" href=\"https:\/\/choicewp.joeyai.app\/\/wp-content\/uploads\/2020\/11\/T3_2016.pdf\"><\/a><a href=\"https:\/\/choicewp.joeyai.app\/wp-content\/uploads\/2024\/07\/T3_2016_AODA.pdf\">\u00c9tat des revenus de fiducie (r\u00e9partitions et attributions)<\/a><\/td><\/tr><tr><td>2015<\/td><td>0,650040$<\/td><td>90,5%<\/td><td>0,1%<\/td><td>&#8212;<\/td><td>9,4%<\/td><td><a aria-label=\"\u00c9tat des revenus de fiducie (r\u00e9partitions et attributions)\" href=\"https:\/\/choicewp.joeyai.app\/\/wp-content\/uploads\/2020\/11\/Tax-Treatment-2015-Distributions.pdf\"><\/a><a href=\"https:\/\/choicewp.joeyai.app\/wp-content\/uploads\/2024\/07\/Tax-Treatment-2015-Distributions_AODA.pdf\">\u00c9tat des revenus de fiducie (r\u00e9partitions et attributions)<\/a><\/td><\/tr><tr><td>2014<\/td><td>0,650040$<\/td><td>81,8%<\/td><td>1,1%<\/td><td>&#8212;<\/td><td>17,1%<\/td><td><a aria-label=\"\u00c9tat des revenus de fiducie (r\u00e9partitions et attributions)\" href=\"https:\/\/choicewp.joeyai.app\/\/wp-content\/uploads\/2020\/11\/Tax-Treatment-2014-Distributions_v001_k30779.pdf\"><\/a><a href=\"https:\/\/choicewp.joeyai.app\/wp-content\/uploads\/2024\/07\/Tax-Treatment-2014-Distributions_v001_k30779_AODA.pdf\">\u00c9tat des revenus de fiducie (r\u00e9partitions et attributions)<\/a><\/td><\/tr><tr><td>2013<\/td><td>0,318917$<\/td><td>77,3%<\/td><td>0,0%<\/td><td>&#8212;<\/td><td>22,7%<\/td><td><a aria-label=\"\u00c9tat des revenus de fiducie (r\u00e9partitions et attributions)\" href=\"https:\/\/choicewp.joeyai.app\/\/wp-content\/uploads\/2020\/11\/Tax-Treatment-2013-Distributions_v001_h3h851.pdf\"><\/a><a href=\"https:\/\/choicewp.joeyai.app\/wp-content\/uploads\/2024\/07\/Tax-Treatment-2013-Distributions_v001_h3h851_AODA.pdf\">\u00c9tat des revenus de fiducie (r\u00e9partitions et attributions)<\/a><\/td><\/tr><\/tbody><\/table><\/figure>\n\t\t\t\t\t\t<div class=\"row__spacer\"><\/div>\n\t\t\t\t\t<\/div>\n\t\t\t\t<\/div>\n\t\t\t<\/div>\n\t\t<\/div>\n            <div class=\"component-container document-block__container block--light\">\n\t\t\t<div class=\"container\">\n\t\t\t\t<div class=\"accent-color-override accent-color-red\">\n        \t\t\t\t\t\t<h2 class=\"heading-two\">CREIT distribution et traitement<\/h2>\n                    <div>\n            \n\t<article class=\"document-block__row\">\n\t\t<div class=\"row middle-xs document-block__container\">\n\t\t\t<div class=\"col-xs-12 col-md-7 col-lg-9\">\n\t\t\t\t<div class=\"document-block__name\">\n\t\t\t\t\t\t\t\t\t\t<h3 class=\"document-row__title paragraph\">\n                \t\tCREIT distribution et traitement fiscal 2018\t\t\t\t\t<\/h3>\n\t\t\t\t\t\t\t\t\t\t\t\t\t\t<\/div>\n\t\t\t<\/div>\n\t\t\t<div class=\"col-xs-12 col-md-5 col-lg-3\">\n\t\t\t\t<a class=\"document-block__download end-md hyperlink\" href=\"https:\/\/choicewp.joeyai.app\/wp-content\/uploads\/2024\/10\/2018-CREIT-Distribution-Tax-Treatment-AODAOct25.pdf\" aria-label=\"T\u00e9l\u00e9charger le PDF CREIT distribution et traitement fiscal 2018\">\n\t\t\t\t\t<span class=\"document-block__link\">\n\t\t\t\t\t\tT\u00e9l\u00e9charger le PDF\t\t\t\t\t<\/span>\n\t\t\t\t\t\t\t\t\t\t<svg class=\"document-block__icon\">\n\t\t\t\t\t\t<use xlink:href=\"#icon-download\"><\/use>\n\t\t\t\t\t<\/svg>\n\t\t\t\t\t\t\t\t\t<\/a>\n\t\t\t<\/div>\n\t\t<\/div>\n\t<\/article>\n    \n\n\t<article class=\"document-block__row\">\n\t\t<div class=\"row middle-xs document-block__container\">\n\t\t\t<div class=\"col-xs-12 col-md-7 col-lg-9\">\n\t\t\t\t<div class=\"document-block__name\">\n\t\t\t\t\t\t\t\t\t\t<h3 class=\"document-row__title paragraph\">\n                \t\tCREIT distribution et traitement fiscal 1993 \u00e0 2017\t\t\t\t\t<\/h3>\n\t\t\t\t\t\t\t\t\t\t\t\t\t\t<\/div>\n\t\t\t<\/div>\n\t\t\t<div class=\"col-xs-12 col-md-5 col-lg-3\">\n\t\t\t\t<a class=\"document-block__download end-md hyperlink\" href=\"https:\/\/choicewp.joeyai.app\/wp-content\/uploads\/2021\/06\/CREIT-Historical-Distribution-1993-to-2017_AODA.pdf\" aria-label=\"T\u00e9l\u00e9charger le PDF CREIT distribution et traitement fiscal 1993 \u00e0 2017\">\n\t\t\t\t\t<span class=\"document-block__link\">\n\t\t\t\t\t\tT\u00e9l\u00e9charger le PDF\t\t\t\t\t<\/span>\n\t\t\t\t\t\t\t\t\t\t<svg class=\"document-block__icon\">\n\t\t\t\t\t\t<use xlink:href=\"#icon-download\"><\/use>\n\t\t\t\t\t<\/svg>\n\t\t\t\t\t\t\t\t\t<\/a>\n\t\t\t<\/div>\n\t\t<\/div>\n\t<\/article>\n    \n\n\t<article class=\"document-block__row\">\n\t\t<div class=\"row middle-xs document-block__container\">\n\t\t\t<div class=\"col-xs-12 col-md-7 col-lg-9\">\n\t\t\t\t<div class=\"document-block__name\">\n\t\t\t\t\t\t\t\t\t\t<h3 class=\"document-row__title paragraph\">\n                \t\tCalcul du gain en capital sur le rachat des parts de la CREIT\t\t\t\t\t<\/h3>\n\t\t\t\t\t\t\t\t\t\t\t\t\t\t<\/div>\n\t\t\t<\/div>\n\t\t\t<div class=\"col-xs-12 col-md-5 col-lg-3\">\n\t\t\t\t<a class=\"document-block__download end-md hyperlink\" href=\"https:\/\/choicewp.joeyai.app\/wp-content\/uploads\/2021\/06\/Redemption-Gain_Loss-Example-Final_AODA.pdf\" aria-label=\"T\u00e9l\u00e9charger le PDF Calcul du gain en capital sur le rachat des parts de la CREIT\">\n\t\t\t\t\t<span class=\"document-block__link\">\n\t\t\t\t\t\tT\u00e9l\u00e9charger le PDF\t\t\t\t\t<\/span>\n\t\t\t\t\t\t\t\t\t\t<svg class=\"document-block__icon\">\n\t\t\t\t\t\t<use xlink:href=\"#icon-download\"><\/use>\n\t\t\t\t\t<\/svg>\n\t\t\t\t\t\t\t\t\t<\/a>\n\t\t\t<\/div>\n\t\t<\/div>\n\t<\/article>\n    \n          <\/div>\n        <\/div>\n      <\/div>\n    <\/div>\n        \n\t\t<div class=\"component-container block--light\">\n\t\t\t<div class=\"container\">\n\t\t\t\t<div class=\"row centered\">\n\t\t\t\t\t<div class=\"col-xxs-12 col-md-10 col-lg-9 col-xl-7\">\n\t\t\t\t\t\t<div class=\"body-copy__content\">\n\t\t\t\t\t\t\t\n\t\t\t\t\t\t\t<div class=\"text-center\">\n\t\t\t\t\t\n<p>Veuillez envoyer un courriel \u00e0 l\u2019adresse <a href=\"mailto:accessibility@choicereit.ca\">accessibility@choicereit.ca<\/a> pour demander une copie accessible d\u2019un document.<\/p>\n\t\t\t\t<\/div>\n\t\t\t\t\t\t\n\t\t\t\t\t\t<\/div>\n\t\t\t\t\t<\/div>\n\t\t\t\t<\/div>\n\t\t\t<\/div>\n\t\t<\/div>\n\n\t\t","protected":false},"excerpt":{"rendered":"<p>Le rendement apr\u00e8s imp\u00f4t d\u2019un investissement en parts pour un investisseur assujetti \u00e0 l\u2019imp\u00f4t sur le revenu canadien d\u00e9pend, en partie, de la composition aux fins de l\u2019imp\u00f4t sur le revenu des distributions effectu\u00e9es par la Fiducie, dont certaines parties peuvent \u00eatre enti\u00e8rement ou partiellement imposables ou peuvent constituer des remboursements de capital \u00e0 imposition diff\u00e9r\u00e9e. Cette composition peut changer au fil du temps, ce qui a une incidence sur le rendement apr\u00e8s imp\u00f4t pour les porteurs de parts. Propri\u00e9t\u00e9s de Choix a d\u00e9termin\u00e9 que les distributions devraient \u00eatre trait\u00e9es conform\u00e9ment au tableau suivant.<\/p>\n","protected":false},"author":1,"featured_media":0,"parent":0,"menu_order":0,"comment_status":"closed","ping_status":"closed","template":"","meta":{"accent-color-admin":"","header_style":"default","accent-color":"accent-color-red","header_eyebrow":"","header_center":"","header_excerpt":"","header_title":"","header_button_text":"","header_button_link":"","header_button_icon":"","first_item_spacing":"reduced","news_release_detail":"","footnotes":""},"class_list":["post-4739","page","type-page","status-publish","hentry"],"yoast_head":"<!-- This site is optimized with the Yoast SEO plugin v24.9 - https:\/\/yoast.com\/wordpress\/plugins\/seo\/ -->\r\n<title>Historique en mati\u00e8re d\u2019imp\u00f4t - Choice Properties<\/title>\r\n<meta name=\"robots\" content=\"noindex, follow, max-snippet:-1, max-image-preview:large, max-video-preview:-1\" \/>\r\n<meta property=\"og:locale\" content=\"fr_FR\" \/>\r\n<meta property=\"og:type\" content=\"article\" \/>\r\n<meta property=\"og:title\" content=\"Historique en mati\u00e8re d\u2019imp\u00f4t - Choice Properties\" \/>\r\n<meta property=\"og:description\" content=\"Le rendement apr\u00e8s imp\u00f4t d\u2019un investissement en parts pour un investisseur assujetti \u00e0 l\u2019imp\u00f4t sur le revenu canadien d\u00e9pend, en partie, de la composition aux fins de l\u2019imp\u00f4t sur le revenu des distributions effectu\u00e9es par la Fiducie, dont certaines parties peuvent \u00eatre enti\u00e8rement ou partiellement imposables ou peuvent constituer des remboursements de capital \u00e0 imposition diff\u00e9r\u00e9e. Cette composition peut changer au fil du temps, ce qui a une incidence sur le rendement apr\u00e8s imp\u00f4t pour les porteurs de parts. Propri\u00e9t\u00e9s de Choix a d\u00e9termin\u00e9 que les distributions devraient \u00eatre trait\u00e9es conform\u00e9ment au tableau suivant.\" \/>\r\n<meta property=\"og:url\" content=\"https:\/\/choicewp.joeyai.app\/tax-history\/\" \/>\r\n<meta property=\"og:site_name\" content=\"Choice Properties\" \/>\r\n<meta property=\"article:modified_time\" content=\"2026-03-03T14:23:37+00:00\" \/>\r\n<meta name=\"twitter:card\" content=\"summary_large_image\" \/>\r\n<meta name=\"twitter:label1\" content=\"Est. reading time\" \/>\n\t<meta name=\"twitter:data1\" content=\"1 minute\" \/>\r\n<script type=\"application\/ld+json\" class=\"yoast-schema-graph\">{\"@context\":\"https:\/\/schema.org\",\"@graph\":[{\"@type\":\"WebPage\",\"@id\":\"https:\/\/choicewp.joeyai.app\/tax-history\/\",\"url\":\"https:\/\/choicewp.joeyai.app\/tax-history\/\",\"name\":\"Historique en mati\u00e8re d\u2019imp\u00f4t - Choice Properties\",\"isPartOf\":{\"@id\":\"https:\/\/choicewp.joeyai.app\/#website\"},\"datePublished\":\"2020-11-25T01:03:53+00:00\",\"dateModified\":\"2026-03-03T14:23:37+00:00\",\"breadcrumb\":{\"@id\":\"https:\/\/choicewp.joeyai.app\/tax-history\/#breadcrumb\"},\"inLanguage\":\"fr-FR\",\"potentialAction\":[{\"@type\":\"ReadAction\",\"target\":[\"https:\/\/choicewp.joeyai.app\/tax-history\/\"]}]},{\"@type\":\"BreadcrumbList\",\"@id\":\"https:\/\/choicewp.joeyai.app\/tax-history\/#breadcrumb\",\"itemListElement\":[{\"@type\":\"ListItem\",\"position\":1,\"name\":\"Home\",\"item\":\"https:\/\/choicewp.joeyai.app\/fr\/\"},{\"@type\":\"ListItem\",\"position\":2,\"name\":\"Historique en mati\u00e8re d\u2019imp\u00f4t\"}]},{\"@type\":\"WebSite\",\"@id\":\"https:\/\/choicewp.joeyai.app\/#website\",\"url\":\"https:\/\/choicewp.joeyai.app\/\",\"name\":\"Choice Properties\",\"description\":\"Places People Thrive\",\"publisher\":{\"@id\":\"https:\/\/choicewp.joeyai.app\/#organization\"},\"potentialAction\":[{\"@type\":\"SearchAction\",\"target\":{\"@type\":\"EntryPoint\",\"urlTemplate\":\"https:\/\/choicewp.joeyai.app\/?s={search_term_string}\"},\"query-input\":{\"@type\":\"PropertyValueSpecification\",\"valueRequired\":true,\"valueName\":\"search_term_string\"}}],\"inLanguage\":\"fr-FR\"},{\"@type\":\"Organization\",\"@id\":\"https:\/\/choicewp.joeyai.app\/#organization\",\"name\":\"Choice Properties\",\"url\":\"https:\/\/choicewp.joeyai.app\/\",\"logo\":{\"@type\":\"ImageObject\",\"inLanguage\":\"fr-FR\",\"@id\":\"https:\/\/choicewp.joeyai.app\/#\/schema\/logo\/image\/\",\"url\":\"https:\/\/choicewp.joeyai.app\/wp-content\/uploads\/2021\/03\/cropped-Choice-Properties-Image-Primary-Red-Grey-1.png\",\"contentUrl\":\"https:\/\/choicewp.joeyai.app\/wp-content\/uploads\/2021\/03\/cropped-Choice-Properties-Image-Primary-Red-Grey-1.png\",\"width\":4143,\"height\":785,\"caption\":\"Choice Properties\"},\"image\":{\"@id\":\"https:\/\/choicewp.joeyai.app\/#\/schema\/logo\/image\/\"},\"sameAs\":[\"https:\/\/www.instagram.com\/choicereit\/\",\"https:\/\/www.linkedin.com\/company\/choicereit\/\"]}]}<\/script>\r\n<!-- \/ Yoast SEO plugin. -->","yoast_head_json":{"title":"Historique en mati\u00e8re d\u2019imp\u00f4t - Choice Properties","robots":{"index":"noindex","follow":"follow","max-snippet":"max-snippet:-1","max-image-preview":"max-image-preview:large","max-video-preview":"max-video-preview:-1"},"og_locale":"fr_FR","og_type":"article","og_title":"Historique en mati\u00e8re d\u2019imp\u00f4t - Choice Properties","og_description":"Le rendement apr\u00e8s imp\u00f4t d\u2019un investissement en parts pour un investisseur assujetti \u00e0 l\u2019imp\u00f4t sur le revenu canadien d\u00e9pend, en partie, de la composition aux fins de l\u2019imp\u00f4t sur le revenu des distributions effectu\u00e9es par la Fiducie, dont certaines parties peuvent \u00eatre enti\u00e8rement ou partiellement imposables ou peuvent constituer des remboursements de capital \u00e0 imposition diff\u00e9r\u00e9e. Cette composition peut changer au fil du temps, ce qui a une incidence sur le rendement apr\u00e8s imp\u00f4t pour les porteurs de parts. Propri\u00e9t\u00e9s de Choix a d\u00e9termin\u00e9 que les distributions devraient \u00eatre trait\u00e9es conform\u00e9ment au tableau suivant.","og_url":"https:\/\/choicewp.joeyai.app\/tax-history\/","og_site_name":"Choice Properties","article_modified_time":"2026-03-03T14:23:37+00:00","twitter_card":"summary_large_image","twitter_misc":{"Est. reading time":"1 minute"},"schema":{"@context":"https:\/\/schema.org","@graph":[{"@type":"WebPage","@id":"https:\/\/choicewp.joeyai.app\/tax-history\/","url":"https:\/\/choicewp.joeyai.app\/tax-history\/","name":"Historique en mati\u00e8re d\u2019imp\u00f4t - Choice Properties","isPartOf":{"@id":"https:\/\/choicewp.joeyai.app\/#website"},"datePublished":"2020-11-25T01:03:53+00:00","dateModified":"2026-03-03T14:23:37+00:00","breadcrumb":{"@id":"https:\/\/choicewp.joeyai.app\/tax-history\/#breadcrumb"},"inLanguage":"fr-FR","potentialAction":[{"@type":"ReadAction","target":["https:\/\/choicewp.joeyai.app\/tax-history\/"]}]},{"@type":"BreadcrumbList","@id":"https:\/\/choicewp.joeyai.app\/tax-history\/#breadcrumb","itemListElement":[{"@type":"ListItem","position":1,"name":"Home","item":"https:\/\/choicewp.joeyai.app\/fr\/"},{"@type":"ListItem","position":2,"name":"Historique en mati\u00e8re d\u2019imp\u00f4t"}]},{"@type":"WebSite","@id":"https:\/\/choicewp.joeyai.app\/#website","url":"https:\/\/choicewp.joeyai.app\/","name":"Choice Properties","description":"Places People Thrive","publisher":{"@id":"https:\/\/choicewp.joeyai.app\/#organization"},"potentialAction":[{"@type":"SearchAction","target":{"@type":"EntryPoint","urlTemplate":"https:\/\/choicewp.joeyai.app\/?s={search_term_string}"},"query-input":{"@type":"PropertyValueSpecification","valueRequired":true,"valueName":"search_term_string"}}],"inLanguage":"fr-FR"},{"@type":"Organization","@id":"https:\/\/choicewp.joeyai.app\/#organization","name":"Choice Properties","url":"https:\/\/choicewp.joeyai.app\/","logo":{"@type":"ImageObject","inLanguage":"fr-FR","@id":"https:\/\/choicewp.joeyai.app\/#\/schema\/logo\/image\/","url":"https:\/\/choicewp.joeyai.app\/wp-content\/uploads\/2021\/03\/cropped-Choice-Properties-Image-Primary-Red-Grey-1.png","contentUrl":"https:\/\/choicewp.joeyai.app\/wp-content\/uploads\/2021\/03\/cropped-Choice-Properties-Image-Primary-Red-Grey-1.png","width":4143,"height":785,"caption":"Choice Properties"},"image":{"@id":"https:\/\/choicewp.joeyai.app\/#\/schema\/logo\/image\/"},"sameAs":["https:\/\/www.instagram.com\/choicereit\/","https:\/\/www.linkedin.com\/company\/choicereit\/"]}]}},"_links":{"self":[{"href":"https:\/\/choicewp.joeyai.app\/fr\/wp-json\/wp\/v2\/pages\/4739","targetHints":{"allow":["GET"]}}],"collection":[{"href":"https:\/\/choicewp.joeyai.app\/fr\/wp-json\/wp\/v2\/pages"}],"about":[{"href":"https:\/\/choicewp.joeyai.app\/fr\/wp-json\/wp\/v2\/types\/page"}],"author":[{"embeddable":true,"href":"https:\/\/choicewp.joeyai.app\/fr\/wp-json\/wp\/v2\/users\/1"}],"replies":[{"embeddable":true,"href":"https:\/\/choicewp.joeyai.app\/fr\/wp-json\/wp\/v2\/comments?post=4739"}],"version-history":[{"count":16,"href":"https:\/\/choicewp.joeyai.app\/fr\/wp-json\/wp\/v2\/pages\/4739\/revisions"}],"predecessor-version":[{"id":17269,"href":"https:\/\/choicewp.joeyai.app\/fr\/wp-json\/wp\/v2\/pages\/4739\/revisions\/17269"}],"wp:attachment":[{"href":"https:\/\/choicewp.joeyai.app\/fr\/wp-json\/wp\/v2\/media?parent=4739"}],"curies":[{"name":"wp","href":"https:\/\/api.w.org\/{rel}","templated":true}]}}