{"id":4743,"date":"2020-11-26T13:48:23","date_gmt":"2020-11-26T18:48:23","guid":{"rendered":"https:\/\/choicewp.joeyai.app\/\/?page_id=4743"},"modified":"2026-03-04T09:33:03","modified_gmt":"2026-03-04T14:33:03","slug":"analyst-coverage-fr","status":"publish","type":"page","link":"https:\/\/choicewp.joeyai.app\/fr\/analyst-coverage-fr\/","title":{"rendered":"Couverture par les analystes"},"content":{"rendered":"\n\t\t<div class=\"component-container table__container block--light\">\n\t\t\t<div class=\"container container--scroll\">\n\t\t\t\t<div class=\"scroll-container__columns\">\n\t\t\t\t\t<div class=\"row row--scroll\">\n\t\t\t\t\t\t\n<figure class=\"wp-block-table\"><table><thead><tr><th>Firme<\/th><th>Analyste<\/th><th>T\u00e9l\u00e9phone<\/th><th>Courriel<\/th><\/tr><\/thead><tbody><tr><td>BMO March\u00e9s des capitaux<\/td><td>Michael Markidis<\/td><td>416.917.5035<\/td><td>michael.markidis@bmo.com<\/td><\/tr><tr><td>CIBC Capital Markets<\/td><td>Tal Woolley<\/td><td>416.681.4183<\/td><td>tal.woolley@cibc.com<\/td><\/tr><tr><td>Canaccord Genuity<\/td><td>Mark Rothschild<\/td><td>416.869.7280<\/td><td>mrothschild@canaccordgenuity.com<\/td><\/tr><tr><td>March\u00e9s des capitaux Desjardins<\/td><td>Lorne Kalmar<\/td><td>416.607.3028<\/td><td>lorne.kalmar@desjardins.com<\/td><\/tr><tr><td>Green Street Advisors<\/td><td>Gaurav Mathur<\/td><td>647.832.3011<\/td><td>gmathur@greenstreet.com<\/td><\/tr><tr><td>Raymond James<\/td><td>Brad Sturges<\/td><td>416.777.7189<\/td><td>brad.sturges@raymondjames.ca<\/td><\/tr><tr><td>RBC March\u00e9s des Capitaux<\/td><td>Pammi Bir<\/td><td>416.842.7805<\/td><td>pammi.bir@rbccm.com<\/td><\/tr><tr><td>Scotiabank<\/td><td>Himanshu Gupta<\/td><td>416.863.7218<\/td><td>himanshu.gupta@scotiabank.com<\/td><\/tr><tr><td>Valeurs Mobili\u00e8res TD<\/td><td>Sam Damiani<\/td><td>416.983.9640<\/td><td>sam.damiani@tdsecurities.com<\/td><\/tr><\/tbody><\/table><\/figure>\n\t\t\t\t\t\t<div class=\"row__spacer\"><\/div>\n\t\t\t\t\t<\/div>\n\t\t\t\t<\/div>\n\t\t\t<\/div>\n\t\t<\/div>\n        ","protected":false},"excerpt":{"rendered":"<p>La derni\u00e8re mise \u00e0 jour de la liste a \u00e9t\u00e9 effectu\u00e9e janvier 2025. Veuillez noter que toutes les opinions, \u00e9valuations ou pr\u00e9visions concernant le rendement de la Fiducie de placement immobilier Propri\u00e9t\u00e9s de Choix fait par les analystes couvrant Propri\u00e9t\u00e9s de Choix sont leur unique responsabilit\u00e9 et ne repr\u00e9sentent pas les opinions, \u00e9valuations ou pr\u00e9visions de Propri\u00e9t\u00e9s de Choix ou de sa direction. En faisant r\u00e9f\u00e9rence aux analystes ci-dessus, Propri\u00e9t\u00e9s de Choix n\u2019endosse ni ne confirme nullement leurs renseignements, leurs conclusions ou leurs recommandations.<\/p>\n","protected":false},"author":1,"featured_media":0,"parent":0,"menu_order":0,"comment_status":"closed","ping_status":"closed","template":"","meta":{"accent-color-admin":"","header_style":"","accent-color":"accent-color-red","header_eyebrow":"","header_center":"","header_excerpt":"","header_title":"","header_button_text":"","header_button_link":"","header_button_icon":"","first_item_spacing":"","news_release_detail":"","footnotes":""},"class_list":["post-4743","page","type-page","status-publish","hentry"],"yoast_head":"<!-- This site is optimized with the Yoast SEO plugin v24.9 - https:\/\/yoast.com\/wordpress\/plugins\/seo\/ -->\r\n<title>Couverture par les analystes - Choice Properties<\/title>\r\n<meta name=\"robots\" content=\"noindex, follow, max-snippet:-1, max-image-preview:large, max-video-preview:-1\" \/>\r\n<meta property=\"og:locale\" content=\"fr_FR\" \/>\r\n<meta property=\"og:type\" content=\"article\" \/>\r\n<meta property=\"og:title\" content=\"Couverture par les analystes - Choice Properties\" \/>\r\n<meta property=\"og:description\" content=\"La derni\u00e8re mise \u00e0 jour de la liste a \u00e9t\u00e9 effectu\u00e9e janvier 2025. Veuillez noter que toutes les opinions, \u00e9valuations ou pr\u00e9visions concernant le rendement de la Fiducie de placement immobilier Propri\u00e9t\u00e9s de Choix fait par les analystes couvrant Propri\u00e9t\u00e9s de Choix sont leur unique responsabilit\u00e9 et ne repr\u00e9sentent pas les opinions, \u00e9valuations ou pr\u00e9visions de Propri\u00e9t\u00e9s de Choix ou de sa direction. En faisant r\u00e9f\u00e9rence aux analystes ci-dessus, Propri\u00e9t\u00e9s de Choix n\u2019endosse ni ne confirme nullement leurs renseignements, leurs conclusions ou leurs recommandations.\" \/>\r\n<meta property=\"og:url\" content=\"https:\/\/choicewp.joeyai.app\/analyst-coverage\/\" \/>\r\n<meta property=\"og:site_name\" content=\"Choice Properties\" \/>\r\n<meta property=\"article:modified_time\" content=\"2026-03-04T14:33:03+00:00\" \/>\r\n<meta name=\"twitter:card\" content=\"summary_large_image\" \/>\r\n<meta name=\"twitter:label1\" content=\"Est. reading time\" \/>\n\t<meta name=\"twitter:data1\" content=\"1 minute\" \/>\r\n<script type=\"application\/ld+json\" class=\"yoast-schema-graph\">{\"@context\":\"https:\/\/schema.org\",\"@graph\":[{\"@type\":\"WebPage\",\"@id\":\"https:\/\/choicewp.joeyai.app\/analyst-coverage\/\",\"url\":\"https:\/\/choicewp.joeyai.app\/analyst-coverage\/\",\"name\":\"Couverture par les analystes - Choice Properties\",\"isPartOf\":{\"@id\":\"https:\/\/choicewp.joeyai.app\/#website\"},\"datePublished\":\"2020-11-26T18:48:23+00:00\",\"dateModified\":\"2026-03-04T14:33:03+00:00\",\"breadcrumb\":{\"@id\":\"https:\/\/choicewp.joeyai.app\/analyst-coverage\/#breadcrumb\"},\"inLanguage\":\"fr-FR\",\"potentialAction\":[{\"@type\":\"ReadAction\",\"target\":[\"https:\/\/choicewp.joeyai.app\/analyst-coverage\/\"]}]},{\"@type\":\"BreadcrumbList\",\"@id\":\"https:\/\/choicewp.joeyai.app\/analyst-coverage\/#breadcrumb\",\"itemListElement\":[{\"@type\":\"ListItem\",\"position\":1,\"name\":\"Home\",\"item\":\"https:\/\/choicewp.joeyai.app\/fr\/\"},{\"@type\":\"ListItem\",\"position\":2,\"name\":\"Couverture par les analystes\"}]},{\"@type\":\"WebSite\",\"@id\":\"https:\/\/choicewp.joeyai.app\/#website\",\"url\":\"https:\/\/choicewp.joeyai.app\/\",\"name\":\"Choice Properties\",\"description\":\"Places People Thrive\",\"publisher\":{\"@id\":\"https:\/\/choicewp.joeyai.app\/#organization\"},\"potentialAction\":[{\"@type\":\"SearchAction\",\"target\":{\"@type\":\"EntryPoint\",\"urlTemplate\":\"https:\/\/choicewp.joeyai.app\/?s={search_term_string}\"},\"query-input\":{\"@type\":\"PropertyValueSpecification\",\"valueRequired\":true,\"valueName\":\"search_term_string\"}}],\"inLanguage\":\"fr-FR\"},{\"@type\":\"Organization\",\"@id\":\"https:\/\/choicewp.joeyai.app\/#organization\",\"name\":\"Choice Properties\",\"url\":\"https:\/\/choicewp.joeyai.app\/\",\"logo\":{\"@type\":\"ImageObject\",\"inLanguage\":\"fr-FR\",\"@id\":\"https:\/\/choicewp.joeyai.app\/#\/schema\/logo\/image\/\",\"url\":\"https:\/\/choicewp.joeyai.app\/wp-content\/uploads\/2021\/03\/cropped-Choice-Properties-Image-Primary-Red-Grey-1.png\",\"contentUrl\":\"https:\/\/choicewp.joeyai.app\/wp-content\/uploads\/2021\/03\/cropped-Choice-Properties-Image-Primary-Red-Grey-1.png\",\"width\":4143,\"height\":785,\"caption\":\"Choice Properties\"},\"image\":{\"@id\":\"https:\/\/choicewp.joeyai.app\/#\/schema\/logo\/image\/\"},\"sameAs\":[\"https:\/\/www.instagram.com\/choicereit\/\",\"https:\/\/www.linkedin.com\/company\/choicereit\/\"]}]}<\/script>\r\n<!-- \/ Yoast SEO plugin. -->","yoast_head_json":{"title":"Couverture par les analystes - Choice Properties","robots":{"index":"noindex","follow":"follow","max-snippet":"max-snippet:-1","max-image-preview":"max-image-preview:large","max-video-preview":"max-video-preview:-1"},"og_locale":"fr_FR","og_type":"article","og_title":"Couverture par les analystes - Choice Properties","og_description":"La derni\u00e8re mise \u00e0 jour de la liste a \u00e9t\u00e9 effectu\u00e9e janvier 2025. Veuillez noter que toutes les opinions, \u00e9valuations ou pr\u00e9visions concernant le rendement de la Fiducie de placement immobilier Propri\u00e9t\u00e9s de Choix fait par les analystes couvrant Propri\u00e9t\u00e9s de Choix sont leur unique responsabilit\u00e9 et ne repr\u00e9sentent pas les opinions, \u00e9valuations ou pr\u00e9visions de Propri\u00e9t\u00e9s de Choix ou de sa direction. En faisant r\u00e9f\u00e9rence aux analystes ci-dessus, Propri\u00e9t\u00e9s de Choix n\u2019endosse ni ne confirme nullement leurs renseignements, leurs conclusions ou leurs recommandations.","og_url":"https:\/\/choicewp.joeyai.app\/analyst-coverage\/","og_site_name":"Choice Properties","article_modified_time":"2026-03-04T14:33:03+00:00","twitter_card":"summary_large_image","twitter_misc":{"Est. reading time":"1 minute"},"schema":{"@context":"https:\/\/schema.org","@graph":[{"@type":"WebPage","@id":"https:\/\/choicewp.joeyai.app\/analyst-coverage\/","url":"https:\/\/choicewp.joeyai.app\/analyst-coverage\/","name":"Couverture par les analystes - Choice Properties","isPartOf":{"@id":"https:\/\/choicewp.joeyai.app\/#website"},"datePublished":"2020-11-26T18:48:23+00:00","dateModified":"2026-03-04T14:33:03+00:00","breadcrumb":{"@id":"https:\/\/choicewp.joeyai.app\/analyst-coverage\/#breadcrumb"},"inLanguage":"fr-FR","potentialAction":[{"@type":"ReadAction","target":["https:\/\/choicewp.joeyai.app\/analyst-coverage\/"]}]},{"@type":"BreadcrumbList","@id":"https:\/\/choicewp.joeyai.app\/analyst-coverage\/#breadcrumb","itemListElement":[{"@type":"ListItem","position":1,"name":"Home","item":"https:\/\/choicewp.joeyai.app\/fr\/"},{"@type":"ListItem","position":2,"name":"Couverture par les analystes"}]},{"@type":"WebSite","@id":"https:\/\/choicewp.joeyai.app\/#website","url":"https:\/\/choicewp.joeyai.app\/","name":"Choice Properties","description":"Places People Thrive","publisher":{"@id":"https:\/\/choicewp.joeyai.app\/#organization"},"potentialAction":[{"@type":"SearchAction","target":{"@type":"EntryPoint","urlTemplate":"https:\/\/choicewp.joeyai.app\/?s={search_term_string}"},"query-input":{"@type":"PropertyValueSpecification","valueRequired":true,"valueName":"search_term_string"}}],"inLanguage":"fr-FR"},{"@type":"Organization","@id":"https:\/\/choicewp.joeyai.app\/#organization","name":"Choice Properties","url":"https:\/\/choicewp.joeyai.app\/","logo":{"@type":"ImageObject","inLanguage":"fr-FR","@id":"https:\/\/choicewp.joeyai.app\/#\/schema\/logo\/image\/","url":"https:\/\/choicewp.joeyai.app\/wp-content\/uploads\/2021\/03\/cropped-Choice-Properties-Image-Primary-Red-Grey-1.png","contentUrl":"https:\/\/choicewp.joeyai.app\/wp-content\/uploads\/2021\/03\/cropped-Choice-Properties-Image-Primary-Red-Grey-1.png","width":4143,"height":785,"caption":"Choice Properties"},"image":{"@id":"https:\/\/choicewp.joeyai.app\/#\/schema\/logo\/image\/"},"sameAs":["https:\/\/www.instagram.com\/choicereit\/","https:\/\/www.linkedin.com\/company\/choicereit\/"]}]}},"_links":{"self":[{"href":"https:\/\/choicewp.joeyai.app\/fr\/wp-json\/wp\/v2\/pages\/4743","targetHints":{"allow":["GET"]}}],"collection":[{"href":"https:\/\/choicewp.joeyai.app\/fr\/wp-json\/wp\/v2\/pages"}],"about":[{"href":"https:\/\/choicewp.joeyai.app\/fr\/wp-json\/wp\/v2\/types\/page"}],"author":[{"embeddable":true,"href":"https:\/\/choicewp.joeyai.app\/fr\/wp-json\/wp\/v2\/users\/1"}],"replies":[{"embeddable":true,"href":"https:\/\/choicewp.joeyai.app\/fr\/wp-json\/wp\/v2\/comments?post=4743"}],"version-history":[{"count":8,"href":"https:\/\/choicewp.joeyai.app\/fr\/wp-json\/wp\/v2\/pages\/4743\/revisions"}],"predecessor-version":[{"id":17272,"href":"https:\/\/choicewp.joeyai.app\/fr\/wp-json\/wp\/v2\/pages\/4743\/revisions\/17272"}],"wp:attachment":[{"href":"https:\/\/choicewp.joeyai.app\/fr\/wp-json\/wp\/v2\/media?parent=4743"}],"curies":[{"name":"wp","href":"https:\/\/api.w.org\/{rel}","templated":true}]}}