{"id":5064,"date":"2020-12-08T12:52:47","date_gmt":"2020-12-08T17:52:47","guid":{"rendered":"https:\/\/choicewp.joeyai.app\/\/?page_id=5064"},"modified":"2020-12-15T23:01:59","modified_gmt":"2020-12-16T04:01:59","slug":"terms-of-use-fr","status":"publish","type":"page","link":"https:\/\/choicewp.joeyai.app\/fr\/terms-of-use-fr\/","title":{"rendered":"Termes d\u2019utilisation"},"content":{"rendered":"\n\t\t<div class=\"component-container block--light\">\n\t\t\t<div class=\"container\">\n\t\t\t\t<div class=\"row centered\">\n\t\t\t\t\t<div class=\"col-xxs-12 col-md-10 col-lg-9 col-xl-7\">\n\t\t\t\t\t\t<div class=\"body-copy__content\">\n\t\t\t\t\t\t\t\n<h4 class=\"heading-four\">1.  Conditions d\u2019utilisation du pr\u00e9sent site<\/h4>\n\n\t\t\t\t\t\t\t<div class=\"text-left\">\n\t\t\t\t\t\n<p>Fiducie de placement immobilier Propri\u00e9t\u00e9s de Choix (\u00ab Propri\u00e9t\u00e9s de Choix \u00bb) met le pr\u00e9sent site Web \u00e0 votre disposition pour un usage non commercial. De par votre utilisation du site, vous acceptez les conditions g\u00e9n\u00e9rales \u00e9nonc\u00e9es ci-apr\u00e8s. Dans l\u2019\u00e9ventualit\u00e9 o\u00f9 une filiale de Propri\u00e9t\u00e9s de Choix aurait ses propres conditions g\u00e9n\u00e9rales relatives \u00e0 l\u2019utilisation du site et si elles se trouvaient en conflit ou en contradiction avec les pr\u00e9sentes conditions, ce sont les pr\u00e9sentes qui pr\u00e9vaudraient.<br><br>Propri\u00e9t\u00e9s de Choix se r\u00e9serve le droit de modifier les pr\u00e9sentes conditions g\u00e9n\u00e9rales en tout temps et sans pr\u00e9avis. De par votre utilisation du site apr\u00e8s ladite modification, vous consentez \u00e0 respecter ces conditions g\u00e9n\u00e9rales et \u00e0 \u00eatre li\u00e9 par elles. C\u2019est pourquoi nous vous invitons \u00e0 les lire \u00e0 chaque nouvelle utilisation du site.<\/p>\n\t\t\t\t<\/div>\n\t\t\t\t\t\t\n\n<h4 class=\"heading-four\">2.  Utilisation du site et de son contenu<\/h4>\n\n\t\t\t\t\t\t\t<div class=\"text-left\">\n\t\t\t\t\t\n<p>Sauf indication expresse dans les pr\u00e9sentes, le pr\u00e9sent site est mis \u00e0 votre disposition \u00e0 des fins personnelles non commerciales; vous n\u2019\u00eates pas autoris\u00e9 \u00e0 copier son contenu pour en faire un usage commercial. Vous pouvez copier une quantit\u00e9 limit\u00e9e d\u2019\u00e9l\u00e9ments du site \u00e0 des fins personnelles non commerciales, pourvu que les avis relatifs aux droits d\u2019auteur y restent appos\u00e9s. Propri\u00e9t\u00e9s de Choix se r\u00e9serve le droit de restreindre en tout temps l\u2019utilisation de son site Web, notamment en d\u00e9cidant de vous interdire de copier du contenu \u00e0 des fins personnelles.<br><br>Il est interdit d\u2019utiliser le site pour publier ou transmettre un contenu ill\u00e9gal, mena\u00e7ant, calomnieux, diffamatoire, obsc\u00e8ne, scandaleux, outrageux, pornographique ou blasph\u00e9matoire, ou tout autre \u00e9l\u00e9ment de contenu qui pourrait constituer ou encourager une conduite ill\u00e9gale.<br><br>L\u2019information diffus\u00e9e sur le site peut contenir des coquilles ou des inexactitudes ou peut \u00eatre incompl\u00e8te ou p\u00e9rim\u00e9e. Propri\u00e9t\u00e9s de Choix se r\u00e9serve le droit de corriger toutes les erreurs, inexactitudes ou omissions et de mettre \u00e0 jour l\u2019information et la documentation, en tout temps et sans pr\u00e9avis.<\/p>\n\t\t\t\t<\/div>\n\t\t\t\t\t\t\n\n<h4 class=\"heading-four\">3.  Droit de propri\u00e9t\u00e9 intellectuelle<\/h4>\n\n\t\t\t\t\t\t\t<div class=\"text-left\">\n\t\t\t\t\t\n<p>Propri\u00e9t\u00e9s de Choix et ses soci\u00e9t\u00e9s affili\u00e9es sont titulaires des droits d\u2019auteur sur tous les \u00e9l\u00e9ments de contenu, ainsi que les marques de commerce, marques de service et pr\u00e9sentations (collectivement appel\u00e9es \u00ab propri\u00e9t\u00e9 intellectuelle \u00bb), sauf stipulation contraire, affich\u00e9s ou visibles sur le site.<br><br>La copie ou la reproduction des \u00e9l\u00e9ments de propri\u00e9t\u00e9 intellectuelle figurant sur le site est soumise aux interdictions stipul\u00e9es par les lois nationales et internationales concernant les marques de commerce et les droits d\u2019auteur, et rien sur le site ne saurait \u00eatre interpr\u00e9t\u00e9 dans le sens d\u2019une autorisation \u00e0 les utiliser. Il vous est strictement interdit d\u2019utiliser les \u00e9l\u00e9ments de propri\u00e9t\u00e9 intellectuelle se trouvant sur le site, et aucune des dispositions des pr\u00e9sentes ne saurait \u00eatre interpr\u00e9t\u00e9e comme conf\u00e9rant implicitement, par pr\u00e9clusion ou autrement, une autorisation ou un droit en vertu d\u2019un brevet, d\u2019une marque de commerce, d\u2019un droit d\u2019auteur ou d\u2019un autre droit de propri\u00e9t\u00e9 appartenant \u00e0 Propri\u00e9t\u00e9s de Choix et ses soci\u00e9t\u00e9s affili\u00e9es. Tous droits r\u00e9serv\u00e9s.<\/p>\n\t\t\t\t<\/div>\n\t\t\t\t\t\t\n\n<h4 class=\"heading-four\">4.  Exon\u00e9ration de responsabilit\u00e9<\/h4>\n\n\t\t\t\t\t\t\t<div class=\"text-left\">\n\t\t\t\t\t\n<p>L\u2019utilisation du site et de l\u2019information accessible \u00e0 partir de celui-ci est \u00e0 vos risques.<br><br>Propri\u00e9t\u00e9s de Choix s\u2019efforce de publier sur le site un contenu exact et \u00e0 jour. Cependant, elle ne garantit pas et n\u2019affirme pas que ledit contenu est exact ou \u00e0 jour. Elle ne pourra \u00eatre tenue pour responsable en cas d\u2019erreurs ou d\u2019omissions sur le site.<br><br>Propri\u00e9t\u00e9s de Choix, ses repr\u00e9sentants et les autres parties qui interviennent dans la cr\u00e9ation ou la gestion du site ne pourront \u00eatre tenus pour responsables de dommages et int\u00e9r\u00eats, quels qu\u2019ils soient, pouvant d\u00e9couler de votre acc\u00e8s au site ou de l\u2019utilisation que vous pouvez en faire, ainsi que des \u00e9l\u00e9ments de son contenu. Sans porter atteinte \u00e0 ce qui pr\u00e9c\u00e8de, le site et le contenu publi\u00e9 sur le site, sont fournis \u00ab en l\u2019\u00e9tat \u00bb, sans garantie d\u2019aucune sorte, qu\u2019elle soit expresse ou implicite, y compris, mais sans s\u2019y limiter, les garanties implicites de qualit\u00e9 marchande, de bon fonctionnement dans le cadre d\u2019une utilisation sp\u00e9cifique ou de non-infraction des droits d\u2019autrui.<br><br>Propri\u00e9t\u00e9s de Choix n\u2019assume aucune responsabilit\u00e9 en cas de dommages subis par vous-m\u00eames, votre ordinateur ou tout autre bien vous appartenant, en raison de votre acc\u00e8s au site ou \u00e0 son contenu, de l\u2019utilisation que vous en avez faite ou de tout t\u00e9l\u00e9chargement connexe.<\/p>\n\t\t\t\t<\/div>\n\t\t\t\t\t\t\n\n<h4 class=\"heading-four\">5.  D\u00e9clarations prospectives<\/h4>\n\n\t\t\t\t\t\t\t<div class=\"text-left\">\n\t\t\t\t\t\n<p>Le pr\u00e9sent site peut contenir ou mentionner des documents o\u00f9 figurent des d\u00e9clarations prospectives refl\u00e9tant les attentes de la direction de Propri\u00e9t\u00e9s de Choix concernant sa croissance future, ses r\u00e9sultats op\u00e9rationnels, son rendement, ainsi que ses perspectives professionnelles. Dans la mesure du possible, des mots comme \u00ab pr\u00e9voyons \u00bb, \u00ab pensons \u00bb, \u00ab envisageons \u00bb ou autres ont \u00e9t\u00e9 utilis\u00e9s, afin d\u2019exprimer clairement qu\u2019il s\u2019agit de d\u00e9clarations prospectives. Ces d\u00e9clarations refl\u00e8tent les croyances de la direction de l\u2019entreprise et elles s\u2019appuient sur les renseignements dont celle-ci dispose au moment de la r\u00e9daction des documents. Il faut savoir que les d\u00e9clarations prospectives sont soumises \u00e0 des risques, des incertitudes et des hypoth\u00e8ses d\u2019importance. Un certain nombre de facteurs peuvent avoir pour effet que les r\u00e9sultats, le rendement ou les r\u00e9alisations effectifs sont tr\u00e8s diff\u00e9rents de ce qui a \u00e9t\u00e9 \u00e9voqu\u00e9 ou sous-entendu dans les d\u00e9clarations prospectives. Ces facteurs ne sont pas \u00e0 n\u00e9gliger, et les investisseurs potentiels ne doivent pas accorder une valeur excessive aux d\u00e9clarations prospectives. Bien que lesdites d\u00e9clarations figurant sur le pr\u00e9sent site, ou dans les documents auxquels il y est fait mention, s\u2019appuient sur des hypoth\u00e8ses raisonnables de la direction de Propri\u00e9t\u00e9s de Choix, la soci\u00e9t\u00e9 ne peut garantir \u00e0 des investisseurs potentiels que les r\u00e9sultats effectifs soient conformes aux d\u00e9clarations prospectives. Lesdites d\u00e9clarations sont effectu\u00e9es \u00e0 la date de r\u00e9daction des documents, et Propri\u00e9t\u00e9s de Choix ne se voit dans aucune obligation de les mettre \u00e0 jour ou de les r\u00e9viser du fait de la survenue de nouveaux \u00e9v\u00e9nements ou de nouvelles circonstances.<br><br>Tous les \u00e9changes concernant les nombreux facteurs de risques pouvant avoir en permanence une incidence grave sur notre entreprise figurent dans les documents que nous avons d\u00e9pos\u00e9s dans le syst\u00e8me SEDAR.<\/p>\n\t\t\t\t<\/div>\n\t\t\t\t\t\t\n\n<h4 class=\"heading-four\">6.  Liens<\/h4>\n\n\t\t\t\t\t\t\t<div class=\"text-left\">\n\t\t\t\t\t\n<p>Propri\u00e9t\u00e9s de Choix ne v\u00e9rifie pas les sites auxquels il est possible d\u2019acc\u00e9der \u00e0 partir du pr\u00e9sent site gr\u00e2ce \u00e0 un hyperlien et n\u2019assume aucune responsabilit\u00e9 en ce qui les concerne. La consultation d\u2019un site externe est donc \u00e0 vos risques. En offrant un lien vers un site, Propri\u00e9t\u00e9s de Choix n\u2019en approuve pas pour autant le gestionnaire ou le contenu<\/p>\n\t\t\t\t<\/div>\n\t\t\t\t\t\t\n\n<h4 class=\"heading-four\">7.  Soumission d\u2019id\u00e9es et utilisation de renseignements<\/h4>\n\n\t\t\t\t\t\t\t<div class=\"text-left\">\n\t\t\t\t\t\n<p>Propri\u00e9t\u00e9s de Choix n\u2019accepte pas les id\u00e9es de nouveaux produits, d\u2019emballages, de marketing, de publicit\u00e9, d\u2019\u00e9tude, d\u2019op\u00e9rations commerciales ou autres, envoy\u00e9es spontan\u00e9ment. Si vous d\u00e9cidez d\u2019ignorer cette politique et de soumettre une id\u00e9e \u00e0 Propri\u00e9t\u00e9s de Choix, vous acceptez qu\u2019elle devienne et demeure sa propri\u00e9t\u00e9 exclusive, sans que cela implique ni une obligation envers vous ni un d\u00e9dommagement.<br><br>Si vous r\u00e9pondez \u00e0 Propri\u00e9t\u00e9s de Choix en lui fournissant des renseignements, comme des commentaires, des donn\u00e9es, des questions, des suggestions ou autres, ceux-ci ne seront pas consid\u00e9r\u00e9s comme confidentiels. Ils seront consid\u00e9r\u00e9s comme appartenant \u00e0 Propri\u00e9t\u00e9s de Choix, et par leur soumission, vous en c\u00e9dez tous les droits et la propri\u00e9t\u00e9 y aff\u00e9rents partout dans le monde. Propri\u00e9t\u00e9s de Choix ne pourra \u00eatre tenue pour responsable de leur utilisation ou de leur divulgation. Elle ne sera dans aucune obligation de leur conf\u00e9rer un caract\u00e8re confidentiel et sera libre de les reproduire, de les utiliser, de les divulguer et de les diffuser au profit de quiconque, sans aucune restriction. Propri\u00e9t\u00e9s de Choix sera libre d\u2019utiliser tous les concepts, id\u00e9es, savoir-faire ou techniques contenus dans lesdits renseignements \u00e0 quelque fin que ce soit.<br><br>Propri\u00e9t\u00e9s de Choix accueille volontiers vos commentaires et suggestions concernant le pr\u00e9sent site et les propri\u00e9t\u00e9s, mais elle ne sollicite aucunement des id\u00e9es, des suggestions, des documents ou d\u2019autres renseignements confidentiels ou propri\u00e9taires relatifs \u00e0 la modification, la conception, la transformation, la construction ou la commercialisation de ses propri\u00e9t\u00e9s actuelles ou futures. En soumettant des renseignements, vous confirmez que Propri\u00e9t\u00e9s de Choix peut les publier, les utiliser dans le cadre de ses activit\u00e9s ou en int\u00e9grer les concepts dans ses produits, sans que cela implique ni une obligation envers vous ni un d\u00e9dommagement.<\/p>\n\t\t\t\t<\/div>\n\t\t\t\t\t\t\n\n<h4 class=\"heading-four\">8.  Confidentialit\u00e9<\/h4>\n\n\t\t\t\t\t\t\t<div class=\"text-left\">\n\t\t\t\t\t\n<p>Les communications, commentaires, id\u00e9es ou documents que vous affichez ou nous transmettez seront trait\u00e9s conform\u00e9ment \u00e0 notre politique de confidentialit\u00e9.<\/p>\n\t\t\t\t<\/div>\n\t\t\t\t\t\t\n\n<h4 class=\"heading-four\">9.  Droit applicable<\/h4>\n\n\t\t\t\t\t\t\t<div class=\"text-left\">\n\t\t\t\t\t\n<p>Vous acceptez que les lois de l\u2019Ontario r\u00e9gissent l\u2019utilisation du pr\u00e9sent site, sans tenir compte des r\u00e8gles relatives aux conflits de droit, notamment les litiges pouvant d\u00e9couler de votre utilisation du site ou de son contenu. Les tribunaux de l\u2019Ontario ont une comp\u00e9tence exclusive pour toutes les r\u00e9clamations.<\/p>\n\t\t\t\t<\/div>\n\t\t\t\t\t\t\n\n<h4 class=\"heading-four\">10.  Divisibilit\u00e9<\/h4>\n\n\t\t\t\t\t\t\t<div class=\"text-left\">\n\t\t\t\t\t\n<p>Si une disposition des pr\u00e9sentes conditions s\u2019av\u00e8re inex\u00e9cutable, elle sera consid\u00e9r\u00e9e comme supprim\u00e9e, sans affecter la validit\u00e9 ni le caract\u00e8re ex\u00e9cutoire des dispositions restantes.<\/p>\n\t\t\t\t<\/div>\n\t\t\t\t\t\t\n\t\t\t\t\t\t<\/div>\n\t\t\t\t\t<\/div>\n\t\t\t\t<\/div>\n\t\t\t<\/div>\n\t\t<\/div>\n\n\t\t","protected":false},"excerpt":{"rendered":"","protected":false},"author":1,"featured_media":0,"parent":0,"menu_order":0,"comment_status":"closed","ping_status":"closed","template":"","meta":{"accent-color-admin":"","header_style":"rounded","accent-color":"accent-color-red","header_eyebrow":"","header_center":"","header_excerpt":"","header_title":"Termes d\u2019utilisation","header_button_text":"","header_button_link":"","header_button_icon":"","first_item_spacing":"","news_release_detail":"","footnotes":""},"class_list":["post-5064","page","type-page","status-publish","hentry"],"yoast_head":"<!-- This site is optimized with the Yoast SEO plugin v24.9 - https:\/\/yoast.com\/wordpress\/plugins\/seo\/ -->\r\n<title>Termes d\u2019utilisation - Choice Properties<\/title>\r\n<meta name=\"robots\" content=\"noindex, follow, max-snippet:-1, max-image-preview:large, max-video-preview:-1\" \/>\r\n<meta property=\"og:locale\" content=\"fr_FR\" \/>\r\n<meta property=\"og:type\" content=\"article\" \/>\r\n<meta property=\"og:title\" content=\"Termes d\u2019utilisation - Choice Properties\" \/>\r\n<meta property=\"og:url\" content=\"https:\/\/choicewp.joeyai.app\/terms-of-use\/\" \/>\r\n<meta property=\"og:site_name\" content=\"Choice Properties\" \/>\r\n<meta property=\"article:modified_time\" content=\"2020-12-16T04:01:59+00:00\" \/>\r\n<meta name=\"twitter:card\" content=\"summary_large_image\" \/>\r\n<meta name=\"twitter:label1\" content=\"Est. reading time\" \/>\n\t<meta name=\"twitter:data1\" content=\"9 minutes\" \/>\r\n<script type=\"application\/ld+json\" class=\"yoast-schema-graph\">{\"@context\":\"https:\/\/schema.org\",\"@graph\":[{\"@type\":\"WebPage\",\"@id\":\"https:\/\/choicewp.joeyai.app\/terms-of-use\/\",\"url\":\"https:\/\/choicewp.joeyai.app\/terms-of-use\/\",\"name\":\"Termes d\u2019utilisation - Choice Properties\",\"isPartOf\":{\"@id\":\"https:\/\/choicewp.joeyai.app\/#website\"},\"datePublished\":\"2020-12-08T17:52:47+00:00\",\"dateModified\":\"2020-12-16T04:01:59+00:00\",\"breadcrumb\":{\"@id\":\"https:\/\/choicewp.joeyai.app\/terms-of-use\/#breadcrumb\"},\"inLanguage\":\"fr-FR\",\"potentialAction\":[{\"@type\":\"ReadAction\",\"target\":[\"https:\/\/choicewp.joeyai.app\/terms-of-use\/\"]}]},{\"@type\":\"BreadcrumbList\",\"@id\":\"https:\/\/choicewp.joeyai.app\/terms-of-use\/#breadcrumb\",\"itemListElement\":[{\"@type\":\"ListItem\",\"position\":1,\"name\":\"Home\",\"item\":\"https:\/\/choicewp.joeyai.app\/fr\/\"},{\"@type\":\"ListItem\",\"position\":2,\"name\":\"Termes d\u2019utilisation\"}]},{\"@type\":\"WebSite\",\"@id\":\"https:\/\/choicewp.joeyai.app\/#website\",\"url\":\"https:\/\/choicewp.joeyai.app\/\",\"name\":\"Choice Properties\",\"description\":\"Places People Thrive\",\"publisher\":{\"@id\":\"https:\/\/choicewp.joeyai.app\/#organization\"},\"potentialAction\":[{\"@type\":\"SearchAction\",\"target\":{\"@type\":\"EntryPoint\",\"urlTemplate\":\"https:\/\/choicewp.joeyai.app\/?s={search_term_string}\"},\"query-input\":{\"@type\":\"PropertyValueSpecification\",\"valueRequired\":true,\"valueName\":\"search_term_string\"}}],\"inLanguage\":\"fr-FR\"},{\"@type\":\"Organization\",\"@id\":\"https:\/\/choicewp.joeyai.app\/#organization\",\"name\":\"Choice Properties\",\"url\":\"https:\/\/choicewp.joeyai.app\/\",\"logo\":{\"@type\":\"ImageObject\",\"inLanguage\":\"fr-FR\",\"@id\":\"https:\/\/choicewp.joeyai.app\/#\/schema\/logo\/image\/\",\"url\":\"https:\/\/choicewp.joeyai.app\/wp-content\/uploads\/2021\/03\/cropped-Choice-Properties-Image-Primary-Red-Grey-1.png\",\"contentUrl\":\"https:\/\/choicewp.joeyai.app\/wp-content\/uploads\/2021\/03\/cropped-Choice-Properties-Image-Primary-Red-Grey-1.png\",\"width\":4143,\"height\":785,\"caption\":\"Choice Properties\"},\"image\":{\"@id\":\"https:\/\/choicewp.joeyai.app\/#\/schema\/logo\/image\/\"},\"sameAs\":[\"https:\/\/www.instagram.com\/choicereit\/\",\"https:\/\/www.linkedin.com\/company\/choicereit\/\"]}]}<\/script>\r\n<!-- \/ Yoast SEO plugin. -->","yoast_head_json":{"title":"Termes d\u2019utilisation - Choice Properties","robots":{"index":"noindex","follow":"follow","max-snippet":"max-snippet:-1","max-image-preview":"max-image-preview:large","max-video-preview":"max-video-preview:-1"},"og_locale":"fr_FR","og_type":"article","og_title":"Termes d\u2019utilisation - Choice Properties","og_url":"https:\/\/choicewp.joeyai.app\/terms-of-use\/","og_site_name":"Choice Properties","article_modified_time":"2020-12-16T04:01:59+00:00","twitter_card":"summary_large_image","twitter_misc":{"Est. reading time":"9 minutes"},"schema":{"@context":"https:\/\/schema.org","@graph":[{"@type":"WebPage","@id":"https:\/\/choicewp.joeyai.app\/terms-of-use\/","url":"https:\/\/choicewp.joeyai.app\/terms-of-use\/","name":"Termes d\u2019utilisation - Choice Properties","isPartOf":{"@id":"https:\/\/choicewp.joeyai.app\/#website"},"datePublished":"2020-12-08T17:52:47+00:00","dateModified":"2020-12-16T04:01:59+00:00","breadcrumb":{"@id":"https:\/\/choicewp.joeyai.app\/terms-of-use\/#breadcrumb"},"inLanguage":"fr-FR","potentialAction":[{"@type":"ReadAction","target":["https:\/\/choicewp.joeyai.app\/terms-of-use\/"]}]},{"@type":"BreadcrumbList","@id":"https:\/\/choicewp.joeyai.app\/terms-of-use\/#breadcrumb","itemListElement":[{"@type":"ListItem","position":1,"name":"Home","item":"https:\/\/choicewp.joeyai.app\/fr\/"},{"@type":"ListItem","position":2,"name":"Termes d\u2019utilisation"}]},{"@type":"WebSite","@id":"https:\/\/choicewp.joeyai.app\/#website","url":"https:\/\/choicewp.joeyai.app\/","name":"Choice Properties","description":"Places People Thrive","publisher":{"@id":"https:\/\/choicewp.joeyai.app\/#organization"},"potentialAction":[{"@type":"SearchAction","target":{"@type":"EntryPoint","urlTemplate":"https:\/\/choicewp.joeyai.app\/?s={search_term_string}"},"query-input":{"@type":"PropertyValueSpecification","valueRequired":true,"valueName":"search_term_string"}}],"inLanguage":"fr-FR"},{"@type":"Organization","@id":"https:\/\/choicewp.joeyai.app\/#organization","name":"Choice Properties","url":"https:\/\/choicewp.joeyai.app\/","logo":{"@type":"ImageObject","inLanguage":"fr-FR","@id":"https:\/\/choicewp.joeyai.app\/#\/schema\/logo\/image\/","url":"https:\/\/choicewp.joeyai.app\/wp-content\/uploads\/2021\/03\/cropped-Choice-Properties-Image-Primary-Red-Grey-1.png","contentUrl":"https:\/\/choicewp.joeyai.app\/wp-content\/uploads\/2021\/03\/cropped-Choice-Properties-Image-Primary-Red-Grey-1.png","width":4143,"height":785,"caption":"Choice Properties"},"image":{"@id":"https:\/\/choicewp.joeyai.app\/#\/schema\/logo\/image\/"},"sameAs":["https:\/\/www.instagram.com\/choicereit\/","https:\/\/www.linkedin.com\/company\/choicereit\/"]}]}},"_links":{"self":[{"href":"https:\/\/choicewp.joeyai.app\/fr\/wp-json\/wp\/v2\/pages\/5064","targetHints":{"allow":["GET"]}}],"collection":[{"href":"https:\/\/choicewp.joeyai.app\/fr\/wp-json\/wp\/v2\/pages"}],"about":[{"href":"https:\/\/choicewp.joeyai.app\/fr\/wp-json\/wp\/v2\/types\/page"}],"author":[{"embeddable":true,"href":"https:\/\/choicewp.joeyai.app\/fr\/wp-json\/wp\/v2\/users\/1"}],"replies":[{"embeddable":true,"href":"https:\/\/choicewp.joeyai.app\/fr\/wp-json\/wp\/v2\/comments?post=5064"}],"version-history":[{"count":2,"href":"https:\/\/choicewp.joeyai.app\/fr\/wp-json\/wp\/v2\/pages\/5064\/revisions"}],"predecessor-version":[{"id":6285,"href":"https:\/\/choicewp.joeyai.app\/fr\/wp-json\/wp\/v2\/pages\/5064\/revisions\/6285"}],"wp:attachment":[{"href":"https:\/\/choicewp.joeyai.app\/fr\/wp-json\/wp\/v2\/media?parent=5064"}],"curies":[{"name":"wp","href":"https:\/\/api.w.org\/{rel}","templated":true}]}}