{"id":7131,"date":"2021-01-25T09:59:31","date_gmt":"2021-01-25T14:59:31","guid":{"rendered":"https:\/\/choicewp.joeyai.app\/?page_id=7131"},"modified":"2024-07-26T17:17:51","modified_gmt":"2024-07-26T21:17:51","slug":"c3-fr","status":"publish","type":"page","link":"https:\/\/choicewp.joeyai.app\/fr\/c3-fr\/","title":{"rendered":"Connexion Client de Choix"},"content":{"rendered":"\t<div class=\"component-container image-text__container block--dark\">\n\t<div class=\"container\">\n\t\t\t\t<div class=\"row centered   \">\n\t\t\t\t\t<div class=\"col-xxs-10 col-sm-8 col-md-7 col-lg-6 col-xl-5 col-v-center\">\n\t\t\t\t\t\t\t\t\t\t\t\t<div class=\"image-text__image image--circle animated-element\" data-animate=\"opacity-in\" style=\"background-image: url(https:\/\/choicewp.joeyai.app\/wp-content\/uploads\/2021\/01\/Choice_C3-Lockup-Red-1024x697.png)\"><\/div>\n\t\t\t\t\t\t\t\t\t\t\t<\/div>\n\t\t\t\t\t<div class=\"col-lg-1 col-xl-1\"><\/div>\n\t\t\t\t\t<div class=\"col-xxs-12 col-lg-5 col-xl-5 col-v-center\">\n\t\t\t\t\t\t<div class=\"image-text__content animated-element\" data-animate=\"slide-in\">\n\t\t\t\t\t\t\t\n\t\t\t\t\t\t\t\t\t\t\t\t\t\t\t<h2 class=\"heading-one\">Un service hors pair<\/h2>\n\t\t\t\t\t\t\t\n\t\t\t\t\t\t\t                    \t\t\t\t\t\t\t<div class=\"text-left\">\n\t\t\t\t\t\n<p>Chez Propri\u00e9t\u00e9s de Choix, nous nous engageons \u00e0 offrir \u00e0 nos clients un service hors pair. Nous consacrons beaucoup d\u2019efforts \u00e0 am\u00e9liorer continuellement notre programme de services aux locataires et sommes ravis de vous pr\u00e9senter Connexion Client de Choix (C3). <br>Nous rejoindre sera plus facile que jamais!<\/p>\n\t\t\t\t<\/div>\n\t\t\t\t\t\t\t\t\t\t\t\t\t                    \n<div class=\"wp-block-button is-style-fill--accent\"><a class=\"wp-block-button__link wp-element-button\" href=\"https:\/\/choicewp.joeyai.app\/wp-content\/uploads\/2024\/07\/C3-Portal-Quick-User-Guide-English-1_AODA.pdf\">T\u00e9l\u00e9charger le guide d&#8217;utilisation rapide du portail C3<\/a><\/div>\n\t\t\t\t\t\t\t\t\t\t\t\t\t<\/div>\n\t\t\t\t\t<\/div>\n\t\t\t\t\t<div class=\"col-lg-0 col-xl-1\"><\/div>\n\t\t\t\t<\/div><!-- end row -->\n\t<\/div><!-- end container -->\n\t<\/div><!-- end image-text__container -->\n        \t<div class=\"component-container image-text__container block--light\">\n\t<div class=\"container\">\n\t\t\t\t<div class=\"row centered  reverse \">\n\t\t\t\t\t<div class=\"col-xxs-10 col-sm-8 col-md-7 col-lg-6 col-xl-5 col-v-center\">\n\t\t\t\t\t\t\t\t\t\t\t\t<div class=\"image-text__image image--circle animated-element\" data-animate=\"opacity-in\" style=\"background-image: url(https:\/\/choicewp.joeyai.app\/wp-content\/uploads\/2021\/01\/C3-Service-Portal-1024x683.jpg)\"><\/div>\n\t\t\t\t\t\t\t\t\t\t\t<\/div>\n\t\t\t\t\t<div class=\"col-lg-1 col-xl-1\"><\/div>\n\t\t\t\t\t<div class=\"col-xxs-12 col-lg-5 col-xl-5 col-v-center\">\n\t\t\t\t\t\t<div class=\"image-text__content animated-element\" data-animate=\"slide-in\">\n\t\t\t\t\t\t\t\n\t\t\t\t\t\t\t\t\t\t\t\t\t\t\t<h2 class=\"heading-one\"><span class=\"has-accent-color\">Portail des services<\/span><\/h2>\n\t\t\t\t\t\t\t\n\t\t\t\t\t\t\t                    \t\t\t\t\t\t\t<div class=\"text-left\">\n\t\t\t\t\t\n<p>Gr\u00e2ce \u00e0 notre portail C3, nos clients peuvent facilement soumettre des demandes de service, suivre leur progression et acc\u00e9der aux ressources des locataires \u00e0 un emplacement central.<\/p>\n\t\t\t\t<\/div>\n\t\t\t\t\t\t\t\t\t\t\t\t\t                    \n<div class=\"wp-block-button is-style-fill--accent cpr-button-icon cpr-button--arrow cpr-button\"><a class=\"wp-block-button__link wp-element-button\" href=\"https:\/\/www.ng1.angusanywhere.com\/Tenant\/Choice\/Customercare\/Default.aspx?Language=fr-ca\">Se connecter au portail C3<svg class=\"icon-for-button\"><use xlink:href=\"#icon-arrow\"><\/use><\/svg><\/a><\/div>\n\t\t\t\t\t\t\t\t\t\t\t\t\t<\/div>\n\t\t\t\t\t<\/div>\n\t\t\t\t\t<div class=\"col-lg-0 col-xl-1\"><\/div>\n\t\t\t\t<\/div><!-- end row -->\n\t<\/div><!-- end container -->\n\t<\/div><!-- end image-text__container -->\n        \t<div class=\"component-container image-text__container block--light\">\n\t<div class=\"container\">\n\t\t\t\t<div class=\"row centered   \">\n\t\t\t\t\t<div class=\"col-xxs-10 col-sm-8 col-md-7 col-lg-6 col-xl-5 col-v-center\">\n\t\t\t\t\t\t\t\t\t\t\t\t<div class=\"image-text__image image--circle animated-element\" data-animate=\"opacity-in\" style=\"background-image: url(https:\/\/choicewp.joeyai.app\/wp-content\/uploads\/2021\/01\/C3-Phone-Line-1024x1024.jpg)\"><\/div>\n\t\t\t\t\t\t\t\t\t\t\t<\/div>\n\t\t\t\t\t<div class=\"col-lg-1 col-xl-1\"><\/div>\n\t\t\t\t\t<div class=\"col-xxs-12 col-lg-5 col-xl-5 col-v-center\">\n\t\t\t\t\t\t<div class=\"image-text__content animated-element\" data-animate=\"slide-in\">\n\t\t\t\t\t\t\t\n\t\t\t\t\t\t\t\t\t\t\t\t\t\t\t<h2 class=\"heading-one\"><span class=\"has-accent-color\">Ligne t\u00e9l\u00e9phonique 24h sur 24<\/span><\/h2>\n\t\t\t\t\t\t\t\n\t\t\t\t\t\t\t                    \t\t\t\t\t\t\t<div class=\"text-left\">\n\t\t\t\t\t\n<p>Nous offrons \u00e0 nos locataires une ligne de service 24 heures sur 24 \u2013 <strong>1.833.5.CALLC3<\/strong> (1.833.522.5523). Peu importe la journ\u00e9e, peu importe l\u2019heure, le soutien est \u00e0 port\u00e9e de main.<\/p>\n\t\t\t\t<\/div>\n\t\t\t\t\t\t\t\t\t\t\t\t\t\t\t\t\t\t\t<\/div>\n\t\t\t\t\t<\/div>\n\t\t\t\t\t<div class=\"col-lg-0 col-xl-1\"><\/div>\n\t\t\t\t<\/div><!-- end row -->\n\t<\/div><!-- end container -->\n\t<\/div><!-- end image-text__container -->\n            <div class=\"component-container document-block__container block--light\">\n\t\t\t<div class=\"container\">\n\t\t\t\t<div class=\"accent-color-override accent-color-red\">\n        \t\t\t\t\t\t<h2 class=\"heading-two\">Ressources pour les clients<\/h2>\n                    <div>\n            \n\t<article class=\"document-block__row\">\n\t\t<div class=\"row middle-xs document-block__container\">\n\t\t\t<div class=\"col-xs-12 col-md-7 col-lg-9\">\n\t\t\t\t<div class=\"document-block__name\">\n\t\t\t\t\t\t\t\t\t\t<h3 class=\"document-row__title paragraph\">\n                \t\tGuide rapide de l\u2019utilisation du portail C3\t\t\t\t\t<\/h3>\n\t\t\t\t\t\t\t\t\t\t\t\t\t\t\t\t<strong class=\"document-row__details has-accent-color copy--bold caption\">Publi\u00e9 le 25 janvier 2021<\/strong>\n\t\t\t\t\t\t\t\t\t<\/div>\n\t\t\t<\/div>\n\t\t\t<div class=\"col-xs-12 col-md-5 col-lg-3\">\n\t\t\t\t<a class=\"document-block__download end-md hyperlink\" href=\"https:\/\/choicewp.joeyai.app\/wp-content\/uploads\/2024\/05\/C3-Portal-Quick-User-Guide-French-AODA.pdf\" aria-label=\"T\u00e9l\u00e9charger le PDF Guide rapide de l\u2019utilisation du portail C3\">\n\t\t\t\t\t<span class=\"document-block__link\">\n\t\t\t\t\t\tT\u00e9l\u00e9charger le PDF\t\t\t\t\t<\/span>\n\t\t\t\t\t\t\t\t\t\t<svg class=\"document-block__icon\">\n\t\t\t\t\t\t<use xlink:href=\"#icon-download\"><\/use>\n\t\t\t\t\t<\/svg>\n\t\t\t\t\t\t\t\t\t<\/a>\n\t\t\t<\/div>\n\t\t<\/div>\n\t<\/article>\n    \n          <\/div>\n        <\/div>\n      <\/div>\n    <\/div>\n        ","protected":false},"excerpt":{"rendered":"","protected":false},"author":3,"featured_media":6561,"parent":0,"menu_order":0,"comment_status":"closed","ping_status":"closed","template":"","meta":{"accent-color-admin":"","header_style":"rounded","accent-color":"accent-color-red","header_eyebrow":"","header_center":"","header_excerpt":"","header_title":"Connexion Client de Choix","header_button_text":"Se connecter au portail C3","header_button_link":"https:\/\/www.ng1.angusanywhere.com\/Tenant\/Choice\/Customercare\/Default.aspx?Language=fr-ca","header_button_icon":"arrow","first_item_spacing":"","news_release_detail":"","footnotes":""},"class_list":["post-7131","page","type-page","status-publish","has-post-thumbnail","hentry"],"yoast_head":"<!-- This site is optimized with the Yoast SEO plugin v24.9 - https:\/\/yoast.com\/wordpress\/plugins\/seo\/ -->\r\n<title>Connexion Client de Choix - Choice Properties<\/title>\r\n<meta name=\"robots\" content=\"noindex, follow, max-snippet:-1, max-image-preview:large, max-video-preview:-1\" \/>\r\n<meta property=\"og:locale\" content=\"fr_FR\" \/>\r\n<meta property=\"og:type\" content=\"article\" \/>\r\n<meta property=\"og:title\" content=\"Connexion Client de Choix - Choice Properties\" \/>\r\n<meta property=\"og:url\" content=\"https:\/\/choicewp.joeyai.app\/c3\/\" \/>\r\n<meta property=\"og:site_name\" content=\"Choice Properties\" \/>\r\n<meta property=\"article:modified_time\" content=\"2024-07-26T21:17:51+00:00\" \/>\r\n<meta property=\"og:image\" content=\"https:\/\/choicewp.joeyai.app\/wp-content\/uploads\/2020\/11\/Developments-West-Block-1-1024x432.png\" \/>\r\n\t<meta property=\"og:image:width\" content=\"1024\" \/>\r\n\t<meta property=\"og:image:height\" content=\"432\" \/>\r\n\t<meta property=\"og:image:type\" content=\"image\/png\" \/>\r\n<meta name=\"twitter:card\" content=\"summary_large_image\" \/>\r\n<meta name=\"twitter:label1\" content=\"Est. reading time\" \/>\n\t<meta name=\"twitter:data1\" content=\"1 minute\" \/>\r\n<script type=\"application\/ld+json\" class=\"yoast-schema-graph\">{\"@context\":\"https:\/\/schema.org\",\"@graph\":[{\"@type\":\"WebPage\",\"@id\":\"https:\/\/choicewp.joeyai.app\/c3\/\",\"url\":\"https:\/\/choicewp.joeyai.app\/c3\/\",\"name\":\"Connexion Client de Choix - Choice Properties\",\"isPartOf\":{\"@id\":\"https:\/\/choicewp.joeyai.app\/#website\"},\"primaryImageOfPage\":{\"@id\":\"https:\/\/choicewp.joeyai.app\/c3\/#primaryimage\"},\"image\":{\"@id\":\"https:\/\/choicewp.joeyai.app\/c3\/#primaryimage\"},\"thumbnailUrl\":\"https:\/\/choicewp.joeyai.app\/wp-content\/uploads\/2020\/11\/Developments-West-Block-1.png\",\"datePublished\":\"2021-01-25T14:59:31+00:00\",\"dateModified\":\"2024-07-26T21:17:51+00:00\",\"breadcrumb\":{\"@id\":\"https:\/\/choicewp.joeyai.app\/c3\/#breadcrumb\"},\"inLanguage\":\"fr-FR\",\"potentialAction\":[{\"@type\":\"ReadAction\",\"target\":[\"https:\/\/choicewp.joeyai.app\/c3\/\"]}]},{\"@type\":\"ImageObject\",\"inLanguage\":\"fr-FR\",\"@id\":\"https:\/\/choicewp.joeyai.app\/c3\/#primaryimage\",\"url\":\"https:\/\/choicewp.joeyai.app\/wp-content\/uploads\/2020\/11\/Developments-West-Block-1.png\",\"contentUrl\":\"https:\/\/choicewp.joeyai.app\/wp-content\/uploads\/2020\/11\/Developments-West-Block-1.png\",\"width\":1775,\"height\":749,\"caption\":\"Developments - West Block (1)\"},{\"@type\":\"BreadcrumbList\",\"@id\":\"https:\/\/choicewp.joeyai.app\/c3\/#breadcrumb\",\"itemListElement\":[{\"@type\":\"ListItem\",\"position\":1,\"name\":\"Home\",\"item\":\"https:\/\/choicewp.joeyai.app\/fr\/\"},{\"@type\":\"ListItem\",\"position\":2,\"name\":\"Connexion Client de Choix\"}]},{\"@type\":\"WebSite\",\"@id\":\"https:\/\/choicewp.joeyai.app\/#website\",\"url\":\"https:\/\/choicewp.joeyai.app\/\",\"name\":\"Choice Properties\",\"description\":\"Places People Thrive\",\"publisher\":{\"@id\":\"https:\/\/choicewp.joeyai.app\/#organization\"},\"potentialAction\":[{\"@type\":\"SearchAction\",\"target\":{\"@type\":\"EntryPoint\",\"urlTemplate\":\"https:\/\/choicewp.joeyai.app\/?s={search_term_string}\"},\"query-input\":{\"@type\":\"PropertyValueSpecification\",\"valueRequired\":true,\"valueName\":\"search_term_string\"}}],\"inLanguage\":\"fr-FR\"},{\"@type\":\"Organization\",\"@id\":\"https:\/\/choicewp.joeyai.app\/#organization\",\"name\":\"Choice Properties\",\"url\":\"https:\/\/choicewp.joeyai.app\/\",\"logo\":{\"@type\":\"ImageObject\",\"inLanguage\":\"fr-FR\",\"@id\":\"https:\/\/choicewp.joeyai.app\/#\/schema\/logo\/image\/\",\"url\":\"https:\/\/choicewp.joeyai.app\/wp-content\/uploads\/2021\/03\/cropped-Choice-Properties-Image-Primary-Red-Grey-1.png\",\"contentUrl\":\"https:\/\/choicewp.joeyai.app\/wp-content\/uploads\/2021\/03\/cropped-Choice-Properties-Image-Primary-Red-Grey-1.png\",\"width\":4143,\"height\":785,\"caption\":\"Choice Properties\"},\"image\":{\"@id\":\"https:\/\/choicewp.joeyai.app\/#\/schema\/logo\/image\/\"},\"sameAs\":[\"https:\/\/www.instagram.com\/choicereit\/\",\"https:\/\/www.linkedin.com\/company\/choicereit\/\"]}]}<\/script>\r\n<!-- \/ Yoast SEO plugin. -->","yoast_head_json":{"title":"Connexion Client de Choix - Choice Properties","robots":{"index":"noindex","follow":"follow","max-snippet":"max-snippet:-1","max-image-preview":"max-image-preview:large","max-video-preview":"max-video-preview:-1"},"og_locale":"fr_FR","og_type":"article","og_title":"Connexion Client de Choix - Choice Properties","og_url":"https:\/\/choicewp.joeyai.app\/c3\/","og_site_name":"Choice Properties","article_modified_time":"2024-07-26T21:17:51+00:00","og_image":[{"width":1024,"height":432,"url":"https:\/\/choicewp.joeyai.app\/wp-content\/uploads\/2020\/11\/Developments-West-Block-1-1024x432.png","type":"image\/png"}],"twitter_card":"summary_large_image","twitter_misc":{"Est. reading time":"1 minute"},"schema":{"@context":"https:\/\/schema.org","@graph":[{"@type":"WebPage","@id":"https:\/\/choicewp.joeyai.app\/c3\/","url":"https:\/\/choicewp.joeyai.app\/c3\/","name":"Connexion Client de Choix - Choice Properties","isPartOf":{"@id":"https:\/\/choicewp.joeyai.app\/#website"},"primaryImageOfPage":{"@id":"https:\/\/choicewp.joeyai.app\/c3\/#primaryimage"},"image":{"@id":"https:\/\/choicewp.joeyai.app\/c3\/#primaryimage"},"thumbnailUrl":"https:\/\/choicewp.joeyai.app\/wp-content\/uploads\/2020\/11\/Developments-West-Block-1.png","datePublished":"2021-01-25T14:59:31+00:00","dateModified":"2024-07-26T21:17:51+00:00","breadcrumb":{"@id":"https:\/\/choicewp.joeyai.app\/c3\/#breadcrumb"},"inLanguage":"fr-FR","potentialAction":[{"@type":"ReadAction","target":["https:\/\/choicewp.joeyai.app\/c3\/"]}]},{"@type":"ImageObject","inLanguage":"fr-FR","@id":"https:\/\/choicewp.joeyai.app\/c3\/#primaryimage","url":"https:\/\/choicewp.joeyai.app\/wp-content\/uploads\/2020\/11\/Developments-West-Block-1.png","contentUrl":"https:\/\/choicewp.joeyai.app\/wp-content\/uploads\/2020\/11\/Developments-West-Block-1.png","width":1775,"height":749,"caption":"Developments - West Block (1)"},{"@type":"BreadcrumbList","@id":"https:\/\/choicewp.joeyai.app\/c3\/#breadcrumb","itemListElement":[{"@type":"ListItem","position":1,"name":"Home","item":"https:\/\/choicewp.joeyai.app\/fr\/"},{"@type":"ListItem","position":2,"name":"Connexion Client de Choix"}]},{"@type":"WebSite","@id":"https:\/\/choicewp.joeyai.app\/#website","url":"https:\/\/choicewp.joeyai.app\/","name":"Choice Properties","description":"Places People Thrive","publisher":{"@id":"https:\/\/choicewp.joeyai.app\/#organization"},"potentialAction":[{"@type":"SearchAction","target":{"@type":"EntryPoint","urlTemplate":"https:\/\/choicewp.joeyai.app\/?s={search_term_string}"},"query-input":{"@type":"PropertyValueSpecification","valueRequired":true,"valueName":"search_term_string"}}],"inLanguage":"fr-FR"},{"@type":"Organization","@id":"https:\/\/choicewp.joeyai.app\/#organization","name":"Choice Properties","url":"https:\/\/choicewp.joeyai.app\/","logo":{"@type":"ImageObject","inLanguage":"fr-FR","@id":"https:\/\/choicewp.joeyai.app\/#\/schema\/logo\/image\/","url":"https:\/\/choicewp.joeyai.app\/wp-content\/uploads\/2021\/03\/cropped-Choice-Properties-Image-Primary-Red-Grey-1.png","contentUrl":"https:\/\/choicewp.joeyai.app\/wp-content\/uploads\/2021\/03\/cropped-Choice-Properties-Image-Primary-Red-Grey-1.png","width":4143,"height":785,"caption":"Choice Properties"},"image":{"@id":"https:\/\/choicewp.joeyai.app\/#\/schema\/logo\/image\/"},"sameAs":["https:\/\/www.instagram.com\/choicereit\/","https:\/\/www.linkedin.com\/company\/choicereit\/"]}]}},"_links":{"self":[{"href":"https:\/\/choicewp.joeyai.app\/fr\/wp-json\/wp\/v2\/pages\/7131","targetHints":{"allow":["GET"]}}],"collection":[{"href":"https:\/\/choicewp.joeyai.app\/fr\/wp-json\/wp\/v2\/pages"}],"about":[{"href":"https:\/\/choicewp.joeyai.app\/fr\/wp-json\/wp\/v2\/types\/page"}],"author":[{"embeddable":true,"href":"https:\/\/choicewp.joeyai.app\/fr\/wp-json\/wp\/v2\/users\/3"}],"replies":[{"embeddable":true,"href":"https:\/\/choicewp.joeyai.app\/fr\/wp-json\/wp\/v2\/comments?post=7131"}],"version-history":[{"count":5,"href":"https:\/\/choicewp.joeyai.app\/fr\/wp-json\/wp\/v2\/pages\/7131\/revisions"}],"predecessor-version":[{"id":14231,"href":"https:\/\/choicewp.joeyai.app\/fr\/wp-json\/wp\/v2\/pages\/7131\/revisions\/14231"}],"wp:featuredmedia":[{"embeddable":true,"href":"https:\/\/choicewp.joeyai.app\/fr\/wp-json\/wp\/v2\/media\/6561"}],"wp:attachment":[{"href":"https:\/\/choicewp.joeyai.app\/fr\/wp-json\/wp\/v2\/media?parent=7131"}],"curies":[{"name":"wp","href":"https:\/\/api.w.org\/{rel}","templated":true}]}}