{"id":7997,"date":"2021-05-27T19:11:23","date_gmt":"2021-05-27T23:11:23","guid":{"rendered":"https:\/\/choicewp.joeyai.app\/diversity-equity-inclusion\/"},"modified":"2025-08-26T14:29:07","modified_gmt":"2025-08-26T18:29:07","slug":"diversity-equity-inclusion-fr","status":"publish","type":"page","link":"https:\/\/choicewp.joeyai.app\/fr\/diversity-equity-inclusion-fr\/","title":{"rendered":"Diversit\u00e9, \u00e9quit\u00e9 et inclusion"},"content":{"rendered":"\n        \t\t<div class=\"component-container block--light\">\n\t\t\t<div  class=\"container\">\n\t\t\t\t<div  class=\"page-strip page-strip--background animated-element\" data-animate=\"opacity-in\">\n\t\t\t\t\t<div class=\"page-strip__background-image parallax\" style=\"background-image: url(https:\/\/choicewp.joeyai.app\/wp-content\/uploads\/2021\/04\/Careers-Employee-Testimonials-scaled.jpg)\"><\/div>\n\t\t\t\t\t<div class=\"page-strip__overlay\" style=\"background-image: linear-gradient(rgba(0, 0, 0, 0.6), rgba(0, 0, 0, 0.6));\"><\/div>\n\t\t\t\t\t<div class=\"row centered\">\n\t\t\t\t\t\t\t<div class=\"col-sm-12 col-md-10 col-lg-8 col-xl-7\">\n\t\t\t\t\t\t\t\t\n\t\t\t\t\t\t\t\t\n\t\t\t\t\t\t\t\t<div class=\"page-strip__innerblock animated-element\" data-animate=\"slide-in\">\n\t\t\t\t\t\t\t\t\t\n\t\t\t\t\t\t\t<div class=\"text-left\">\n\t\t\t\t\t\n<p>Nos programmes DEI internes, ax\u00e9s sur l&#8217;avancement de carri\u00e8re et la formation \u00e0 la sensibilisation culturelle, nous permettent de mieux servir et de mieux communiquer avec nos divers clients et parties prenantes.<\/p>\n\t\t\t\t<\/div>\n\t\t\t\t\t\t\n\n\n<div class=\"wp-block-button is-style-fill--accent cpr-button\"><a class=\"wp-block-button__link wp-element-button\" href=\"https:\/\/choicewp.joeyai.app\/fr\/sustainability-fr\/\">Apprenez-en davantage sur notre parcours DEI dans notre rapport de d\u00e9veloppement durable<svg class=\"icon-for-button\"><use xlink:href=\"#icon-arrow\"><\/use><\/svg><\/a><\/div>\n\n\t\t\t\t\t\t\t\t<\/div>\n\t\t\t\t\t\t\t<\/div>\n\t\t\t\t\t<\/div>\n\t\t\t\t<\/div>\n\t\t\t<\/div>\n\t\t<\/div>\n\t\t\n        \t\t<div  class=\"column-content-container__container component-container block--light\">\n\t\t\t<div class=\"container container--stacked\">\n\t\t\t\t<div class=\"column-container column-container--image-landscape column-container--heading-primary\">\n\n\t\t\t\t\t<div class=\"row\">\n\t\t\t\t\t\t<div class=\"col-xxs-12\">\n\t\t\t\t\t\t\t\t\t\t\t\t\t\t<h2 class=\"text-center heading-two animated-element\" data-animate=\"slide-in\"><span class=\"has-accent-color\">Deux domaines d&#8217;intervention<\/span><\/h2>\n\t\t\t\t\t\t\t\t\t\t\t\t\t<\/div>\n\t\t\t\t\t<\/div>\n\n\t\t\t\t\t<div class=\"scroll-container__columns\">\n\t\t\t\t\t\t<div class=\"row row--stacked\">\n\t\t\t\t\t\t\t\t\t<div class=\"col-xxs-12 col-md-6 col-xl-4\">\n\t\t\t\t\n\t\t\t\t<div class=\"column-content\">\n\t\t\t\t\t<div class=\"column-content__image-container animated-element\" data-animate=\"opacity-in\">\n\t\t\t\t\t\t<div class=\"column-content__image\" style=\"background-image: url(https:\/\/choicewp.joeyai.app\/wp-content\/uploads\/2021\/10\/102258669_xl.jpg)\"><\/div> <!-- end image -->\n\t\t\t\t\t<\/div>\n\t\t\t\t\t<div class=\"column-content__text animated-element\" data-animate=\"opacity-in\">\n\t\t\t\t\t\t\t\t\t\t\t\t\t<h3 class=\"heading-four\">\n\t\t\t\t\t\t\t\t\t\t\t\t\t\t\t\t\t<span class=\"has-accent-color\">Recrutement, avancement et conduite<\/span>\t\t\t\t\t\t\t\t\t\t\t\t\t\t\t<\/h3>\n\t\t\t\t\t\t\t\t\t\t\t\t                \t\t\t\t\t\t\t\t\t\t<div class=\"text-left\">\n\t\t\t\t\t\n<p>Nous nous engageons \u00e0 constituer et \u00e0 pr\u00e9server une main-d\u2019\u0153uvre diversifi\u00e9e et \u00e0 assurer l\u2019\u00e9quit\u00e9 en mati\u00e8re d\u2019avancement et de r\u00e9mun\u00e9ration \u00e0 tous les niveaux. Nous fixons des objectifs de diversit\u00e9 et d\u00e9veloppons et r\u00e9glementons des politiques pour permettre \u00e0 tous nos coll\u00e8gues de r\u00e9ussir.<br><br>Il est de la responsabilit\u00e9 de notre \u00e9quipe de direction de rester inform\u00e9e des d\u00e9fis li\u00e9s \u00e0 la diversit\u00e9, \u00e0 l\u2019\u00e9quit\u00e9 et \u00e0 l\u2019inclusion, ainsi que d\u2019identifier et d\u2019\u00e9liminer de mani\u00e8re proactive les obstacles au sein de notre organisation.<\/p>\n\t\t\t\t<\/div>\n\t\t\t\t\t\t\t\t\t\t\t\t\t\t\t\t\t\t\t\t\t\t\t<\/div>\n\t\t\t\t<\/div> <!-- end column-content -->\n\t\t\t\t\t\t\t<\/div> <!-- end col -->\n\n        \t\t\t<div class=\"col-xxs-12 col-md-6 col-xl-4\">\n\t\t\t\t\n\t\t\t\t<div class=\"column-content\">\n\t\t\t\t\t<div class=\"column-content__image-container animated-element\" data-animate=\"opacity-in\">\n\t\t\t\t\t\t<div class=\"column-content__image\" style=\"background-image: url(https:\/\/choicewp.joeyai.app\/wp-content\/uploads\/2023\/11\/20221213-152818-ChoiceREIT-Facetime-AndrewWilliamson-9734-1-1024x683.jpg)\"><\/div> <!-- end image -->\n\t\t\t\t\t<\/div>\n\t\t\t\t\t<div class=\"column-content__text animated-element\" data-animate=\"opacity-in\">\n\t\t\t\t\t\t\t\t\t\t\t\t\t<h3 class=\"heading-four\">\n\t\t\t\t\t\t\t\t\t\t\t\t\t\t\t\t\t<span class=\"has-accent-color\">\u00c9ducation et culture<\/span>\t\t\t\t\t\t\t\t\t\t\t\t\t\t\t<\/h3>\n\t\t\t\t\t\t\t\t\t\t\t\t                \t\t\t\t\t\t\t\t\t\t<div class=\"text-left\">\n\t\t\t\t\t\n<p>Nous encourageons l&#8217;\u00e9change d&#8217;exp\u00e9riences v\u00e9cues entre nos coll\u00e8gues afin de remettre en question nos pr\u00e9jug\u00e9s individuels, de reconna\u00eetre nos propres privil\u00e8ges, de d\u00e9velopper l&#8217;empathie les uns envers les autres, de promouvoir l&#8217;inclusion et l&#8217;authenticit\u00e9 et de favoriser des relations significatives.<br><br>Nous faisons progresser ce pilier en faisant appel \u00e0 des conf\u00e9renciers principaux, en organisant des tables rondes internes, en c\u00e9l\u00e9brant divers \u00e9v\u00e9nements et en partageant du mat\u00e9riel p\u00e9dagogique.<\/p>\n\t\t\t\t<\/div>\n\t\t\t\t\t\t\t\t\t\t\t\t\t\t\t\t\t\t\t\t\t\t\t<\/div>\n\t\t\t\t<\/div> <!-- end column-content -->\n\t\t\t\t\t\t\t<\/div> <!-- end col -->\n\n        \t\t\t\t\t\t<\/div>\n\t\t\t\t\t<\/div>\n          \t\t\t\t<\/div>\n\t\t\t<\/div>\n\t\t<\/div>\n        \t\t<div  class=\"column-content-container__container component-container block--dark\">\n\t\t\t<div class=\"container container--stacked\">\n\t\t\t\t<div class=\"column-container column-container--image-landscape column-container--heading-secondary\">\n\n\t\t\t\t\t<div class=\"row\">\n\t\t\t\t\t\t<div class=\"col-xxs-12\">\n\t\t\t\t\t\t\t\t\t\t\t\t\t\t<h2 class=\"text-left heading-two animated-element\" data-animate=\"slide-in\"><span class=\"has-accent-color\">Favoriser la croissance, promouvoir la diversit\u00e9, cr\u00e9er des environnements inclusifs<\/span><\/h2>\n\t\t\t\t\t\t\t\t\t\t\t\t\t<\/div>\n\t\t\t\t\t<\/div>\n\n\t\t\t\t\t<div class=\"scroll-container__columns\">\n\t\t\t\t\t\t<div class=\"row row--stacked\">\n\t\t\t\t\t\t\t\t\t<div class=\"col-xxs-12 col-md-6 col-xl-4\">\n\t\t\t\t\n\t\t\t\t<div class=\"column-content\">\n\t\t\t\t\t<div class=\"column-content__image-container animated-element\" data-animate=\"opacity-in\">\n\t\t\t\t\t\t<div class=\"column-content__image\" style=\"background-image: url(https:\/\/choicewp.joeyai.app\/wp-content\/uploads\/2025\/08\/Women-Lead-Here-2024-scaled.png)\"><\/div> <!-- end image -->\n\t\t\t\t\t<\/div>\n\t\t\t\t\t<div class=\"column-content__text animated-element\" data-animate=\"opacity-in\">\n\t\t\t\t\t\t\t\t\t\t\t\t\t<h3 class=\"heading-four\">\n\t\t\t\t\t\t\t\t\t\t\t\t\t\t\t\t\t<strong class=\"has-accent-color\">Les femmes m\u00e8nent ici<\/strong>\n\t\t\t\t\t\t\t\t\t\t\t\t\t\t\t<\/h3>\n\t\t\t\t\t\t\t\t\t\t\t\t                \t\t\t\t\t\t\t\t\t\t<div class=\"text-left\">\n\t\t\t\t\t\n<p>Propri\u00e9t\u00e9s de Choix continue de figurer sur la liste annuelle Women Lead Here du magazine Report on Business du Globe and Mail. Cette r\u00e9f\u00e9rence annuelle identifie les plus grandes entreprises canadiennes pr\u00e9sentant le plus haut degr\u00e9 de diversit\u00e9 des genres et de parit\u00e9 parmi les dirigeants. Nous sommes fiers d&#8217;avoir atteint plus de 50 % de repr\u00e9sentation f\u00e9minine au niveau de vice-pr\u00e9sident et au-dessus.<\/p>\n\t\t\t\t<\/div>\n\t\t\t\t\t\t\t\t\t\t\t\t\t\t\t\t\t\t\t\t\t\t\t<\/div>\n\t\t\t\t<\/div> <!-- end column-content -->\n\t\t\t\t\t\t\t<\/div> <!-- end col -->\n\n        \t\t\t<div class=\"col-xxs-12 col-md-6 col-xl-4\">\n\t\t\t\t\n\t\t\t\t<div class=\"column-content\">\n\t\t\t\t\t<div class=\"column-content__image-container animated-element\" data-animate=\"opacity-in\">\n\t\t\t\t\t\t<div class=\"column-content__image\" style=\"background-image: url(https:\/\/choicewp.joeyai.app\/wp-content\/uploads\/2024\/02\/216904013_m_normal_none-1024x683.jpg)\"><\/div> <!-- end image -->\n\t\t\t\t\t<\/div>\n\t\t\t\t\t<div class=\"column-content__text animated-element\" data-animate=\"opacity-in\">\n\t\t\t\t\t\t\t\t\t\t\t\t\t<h3 class=\"heading-four\">\n\t\t\t\t\t\t\t\t\t\t\t\t\t\t\t\t\t<strong class=\"has-accent-color\">Conseil de l&#8217;industrie de Homeward Bound<\/strong>\n\t\t\t\t\t\t\t\t\t\t\t\t\t\t\t<\/h3>\n\t\t\t\t\t\t\t\t\t\t\t\t                \t\t\t\t\t\t\t\t\t                \t\t\t\t\t\t\t\t\t\t<div class=\"text-left\">\n\t\t\t\t\t\n<p>Depuis 2022, Propri\u00e9t\u00e9s de Choix est un membre actif du conseil de l&#8217;industrie de Homeward Bound. Le programme Homeward Bound, propos\u00e9 par WoodGreen Community Services, aide les m\u00e8res c\u00e9libataires sans abri ou mal log\u00e9es \u00e0 obtenir des dipl\u00f4mes universitaires, \u00e0 d\u00e9marrer une carri\u00e8re et \u00e0 atteindre la stabilit\u00e9 financi\u00e8re et l&#8217;ind\u00e9pendance. En tant que membre du Conseil, Propri\u00e9t\u00e9s de Choix embauche des candidats du programme et propose des s\u00e9ances de formation pour pr\u00e9senter aux participants du programme le large \u00e9ventail de possibilit\u00e9s d&#8217;emploi disponibles dans le secteur immobilier.<\/p>\n\t\t\t\t<\/div>\n\t\t\t\t\t\t\t\t\t\t\t\t\t\t\t\t\t\t\t\t\t\t\t<\/div>\n\t\t\t\t<\/div> <!-- end column-content -->\n\t\t\t\t\t\t\t<\/div> <!-- end col -->\n\n        \t\t\t<div class=\"col-xxs-12 col-md-6 col-xl-4\">\n\t\t\t\t\n\t\t\t\t<div class=\"column-content\">\n\t\t\t\t\t<div class=\"column-content__image-container animated-element\" data-animate=\"opacity-in\">\n\t\t\t\t\t\t<div class=\"column-content__image\" style=\"background-image: url(https:\/\/choicewp.joeyai.app\/wp-content\/uploads\/2025\/08\/DSCF8528-1024x683.jpg)\"><\/div> <!-- end image -->\n\t\t\t\t\t<\/div>\n\t\t\t\t\t<div class=\"column-content__text animated-element\" data-animate=\"opacity-in\">\n\t\t\t\t\t\t\t\t\t\t\t\t\t<h3 class=\"heading-four\">\n\t\t\t\t\t\t\t\t\t\t\t\t\t\t\t\t\t<strong class=\"has-accent-color\">Partenariats avec le CCDI et PAWC<\/strong>\n\t\t\t\t\t\t\t\t\t\t\t\t\t\t\t<\/h3>\n\t\t\t\t\t\t\t\t\t\t\t\t                \t\t\t\t\t\t\t\t\t\t<div class=\"text-left\">\n\t\t\t\t\t\n<p>Propri\u00e9t\u00e9s de Choix est fi\u00e8re d&#8217;\u00eatre un partenaire communautaire du Canadian Centre for Diversity &amp; Inclusion (CCDI) et de Pride at Work Canada (PAWC), car ces deux organisations sensibilisent, d\u00e9fendent les droits et garantissent des espaces s\u00fbrs et accueillants pour tous.<\/p>\n\t\t\t\t<\/div>\n\t\t\t\t\t\t\t\t\t\t\t\t\t\t\t\t\t\t\t\t\t\t\t<\/div>\n\t\t\t\t<\/div> <!-- end column-content -->\n\t\t\t\t\t\t\t<\/div> <!-- end col -->\n\n        \t\t\t\t\t\t<\/div>\n\t\t\t\t\t<\/div>\n          \t\t\t\t<\/div>\n\t\t\t<\/div>\n\t\t<\/div>\n        \n\t\t<div class=\"container page-strip__container component-container block--light\">\n\t\t\t<div class=\"page-strip is-accent-color accent-color-override accent-color-red\">\n\t\t\t\t<div class=\"row centered\">\n\n\t\t\t\t\t<div class=\"col-sm-12 col-md-10 col-lg-8 col-xl-7\">\n\t\t\t\t\t\t\n\t\t\t\t\t\t\t\t\t\t\t\t\t<h2 class=\"heading-two heading--dark\">Postes \u00e0 pourvoir<\/h2>\n\t\t\t\t\t\t\n\t\t\t\t\t\t<div class=\"page-strip__innerblocks\">\n\t\t\t\t\t\t\t\n\t\t\t\t\t\t\t<div class=\"text-left\">\n\t\t\t\t\t\n<p>Vous souhaitez d\u00e9velopper vos comp\u00e9tences avec nous?<\/p>\n\t\t\t\t<\/div>\n\t\t\t\t\t\t\n\n\n<div class=\"wp-block-button is-style-outline--accent cpr-button\"><a class=\"wp-block-button__link wp-element-button\" href=\"https:\/\/myview.wd3.myworkdayjobs.com\/Choice_Properties_REIT\">Voir toutes les offres d\u2019emploi<svg class=\"icon-for-button\"><use xlink:href=\"#icon-search\"><\/use><\/svg><\/a><\/div>\n\n\t\t\t\t\t\t<\/div>\n\t\t\t\t\t<\/div>\n\n\t\t\t\t<\/div>\n\t\t\t<\/div>\n\t\t<\/div>\n\n        ","protected":false},"excerpt":{"rendered":"<p>Propri\u00e9t\u00e9s de Choix s&#8217;engage depuis longtemps \u00e0 faire progresser la diversit\u00e9, l&#8217;\u00e9quit\u00e9 et l&#8217;inclusion \u00e0 tous les niveaux de notre organisation. Nous pensons qu\u2019une valeur durable est cr\u00e9\u00e9e en recrutant et en fid\u00e9lisant des personnes poss\u00e9dant des exp\u00e9riences, des talents et des perspectives vari\u00e9s. Notre culture inclusive favorise une plus grande cr\u00e9ativit\u00e9, innovation et collaboration, faisant de Propri\u00e9t\u00e9s de Choix un excellent lieu de travail.<\/p>\n","protected":false},"author":3,"featured_media":11775,"parent":0,"menu_order":0,"comment_status":"closed","ping_status":"closed","template":"","meta":{"accent-color-admin":"accent-color-purple","header_style":"rounded","accent-color":"accent-color-purple","header_eyebrow":"","header_center":"","header_excerpt":"","header_title":"Diversit\u00e9, \u00e9quit\u00e9 et inclusion","header_button_text":"","header_button_link":"","header_button_icon":"","first_item_spacing":"","news_release_detail":"","footnotes":""},"class_list":["post-7997","page","type-page","status-publish","has-post-thumbnail","hentry"],"yoast_head":"<!-- This site is optimized with the Yoast SEO plugin v24.9 - https:\/\/yoast.com\/wordpress\/plugins\/seo\/ -->\r\n<title>Diversit\u00e9, \u00e9quit\u00e9 et inclusion - Choice Properties<\/title>\r\n<meta name=\"robots\" content=\"noindex, follow, max-snippet:-1, max-image-preview:large, max-video-preview:-1\" \/>\r\n<meta property=\"og:locale\" content=\"fr_FR\" \/>\r\n<meta property=\"og:type\" content=\"article\" \/>\r\n<meta property=\"og:title\" content=\"Diversit\u00e9, \u00e9quit\u00e9 et inclusion - Choice Properties\" \/>\r\n<meta property=\"og:description\" content=\"Propri\u00e9t\u00e9s de Choix s&#039;engage depuis longtemps \u00e0 faire progresser la diversit\u00e9, l&#039;\u00e9quit\u00e9 et l&#039;inclusion \u00e0 tous les niveaux de notre organisation. Nous pensons qu\u2019une valeur durable est cr\u00e9\u00e9e en recrutant et en fid\u00e9lisant des personnes poss\u00e9dant des exp\u00e9riences, des talents et des perspectives vari\u00e9s. Notre culture inclusive favorise une plus grande cr\u00e9ativit\u00e9, innovation et collaboration, faisant de Propri\u00e9t\u00e9s de Choix un excellent lieu de travail.\" \/>\r\n<meta property=\"og:url\" content=\"https:\/\/choicewp.joeyai.app\/diversity-equity-inclusion\/\" \/>\r\n<meta property=\"og:site_name\" content=\"Choice Properties\" \/>\r\n<meta property=\"article:modified_time\" content=\"2025-08-26T18:29:07+00:00\" \/>\r\n<meta property=\"og:image\" content=\"https:\/\/choicewp.joeyai.app\/wp-content\/uploads\/2024\/01\/211010488_l-1-scaled.jpg\" \/>\r\n\t<meta property=\"og:image:width\" content=\"2560\" \/>\r\n\t<meta property=\"og:image:height\" content=\"1987\" \/>\r\n\t<meta property=\"og:image:type\" content=\"image\/jpeg\" \/>\r\n<meta name=\"twitter:card\" content=\"summary_large_image\" \/>\r\n<meta name=\"twitter:label1\" content=\"Est. reading time\" \/>\n\t<meta name=\"twitter:data1\" content=\"2 minutes\" \/>\r\n<script type=\"application\/ld+json\" class=\"yoast-schema-graph\">{\"@context\":\"https:\/\/schema.org\",\"@graph\":[{\"@type\":\"WebPage\",\"@id\":\"https:\/\/choicewp.joeyai.app\/diversity-equity-inclusion\/\",\"url\":\"https:\/\/choicewp.joeyai.app\/diversity-equity-inclusion\/\",\"name\":\"Diversit\u00e9, \u00e9quit\u00e9 et inclusion - Choice Properties\",\"isPartOf\":{\"@id\":\"https:\/\/choicewp.joeyai.app\/#website\"},\"primaryImageOfPage\":{\"@id\":\"https:\/\/choicewp.joeyai.app\/diversity-equity-inclusion\/#primaryimage\"},\"image\":{\"@id\":\"https:\/\/choicewp.joeyai.app\/diversity-equity-inclusion\/#primaryimage\"},\"thumbnailUrl\":\"https:\/\/choicewp.joeyai.app\/wp-content\/uploads\/2024\/01\/211010488_l-1-scaled.jpg\",\"datePublished\":\"2021-05-27T23:11:23+00:00\",\"dateModified\":\"2025-08-26T18:29:07+00:00\",\"breadcrumb\":{\"@id\":\"https:\/\/choicewp.joeyai.app\/diversity-equity-inclusion\/#breadcrumb\"},\"inLanguage\":\"fr-FR\",\"potentialAction\":[{\"@type\":\"ReadAction\",\"target\":[\"https:\/\/choicewp.joeyai.app\/diversity-equity-inclusion\/\"]}]},{\"@type\":\"ImageObject\",\"inLanguage\":\"fr-FR\",\"@id\":\"https:\/\/choicewp.joeyai.app\/diversity-equity-inclusion\/#primaryimage\",\"url\":\"https:\/\/choicewp.joeyai.app\/wp-content\/uploads\/2024\/01\/211010488_l-1-scaled.jpg\",\"contentUrl\":\"https:\/\/choicewp.joeyai.app\/wp-content\/uploads\/2024\/01\/211010488_l-1-scaled.jpg\",\"width\":2560,\"height\":1987,\"caption\":\"Video call, networking and business people with laptop in office for teamwork, design or collaboration. Online meeting, discussion and team in virtual conference for financial, budget or feedback.\"},{\"@type\":\"BreadcrumbList\",\"@id\":\"https:\/\/choicewp.joeyai.app\/diversity-equity-inclusion\/#breadcrumb\",\"itemListElement\":[{\"@type\":\"ListItem\",\"position\":1,\"name\":\"Home\",\"item\":\"https:\/\/choicewp.joeyai.app\/fr\/\"},{\"@type\":\"ListItem\",\"position\":2,\"name\":\"Diversit\u00e9, \u00e9quit\u00e9 et inclusion\"}]},{\"@type\":\"WebSite\",\"@id\":\"https:\/\/choicewp.joeyai.app\/#website\",\"url\":\"https:\/\/choicewp.joeyai.app\/\",\"name\":\"Choice Properties\",\"description\":\"Places People Thrive\",\"publisher\":{\"@id\":\"https:\/\/choicewp.joeyai.app\/#organization\"},\"potentialAction\":[{\"@type\":\"SearchAction\",\"target\":{\"@type\":\"EntryPoint\",\"urlTemplate\":\"https:\/\/choicewp.joeyai.app\/?s={search_term_string}\"},\"query-input\":{\"@type\":\"PropertyValueSpecification\",\"valueRequired\":true,\"valueName\":\"search_term_string\"}}],\"inLanguage\":\"fr-FR\"},{\"@type\":\"Organization\",\"@id\":\"https:\/\/choicewp.joeyai.app\/#organization\",\"name\":\"Choice Properties\",\"url\":\"https:\/\/choicewp.joeyai.app\/\",\"logo\":{\"@type\":\"ImageObject\",\"inLanguage\":\"fr-FR\",\"@id\":\"https:\/\/choicewp.joeyai.app\/#\/schema\/logo\/image\/\",\"url\":\"https:\/\/choicewp.joeyai.app\/wp-content\/uploads\/2021\/03\/cropped-Choice-Properties-Image-Primary-Red-Grey-1.png\",\"contentUrl\":\"https:\/\/choicewp.joeyai.app\/wp-content\/uploads\/2021\/03\/cropped-Choice-Properties-Image-Primary-Red-Grey-1.png\",\"width\":4143,\"height\":785,\"caption\":\"Choice Properties\"},\"image\":{\"@id\":\"https:\/\/choicewp.joeyai.app\/#\/schema\/logo\/image\/\"},\"sameAs\":[\"https:\/\/www.instagram.com\/choicereit\/\",\"https:\/\/www.linkedin.com\/company\/choicereit\/\"]}]}<\/script>\r\n<!-- \/ Yoast SEO plugin. -->","yoast_head_json":{"title":"Diversit\u00e9, \u00e9quit\u00e9 et inclusion - Choice Properties","robots":{"index":"noindex","follow":"follow","max-snippet":"max-snippet:-1","max-image-preview":"max-image-preview:large","max-video-preview":"max-video-preview:-1"},"og_locale":"fr_FR","og_type":"article","og_title":"Diversit\u00e9, \u00e9quit\u00e9 et inclusion - Choice Properties","og_description":"Propri\u00e9t\u00e9s de Choix s'engage depuis longtemps \u00e0 faire progresser la diversit\u00e9, l'\u00e9quit\u00e9 et l'inclusion \u00e0 tous les niveaux de notre organisation. Nous pensons qu\u2019une valeur durable est cr\u00e9\u00e9e en recrutant et en fid\u00e9lisant des personnes poss\u00e9dant des exp\u00e9riences, des talents et des perspectives vari\u00e9s. Notre culture inclusive favorise une plus grande cr\u00e9ativit\u00e9, innovation et collaboration, faisant de Propri\u00e9t\u00e9s de Choix un excellent lieu de travail.","og_url":"https:\/\/choicewp.joeyai.app\/diversity-equity-inclusion\/","og_site_name":"Choice Properties","article_modified_time":"2025-08-26T18:29:07+00:00","og_image":[{"width":2560,"height":1987,"url":"https:\/\/choicewp.joeyai.app\/wp-content\/uploads\/2024\/01\/211010488_l-1-scaled.jpg","type":"image\/jpeg"}],"twitter_card":"summary_large_image","twitter_misc":{"Est. reading time":"2 minutes"},"schema":{"@context":"https:\/\/schema.org","@graph":[{"@type":"WebPage","@id":"https:\/\/choicewp.joeyai.app\/diversity-equity-inclusion\/","url":"https:\/\/choicewp.joeyai.app\/diversity-equity-inclusion\/","name":"Diversit\u00e9, \u00e9quit\u00e9 et inclusion - Choice Properties","isPartOf":{"@id":"https:\/\/choicewp.joeyai.app\/#website"},"primaryImageOfPage":{"@id":"https:\/\/choicewp.joeyai.app\/diversity-equity-inclusion\/#primaryimage"},"image":{"@id":"https:\/\/choicewp.joeyai.app\/diversity-equity-inclusion\/#primaryimage"},"thumbnailUrl":"https:\/\/choicewp.joeyai.app\/wp-content\/uploads\/2024\/01\/211010488_l-1-scaled.jpg","datePublished":"2021-05-27T23:11:23+00:00","dateModified":"2025-08-26T18:29:07+00:00","breadcrumb":{"@id":"https:\/\/choicewp.joeyai.app\/diversity-equity-inclusion\/#breadcrumb"},"inLanguage":"fr-FR","potentialAction":[{"@type":"ReadAction","target":["https:\/\/choicewp.joeyai.app\/diversity-equity-inclusion\/"]}]},{"@type":"ImageObject","inLanguage":"fr-FR","@id":"https:\/\/choicewp.joeyai.app\/diversity-equity-inclusion\/#primaryimage","url":"https:\/\/choicewp.joeyai.app\/wp-content\/uploads\/2024\/01\/211010488_l-1-scaled.jpg","contentUrl":"https:\/\/choicewp.joeyai.app\/wp-content\/uploads\/2024\/01\/211010488_l-1-scaled.jpg","width":2560,"height":1987,"caption":"Video call, networking and business people with laptop in office for teamwork, design or collaboration. Online meeting, discussion and team in virtual conference for financial, budget or feedback."},{"@type":"BreadcrumbList","@id":"https:\/\/choicewp.joeyai.app\/diversity-equity-inclusion\/#breadcrumb","itemListElement":[{"@type":"ListItem","position":1,"name":"Home","item":"https:\/\/choicewp.joeyai.app\/fr\/"},{"@type":"ListItem","position":2,"name":"Diversit\u00e9, \u00e9quit\u00e9 et inclusion"}]},{"@type":"WebSite","@id":"https:\/\/choicewp.joeyai.app\/#website","url":"https:\/\/choicewp.joeyai.app\/","name":"Choice Properties","description":"Places People Thrive","publisher":{"@id":"https:\/\/choicewp.joeyai.app\/#organization"},"potentialAction":[{"@type":"SearchAction","target":{"@type":"EntryPoint","urlTemplate":"https:\/\/choicewp.joeyai.app\/?s={search_term_string}"},"query-input":{"@type":"PropertyValueSpecification","valueRequired":true,"valueName":"search_term_string"}}],"inLanguage":"fr-FR"},{"@type":"Organization","@id":"https:\/\/choicewp.joeyai.app\/#organization","name":"Choice Properties","url":"https:\/\/choicewp.joeyai.app\/","logo":{"@type":"ImageObject","inLanguage":"fr-FR","@id":"https:\/\/choicewp.joeyai.app\/#\/schema\/logo\/image\/","url":"https:\/\/choicewp.joeyai.app\/wp-content\/uploads\/2021\/03\/cropped-Choice-Properties-Image-Primary-Red-Grey-1.png","contentUrl":"https:\/\/choicewp.joeyai.app\/wp-content\/uploads\/2021\/03\/cropped-Choice-Properties-Image-Primary-Red-Grey-1.png","width":4143,"height":785,"caption":"Choice Properties"},"image":{"@id":"https:\/\/choicewp.joeyai.app\/#\/schema\/logo\/image\/"},"sameAs":["https:\/\/www.instagram.com\/choicereit\/","https:\/\/www.linkedin.com\/company\/choicereit\/"]}]}},"_links":{"self":[{"href":"https:\/\/choicewp.joeyai.app\/fr\/wp-json\/wp\/v2\/pages\/7997","targetHints":{"allow":["GET"]}}],"collection":[{"href":"https:\/\/choicewp.joeyai.app\/fr\/wp-json\/wp\/v2\/pages"}],"about":[{"href":"https:\/\/choicewp.joeyai.app\/fr\/wp-json\/wp\/v2\/types\/page"}],"author":[{"embeddable":true,"href":"https:\/\/choicewp.joeyai.app\/fr\/wp-json\/wp\/v2\/users\/3"}],"replies":[{"embeddable":true,"href":"https:\/\/choicewp.joeyai.app\/fr\/wp-json\/wp\/v2\/comments?post=7997"}],"version-history":[{"count":16,"href":"https:\/\/choicewp.joeyai.app\/fr\/wp-json\/wp\/v2\/pages\/7997\/revisions"}],"predecessor-version":[{"id":16695,"href":"https:\/\/choicewp.joeyai.app\/fr\/wp-json\/wp\/v2\/pages\/7997\/revisions\/16695"}],"wp:featuredmedia":[{"embeddable":true,"href":"https:\/\/choicewp.joeyai.app\/fr\/wp-json\/wp\/v2\/media\/11775"}],"wp:attachment":[{"href":"https:\/\/choicewp.joeyai.app\/fr\/wp-json\/wp\/v2\/media?parent=7997"}],"curies":[{"name":"wp","href":"https:\/\/api.w.org\/{rel}","templated":true}]}}